{"id":2965,"date":"2026-03-27T12:19:00","date_gmt":"2026-03-27T11:19:00","guid":{"rendered":"https:\/\/info-n.com\/?post_type=product&#038;p=2965"},"modified":"2026-04-16T10:16:29","modified_gmt":"2026-04-16T09:16:29","slug":"support-de-telephone-universel-pour-velo-moto","status":"publish","type":"product","link":"https:\/\/info-n.com\/tn\/shop\/support-de-telephone-universel-pour-velo-moto\/","title":{"rendered":"Support de T\u00e9l\u00e9phone Universel pour V\u00e9lo &#038; Moto"},"content":{"rendered":"<p>Support de T\u00e9l\u00e9phone Universel pour V\u00e9lo &amp; Moto &#8211; Mat\u00e9riaux : ABS et silicone extensible &#8211; Rotation : Articulation 360\u00b0 &#8211; Compatibilit\u00e9 : \u00c9crans de 4 \u00e0 6 pouces &#8211; Stabilit\u00e9 : Coins englob\u00e9s et base antid\u00e9rapante &#8211; Dimensions : 13,5 x 6,5 x 4,5 cm<\/p>\n","protected":false},"excerpt":{"rendered":"<p>Support de T\u00e9l\u00e9phone Universel pour V\u00e9lo &amp; Moto &#8211; Une articulation rotative \u00e0 360 degr\u00e9s vous permet de r\u00e9gler la position de votre smartphone en fonction de vos besoins, et le silicone s&rsquo;\u00e9tire pour accueillir les t\u00e9l\u00e9phones de 4 \u00e0 6 pouces.<\/p>\n","protected":false},"featured_media":3015,"template":"","meta":[],"product_brand":[],"product_cat":[724],"product_tag":[449,1825,595,598,599,605,613,615,617,634,1909,654,665,1826],"class_list":{"0":"post-2965","1":"product","2":"type-product","3":"status-publish","4":"has-post-thumbnail","6":"product_cat-support-smartphone","7":"product_tag-moto","8":"product_tag-phone-holder","9":"product_tag-support","10":"product_tag-support-de-telephone","11":"product_tag-support-de-telephone-universel","12":"product_tag-support-motor","13":"product_tag-support-smartphone","14":"product_tag-support-telephone","15":"product_tag-support-velo","16":"product_tag-telephone","17":"product_tag-tunisie","18":"product_tag-universel","19":"product_tag-velo","20":"product_tag-1826","22":"first","23":"instock","24":"sale","25":"taxable","26":"shipping-taxable","27":"purchasable","28":"product-type-simple"},"aioseo_notices":[],"_links":{"self":[{"href":"https:\/\/info-n.com\/tn\/wp-json\/wp\/v2\/product\/2965","targetHints":{"allow":["GET"]}}],"collection":[{"href":"https:\/\/info-n.com\/tn\/wp-json\/wp\/v2\/product"}],"about":[{"href":"https:\/\/info-n.com\/tn\/wp-json\/wp\/v2\/types\/product"}],"wp:featuredmedia":[{"embeddable":true,"href":"https:\/\/info-n.com\/tn\/wp-json\/wp\/v2\/media\/3015"}],"wp:attachment":[{"href":"https:\/\/info-n.com\/tn\/wp-json\/wp\/v2\/media?parent=2965"}],"wp:term":[{"taxonomy":"product_brand","embeddable":true,"href":"https:\/\/info-n.com\/tn\/wp-json\/wp\/v2\/product_brand?post=2965"},{"taxonomy":"product_cat","embeddable":true,"href":"https:\/\/info-n.com\/tn\/wp-json\/wp\/v2\/product_cat?post=2965"},{"taxonomy":"product_tag","embeddable":true,"href":"https:\/\/info-n.com\/tn\/wp-json\/wp\/v2\/product_tag?post=2965"}],"curies":[{"name":"wp","href":"https:\/\/api.w.org\/{rel}","templated":true}]}}