{"id":3032,"date":"2026-03-27T12:22:54","date_gmt":"2026-03-27T11:22:54","guid":{"rendered":"https:\/\/info-n.com\/?post_type=product&#038;p=3032"},"modified":"2026-04-16T10:13:18","modified_gmt":"2026-04-16T09:13:18","slug":"support-smartphone-pour-bureau-otu-zh-101-noir","status":"publish","type":"product","link":"https:\/\/info-n.com\/tn\/shop\/support-smartphone-pour-bureau-otu-zh-101-noir\/","title":{"rendered":"Support Smartphone Pour Bureau  OTU ZH-101 &#8211; Noir"},"content":{"rendered":"<p>Support Smartphone Pour Bureau OTU ZH-101 &#8211; Mat\u00e9riau : Plastique ABS &#8211; Design : Pliable et r\u00e9glable &#8211; Rotation : 360\u00b0 &#8211; Compatibilit\u00e9 : Universelle (Smartphones et petites tablettes) &#8211; Couleur : Noir<\/p>\n","protected":false},"excerpt":{"rendered":"<p>Le OTU ZH-101 est un support de bureau universel pour smartphones et tablettes, con\u00e7u pour offrir une solution ergonomique et compacte. Ce mod\u00e8le noir est particuli\u00e8rement appr\u00e9ci\u00e9 pour sa stabilit\u00e9 et sa facilit\u00e9 de transport gr\u00e2ce \u00e0 sa conception pliable.<\/p>\n","protected":false},"featured_media":2972,"template":"","meta":[],"product_brand":[461],"product_cat":[724],"product_tag":[124,1825,563,595,597,613,615,1909,1826],"class_list":{"0":"post-3032","1":"product","2":"type-product","3":"status-publish","4":"has-post-thumbnail","6":"product_brand-otu","7":"product_cat-support-smartphone","8":"product_tag-bureau","9":"product_tag-phone-holder","10":"product_tag-smartphone","11":"product_tag-support","12":"product_tag-support-de-bureau","13":"product_tag-support-smartphone","14":"product_tag-support-telephone","15":"product_tag-tunisie","16":"product_tag-1826","18":"first","19":"instock","20":"sale","21":"taxable","22":"shipping-taxable","23":"purchasable","24":"product-type-simple"},"aioseo_notices":[],"_links":{"self":[{"href":"https:\/\/info-n.com\/tn\/wp-json\/wp\/v2\/product\/3032","targetHints":{"allow":["GET"]}}],"collection":[{"href":"https:\/\/info-n.com\/tn\/wp-json\/wp\/v2\/product"}],"about":[{"href":"https:\/\/info-n.com\/tn\/wp-json\/wp\/v2\/types\/product"}],"wp:featuredmedia":[{"embeddable":true,"href":"https:\/\/info-n.com\/tn\/wp-json\/wp\/v2\/media\/2972"}],"wp:attachment":[{"href":"https:\/\/info-n.com\/tn\/wp-json\/wp\/v2\/media?parent=3032"}],"wp:term":[{"taxonomy":"product_brand","embeddable":true,"href":"https:\/\/info-n.com\/tn\/wp-json\/wp\/v2\/product_brand?post=3032"},{"taxonomy":"product_cat","embeddable":true,"href":"https:\/\/info-n.com\/tn\/wp-json\/wp\/v2\/product_cat?post=3032"},{"taxonomy":"product_tag","embeddable":true,"href":"https:\/\/info-n.com\/tn\/wp-json\/wp\/v2\/product_tag?post=3032"}],"curies":[{"name":"wp","href":"https:\/\/api.w.org\/{rel}","templated":true}]}}