{"id":3033,"date":"2026-03-27T12:24:00","date_gmt":"2026-03-27T11:24:00","guid":{"rendered":"https:\/\/info-n.com\/?post_type=product&#038;p=3033"},"modified":"2026-04-16T10:17:14","modified_gmt":"2026-04-16T09:17:14","slug":"support-de-telephone-magnetique-pour-voiture-cf-102-360","status":"publish","type":"product","link":"https:\/\/info-n.com\/tn\/shop\/support-de-telephone-magnetique-pour-voiture-cf-102-360\/","title":{"rendered":"Support de t\u00e9l\u00e9phone magn\u00e9tique pour voiture CF-102 360\u00b0"},"content":{"rendered":"<p>Support de t\u00e9l\u00e9phone magn\u00e9tique pour voiture CF-102 360\u00b0 &#8211; Fixation : Pastilles adh\u00e9sives &#8211; Rotation : Rotule 360\u00b0 (Portrait\/Paysage) &#8211; Stabilit\u00e9 : Magn\u00e9tisme puissant &#8211; Design : Texture fibre de carbone avec liser\u00e9 rouge &#8211; Compatibilit\u00e9 : Universelle (plaques m\u00e9talliques incluses)<\/p>\n","protected":false},"excerpt":{"rendered":"<p>Support de t\u00e9l\u00e9phone magn\u00e9tique pour voiture CF-102 &#8211; Montage facile gr\u00e2ce aux pastilles adh\u00e9sives \u2013 Nettoyez simplement l&rsquo;endroit souhait\u00e9 puis appliquez le support \/ t\u00eate magn\u00e9tique rotative \u00e0 360\u00b0.<\/p>\n","protected":false},"featured_media":2978,"template":"","meta":[],"product_brand":[],"product_cat":[724],"product_tag":[93,1825,595,613,615,618,1909,667,1826],"class_list":{"0":"post-3033","1":"product","2":"type-product","3":"status-publish","4":"has-post-thumbnail","6":"product_cat-support-smartphone","7":"product_tag-aimant","8":"product_tag-phone-holder","9":"product_tag-support","10":"product_tag-support-smartphone","11":"product_tag-support-telephone","12":"product_tag-support-voiture","13":"product_tag-tunisie","14":"product_tag-voiture","15":"product_tag-1826","17":"first","18":"instock","19":"sale","20":"taxable","21":"shipping-taxable","22":"purchasable","23":"product-type-simple"},"aioseo_notices":[],"_links":{"self":[{"href":"https:\/\/info-n.com\/tn\/wp-json\/wp\/v2\/product\/3033","targetHints":{"allow":["GET"]}}],"collection":[{"href":"https:\/\/info-n.com\/tn\/wp-json\/wp\/v2\/product"}],"about":[{"href":"https:\/\/info-n.com\/tn\/wp-json\/wp\/v2\/types\/product"}],"wp:featuredmedia":[{"embeddable":true,"href":"https:\/\/info-n.com\/tn\/wp-json\/wp\/v2\/media\/2978"}],"wp:attachment":[{"href":"https:\/\/info-n.com\/tn\/wp-json\/wp\/v2\/media?parent=3033"}],"wp:term":[{"taxonomy":"product_brand","embeddable":true,"href":"https:\/\/info-n.com\/tn\/wp-json\/wp\/v2\/product_brand?post=3033"},{"taxonomy":"product_cat","embeddable":true,"href":"https:\/\/info-n.com\/tn\/wp-json\/wp\/v2\/product_cat?post=3033"},{"taxonomy":"product_tag","embeddable":true,"href":"https:\/\/info-n.com\/tn\/wp-json\/wp\/v2\/product_tag?post=3033"}],"curies":[{"name":"wp","href":"https:\/\/api.w.org\/{rel}","templated":true}]}}