{"id":3034,"date":"2026-03-27T12:25:19","date_gmt":"2026-03-27T11:25:19","guid":{"rendered":"https:\/\/info-n.com\/?post_type=product&#038;p=3034"},"modified":"2026-04-18T13:03:17","modified_gmt":"2026-04-18T12:03:17","slug":"haut-parleur-bluetooth-x-507","status":"publish","type":"product","link":"https:\/\/info-n.com\/tn\/shop\/haut-parleur-bluetooth-x-507\/","title":{"rendered":"Haut Parleur Sans Fil Rechargeable X-507"},"content":{"rendered":"<p>Haut Parleur Sans Fil Rechargeable X-507<\/p>\n<p>Puissance de sortie 5W &#8211; Anneau lumineux LED RGB synchronis\u00e9 avec la musique &#8211; Bluetooth 5.0 (port\u00e9e 10m) &#8211; Lecteur carte TF\/Micro SD (jusqu&rsquo;\u00e0 32 Go) &#8211; Port USB (lecture MP3) &#8211; Entr\u00e9e auxiliaire (AUX) &#8211; Radio FM int\u00e9gr\u00e9e &#8211; Batterie rechargeable au lithium &#8211; Design original en forme de roue<\/p>\n","protected":false},"excerpt":{"rendered":"<p>Le Haut-Parleur Bluetooth X-507 est une enceinte portable compacte qui se distingue par son design original en forme de roue.<\/p>\n","protected":false},"featured_media":3021,"template":"","meta":[],"product_brand":[],"product_cat":[2032,715],"product_tag":[1684,1582,1313,116,1540,271,272,1314,1302,1687,310,311,315,316,317,318,319,320,1683,1669,1672,1677,1675,1695,1680,1583,1690,1686,1694,1688,1542,545,37,581,1315,582,1909,1692,1541,1584,1693,1574,1511,1509,1691,1514,1689,1590,1685,1696],"class_list":{"0":"post-3034","1":"product","2":"type-product","3":"status-publish","4":"has-post-thumbnail","6":"product_cat-haut-parleur-auto","7":"product_cat-haut-parleur-sans-fil","8":"product_tag-audio-speaker","9":"product_tag-autonomie-longue-duree","10":"product_tag-baffle","11":"product_tag-bluetooth","12":"product_tag-bluetooth-speaker","13":"product_tag-enceinte","14":"product_tag-enceinte-bluetooth","15":"product_tag-enceinte-rechargeable","16":"product_tag-enceinte-sans-fil","17":"product_tag-gaming-speaker","18":"product_tag-haut-parleur","19":"product_tag-haut-parleur-bluetooth","20":"product_tag-haut-parleur-pneu","21":"product_tag-haut-parleur-portable","22":"product_tag-haut-parleur-rechargeable","23":"product_tag-haut-parleur-rond","24":"product_tag-haut-parleur-roue","25":"product_tag-haut-parleur-sans-fil","26":"product_tag-haut-parleur-audio","27":"product_tag-haut-parleur-bureau","28":"product_tag-haut-parleur-gaming","29":"product_tag-haut-parleur-multimedia","30":"product_tag-haut-parleur-musique","31":"product_tag-haut-parleur-reduction-de-bruit","32":"product_tag-haut-parleur-usb","33":"product_tag-long-battery-life","34":"product_tag-multimedia-speaker","35":"product_tag-music-speaker","36":"product_tag-noise-cancelling-speaker","37":"product_tag-office-speaker","38":"product_tag-portable-speaker","39":"product_tag-sans-fil","40":"product_tag-speaker","41":"product_tag-speaker-bluetooth","42":"product_tag-speaker-rechargeable","43":"product_tag-speaker-sans-fil","44":"product_tag-tunisie","45":"product_tag-usb-speaker","46":"product_tag-wireless-speaker","47":"product_tag-1584","48":"product_tag--usb","49":"product_tag-1574","50":"product_tag-1511","51":"product_tag-1509","52":"product_tag-1691","53":"product_tag-1514","54":"product_tag-1689","55":"product_tag-1590","56":"product_tag-1685","57":"product_tag-1696","59":"first","60":"instock","61":"sale","62":"taxable","63":"shipping-taxable","64":"purchasable","65":"product-type-simple"},"aioseo_notices":[],"_links":{"self":[{"href":"https:\/\/info-n.com\/tn\/wp-json\/wp\/v2\/product\/3034","targetHints":{"allow":["GET"]}}],"collection":[{"href":"https:\/\/info-n.com\/tn\/wp-json\/wp\/v2\/product"}],"about":[{"href":"https:\/\/info-n.com\/tn\/wp-json\/wp\/v2\/types\/product"}],"wp:featuredmedia":[{"embeddable":true,"href":"https:\/\/info-n.com\/tn\/wp-json\/wp\/v2\/media\/3021"}],"wp:attachment":[{"href":"https:\/\/info-n.com\/tn\/wp-json\/wp\/v2\/media?parent=3034"}],"wp:term":[{"taxonomy":"product_brand","embeddable":true,"href":"https:\/\/info-n.com\/tn\/wp-json\/wp\/v2\/product_brand?post=3034"},{"taxonomy":"product_cat","embeddable":true,"href":"https:\/\/info-n.com\/tn\/wp-json\/wp\/v2\/product_cat?post=3034"},{"taxonomy":"product_tag","embeddable":true,"href":"https:\/\/info-n.com\/tn\/wp-json\/wp\/v2\/product_tag?post=3034"}],"curies":[{"name":"wp","href":"https:\/\/api.w.org\/{rel}","templated":true}]}}