{"id":3035,"date":"2026-03-27T12:28:03","date_gmt":"2026-03-27T11:28:03","guid":{"rendered":"https:\/\/info-n.com\/?post_type=product&#038;p=3035"},"modified":"2026-04-12T17:58:57","modified_gmt":"2026-04-12T16:58:57","slug":"microphone-karaoke-bluetooth-ktv-ws-858-noir","status":"publish","type":"product","link":"https:\/\/info-n.com\/tn\/shop\/microphone-karaoke-bluetooth-ktv-ws-858-noir\/","title":{"rendered":"Microphone Karaok\u00e9 et Haut Parleur Sans Fil Rechargeable KTV WS-858 &#8211; Noir"},"content":{"rendered":"<p>Microphone Karaok\u00e9 et Haut Parleur Sans Fil Rechargeable KTV WS-858 &#8211; Noir<\/p>\n<p>Microphone, haut-parleur et enregistreur 3-en-1 &#8211; Puissance de sortie 5W &#8211; Gamme de fr\u00e9quences 100Hz \u00e0 10KHz (115dB max) &#8211; Batterie rechargeable 1800 mAh &#8211; Autonomie 4 \u00e0 6 heures &#8211; Temps de charge 3 \u00e0 4 heures &#8211; Bluetooth, Port USB, Carte Micro SD et Entr\u00e9e AUX &#8211; Effets d&rsquo;\u00e9cho (r\u00e9verb\u00e9ration) et changeur de voix magique &#8211; R\u00e9duction de bruit multicouche int\u00e9gr\u00e9e.<\/p>\n","protected":false},"excerpt":{"rendered":"<p>Le Microphone Karaok\u00e9 Bluetooth KTV WS-858 est un appareil tout-en-un ultra-polyvalent, combinant un microphone, un haut-parleur et une fonction d&rsquo;enregistrement.<\/p>\n","protected":false},"featured_media":2981,"template":"","meta":[],"product_brand":[],"product_cat":[1908,715,718],"product_tag":[1701,1684,1582,1313,116,1540,1705,1706,271,272,1314,1302,1687,310,311,312,316,317,320,1683,1669,1672,1677,1675,1695,1680,366,377,1704,1583,1697,423,431,1699,432,1698,1708,1709,436,1690,1686,1694,1688,1542,545,1700,37,581,1315,582,1703,1909,1707,1692,1702,1541,1584,1711,1693,1574,1511,1509,1691,1514,1689,1590,1685,1696,1710,1714,1712,1713,1715],"class_list":{"0":"post-3035","1":"product","2":"type-product","3":"status-publish","4":"has-post-thumbnail","6":"product_cat-enregistreurs","7":"product_cat-haut-parleur-sans-fil","8":"product_cat-microphone","9":"product_tag-audio-mic","10":"product_tag-audio-speaker","11":"product_tag-autonomie-longue-duree","12":"product_tag-baffle","13":"product_tag-bluetooth","14":"product_tag-bluetooth-speaker","15":"product_tag-condenser-microphone","16":"product_tag-dynamic-microphone","17":"product_tag-enceinte","18":"product_tag-enceinte-bluetooth","19":"product_tag-enceinte-rechargeable","20":"product_tag-enceinte-sans-fil","21":"product_tag-gaming-speaker","22":"product_tag-haut-parleur","23":"product_tag-haut-parleur-bluetooth","24":"product_tag-haut-parleur-microphone","25":"product_tag-haut-parleur-portable","26":"product_tag-haut-parleur-rechargeable","27":"product_tag-haut-parleur-sans-fil","28":"product_tag-haut-parleur-audio","29":"product_tag-haut-parleur-bureau","30":"product_tag-haut-parleur-gaming","31":"product_tag-haut-parleur-multimedia","32":"product_tag-haut-parleur-musique","33":"product_tag-haut-parleur-reduction-de-bruit","34":"product_tag-haut-parleur-usb","35":"product_tag-karaoke","36":"product_tag-ktv","37":"product_tag-lavalier-microphone","38":"product_tag-long-battery-life","39":"product_tag-mic","40":"product_tag-micro","41":"product_tag-microphone","42":"product_tag-microphone-audio","43":"product_tag-microphone-bluetooth","44":"product_tag-microphone-device","45":"product_tag-microphone-for-recording","46":"product_tag-microphone-for-streaming","47":"product_tag-microphone-sans-fil","48":"product_tag-multimedia-speaker","49":"product_tag-music-speaker","50":"product_tag-noise-cancelling-speaker","51":"product_tag-office-speaker","52":"product_tag-portable-speaker","53":"product_tag-sans-fil","54":"product_tag-sound-microphone","55":"product_tag-speaker","56":"product_tag-speaker-bluetooth","57":"product_tag-speaker-rechargeable","58":"product_tag-speaker-sans-fil","59":"product_tag-studio-microphone","60":"product_tag-tunisie","61":"product_tag-usb-microphone","62":"product_tag-usb-speaker","63":"product_tag-wireless-microphone","64":"product_tag-wireless-speaker","65":"product_tag-1584","66":"product_tag-1711","67":"product_tag--usb","68":"product_tag-1574","69":"product_tag-1511","70":"product_tag-1509","71":"product_tag-1691","72":"product_tag-1514","73":"product_tag-1689","74":"product_tag-1590","75":"product_tag-1685","76":"product_tag-1696","77":"product_tag-1710","78":"product_tag-1714","79":"product_tag-1712","80":"product_tag-1713","81":"product_tag-1715","83":"first","84":"instock","85":"sale","86":"taxable","87":"shipping-taxable","88":"purchasable","89":"product-type-simple"},"aioseo_notices":[],"_links":{"self":[{"href":"https:\/\/info-n.com\/tn\/wp-json\/wp\/v2\/product\/3035","targetHints":{"allow":["GET"]}}],"collection":[{"href":"https:\/\/info-n.com\/tn\/wp-json\/wp\/v2\/product"}],"about":[{"href":"https:\/\/info-n.com\/tn\/wp-json\/wp\/v2\/types\/product"}],"wp:featuredmedia":[{"embeddable":true,"href":"https:\/\/info-n.com\/tn\/wp-json\/wp\/v2\/media\/2981"}],"wp:attachment":[{"href":"https:\/\/info-n.com\/tn\/wp-json\/wp\/v2\/media?parent=3035"}],"wp:term":[{"taxonomy":"product_brand","embeddable":true,"href":"https:\/\/info-n.com\/tn\/wp-json\/wp\/v2\/product_brand?post=3035"},{"taxonomy":"product_cat","embeddable":true,"href":"https:\/\/info-n.com\/tn\/wp-json\/wp\/v2\/product_cat?post=3035"},{"taxonomy":"product_tag","embeddable":true,"href":"https:\/\/info-n.com\/tn\/wp-json\/wp\/v2\/product_tag?post=3035"}],"curies":[{"name":"wp","href":"https:\/\/api.w.org\/{rel}","templated":true}]}}