{"id":3038,"date":"2026-03-27T12:32:10","date_gmt":"2026-03-27T11:32:10","guid":{"rendered":"https:\/\/info-n.com\/?post_type=product&#038;p=3038"},"modified":"2026-04-18T13:15:29","modified_gmt":"2026-04-18T12:15:29","slug":"haut-parleur-bluetooth-tg-tg117","status":"publish","type":"product","link":"https:\/\/info-n.com\/tn\/shop\/haut-parleur-bluetooth-tg-tg117\/","title":{"rendered":"Haut Parleur Sans Fil Rechargeable T&#038;G TG117"},"content":{"rendered":"<p>Haut Parleur Sans Fil Rechargeable T&amp;G TG117<\/p>\n<p>Puissance de sortie 10W &#8211; Microphone int\u00e9gr\u00e9 pour appels mains libres &#8211; Indice de protection IPX4 (r\u00e9sistant aux \u00e9claboussures et pluie l\u00e9g\u00e8re) &#8211; Connectivit\u00e9 Bluetooth V4.2 (port\u00e9e 10m) &#8211; Lecteur carte TF (Micro SD), Port USB et Entr\u00e9e AUX &#8211; Radio FM int\u00e9gr\u00e9e &#8211; Batterie 1200 mAh (3 \u00e0 4h d&rsquo;autonomie) &#8211; Design robuste avec dragonne de transport.<\/p>\n","protected":false},"excerpt":{"rendered":"<p>Le T&amp;G TG117 est un haut-parleur Bluetooth portable r\u00e9put\u00e9 pour son excellent rapport qualit\u00e9-prix. Il est id\u00e9al pour une utilisation en ext\u00e9rieur gr\u00e2ce \u00e0 sa conception robuste et ses multiples options de connectivit\u00e9.<\/p>\n","protected":false},"featured_media":3012,"template":"","meta":[],"product_brand":[619],"product_cat":[297,715],"product_tag":[1684,1582,1313,116,1540,271,272,1314,1302,1687,310,311,316,317,320,1683,1669,1672,1677,1675,1695,1680,1583,1690,1686,1694,1688,1542,499,545,37,581,1315,582,620,1909,1692,1541,1584,1693,1574,1511,1509,1691,1514,1689,1590,1685,1696],"class_list":{"0":"post-3038","1":"product","2":"type-product","3":"status-publish","4":"has-post-thumbnail","6":"product_brand-tg","7":"product_cat-promo","8":"product_cat-haut-parleur-sans-fil","9":"product_tag-audio-speaker","10":"product_tag-autonomie-longue-duree","11":"product_tag-baffle","12":"product_tag-bluetooth","13":"product_tag-bluetooth-speaker","14":"product_tag-enceinte","15":"product_tag-enceinte-bluetooth","16":"product_tag-enceinte-rechargeable","17":"product_tag-enceinte-sans-fil","18":"product_tag-gaming-speaker","19":"product_tag-haut-parleur","20":"product_tag-haut-parleur-bluetooth","21":"product_tag-haut-parleur-portable","22":"product_tag-haut-parleur-rechargeable","23":"product_tag-haut-parleur-sans-fil","24":"product_tag-haut-parleur-audio","25":"product_tag-haut-parleur-bureau","26":"product_tag-haut-parleur-gaming","27":"product_tag-haut-parleur-multimedia","28":"product_tag-haut-parleur-musique","29":"product_tag-haut-parleur-reduction-de-bruit","30":"product_tag-haut-parleur-usb","31":"product_tag-long-battery-life","32":"product_tag-multimedia-speaker","33":"product_tag-music-speaker","34":"product_tag-noise-cancelling-speaker","35":"product_tag-office-speaker","36":"product_tag-portable-speaker","37":"product_tag-promotion","38":"product_tag-sans-fil","39":"product_tag-speaker","40":"product_tag-speaker-bluetooth","41":"product_tag-speaker-rechargeable","42":"product_tag-speaker-sans-fil","43":"product_tag-tg","44":"product_tag-tunisie","45":"product_tag-usb-speaker","46":"product_tag-wireless-speaker","47":"product_tag-1584","48":"product_tag--usb","49":"product_tag-1574","50":"product_tag-1511","51":"product_tag-1509","52":"product_tag-1691","53":"product_tag-1514","54":"product_tag-1689","55":"product_tag-1590","56":"product_tag-1685","57":"product_tag-1696","59":"first","60":"instock","61":"sale","62":"featured","63":"taxable","64":"shipping-taxable","65":"purchasable","66":"product-type-simple"},"aioseo_notices":[],"_links":{"self":[{"href":"https:\/\/info-n.com\/tn\/wp-json\/wp\/v2\/product\/3038","targetHints":{"allow":["GET"]}}],"collection":[{"href":"https:\/\/info-n.com\/tn\/wp-json\/wp\/v2\/product"}],"about":[{"href":"https:\/\/info-n.com\/tn\/wp-json\/wp\/v2\/types\/product"}],"wp:featuredmedia":[{"embeddable":true,"href":"https:\/\/info-n.com\/tn\/wp-json\/wp\/v2\/media\/3012"}],"wp:attachment":[{"href":"https:\/\/info-n.com\/tn\/wp-json\/wp\/v2\/media?parent=3038"}],"wp:term":[{"taxonomy":"product_brand","embeddable":true,"href":"https:\/\/info-n.com\/tn\/wp-json\/wp\/v2\/product_brand?post=3038"},{"taxonomy":"product_cat","embeddable":true,"href":"https:\/\/info-n.com\/tn\/wp-json\/wp\/v2\/product_cat?post=3038"},{"taxonomy":"product_tag","embeddable":true,"href":"https:\/\/info-n.com\/tn\/wp-json\/wp\/v2\/product_tag?post=3038"}],"curies":[{"name":"wp","href":"https:\/\/api.w.org\/{rel}","templated":true}]}}