{"id":3039,"date":"2026-03-27T12:34:00","date_gmt":"2026-03-27T11:34:00","guid":{"rendered":"https:\/\/info-n.com\/?post_type=product&#038;p=3039"},"modified":"2026-04-18T13:15:28","modified_gmt":"2026-04-18T12:15:28","slug":"haut-parleur-bluetooth-x-911","status":"publish","type":"product","link":"https:\/\/info-n.com\/tn\/shop\/haut-parleur-bluetooth-x-911\/","title":{"rendered":"Haut Parleur Sans Fil Rechargeable X-911"},"content":{"rendered":"<p>Haut Parleur Sans Fil Rechargeable X-911<\/p>\n<p>Puissance de sortie 5W (Haut-parleur 57 mm) &#8211; Membrane de vibration pour basses am\u00e9lior\u00e9es &#8211; Bluetooth 5.0 (port\u00e9e 10m) &#8211; Batterie rechargeable 1200 mAh (3 \u00e0 5h d&rsquo;autonomie) &#8211; Lecteur carte TF (jusqu&rsquo;\u00e0 32 Go), Port USB et Entr\u00e9e AUX &#8211; Radio FM int\u00e9gr\u00e9e &#8211; Lumi\u00e8res LED RGB style disco &#8211; Dimensions compactes 105 x 83 x 105 mm.<\/p>\n","protected":false},"excerpt":{"rendered":"<p>Le haut-parleur Bluetooth Speaker X-911 est une enceinte portable compacte con\u00e7ue pour une utilisation nomade avec des effets lumineux int\u00e9gr\u00e9s.<\/p>\n","protected":false},"featured_media":3011,"template":"","meta":[],"product_brand":[],"product_cat":[297,715],"product_tag":[1684,1582,1313,116,1540,271,272,1314,1302,1687,310,311,316,317,320,1683,1669,1672,1677,1675,1695,1680,1583,1690,1686,1694,1688,1542,499,545,37,581,1315,582,1909,1692,1541,1584,1693,1574,1511,1509,1691,1514,1689,1590,1685,1696],"class_list":{"0":"post-3039","1":"product","2":"type-product","3":"status-publish","4":"has-post-thumbnail","6":"product_cat-promo","7":"product_cat-haut-parleur-sans-fil","8":"product_tag-audio-speaker","9":"product_tag-autonomie-longue-duree","10":"product_tag-baffle","11":"product_tag-bluetooth","12":"product_tag-bluetooth-speaker","13":"product_tag-enceinte","14":"product_tag-enceinte-bluetooth","15":"product_tag-enceinte-rechargeable","16":"product_tag-enceinte-sans-fil","17":"product_tag-gaming-speaker","18":"product_tag-haut-parleur","19":"product_tag-haut-parleur-bluetooth","20":"product_tag-haut-parleur-portable","21":"product_tag-haut-parleur-rechargeable","22":"product_tag-haut-parleur-sans-fil","23":"product_tag-haut-parleur-audio","24":"product_tag-haut-parleur-bureau","25":"product_tag-haut-parleur-gaming","26":"product_tag-haut-parleur-multimedia","27":"product_tag-haut-parleur-musique","28":"product_tag-haut-parleur-reduction-de-bruit","29":"product_tag-haut-parleur-usb","30":"product_tag-long-battery-life","31":"product_tag-multimedia-speaker","32":"product_tag-music-speaker","33":"product_tag-noise-cancelling-speaker","34":"product_tag-office-speaker","35":"product_tag-portable-speaker","36":"product_tag-promotion","37":"product_tag-sans-fil","38":"product_tag-speaker","39":"product_tag-speaker-bluetooth","40":"product_tag-speaker-rechargeable","41":"product_tag-speaker-sans-fil","42":"product_tag-tunisie","43":"product_tag-usb-speaker","44":"product_tag-wireless-speaker","45":"product_tag-1584","46":"product_tag--usb","47":"product_tag-1574","48":"product_tag-1511","49":"product_tag-1509","50":"product_tag-1691","51":"product_tag-1514","52":"product_tag-1689","53":"product_tag-1590","54":"product_tag-1685","55":"product_tag-1696","57":"first","58":"instock","59":"sale","60":"featured","61":"taxable","62":"shipping-taxable","63":"purchasable","64":"product-type-simple"},"aioseo_notices":[],"_links":{"self":[{"href":"https:\/\/info-n.com\/tn\/wp-json\/wp\/v2\/product\/3039","targetHints":{"allow":["GET"]}}],"collection":[{"href":"https:\/\/info-n.com\/tn\/wp-json\/wp\/v2\/product"}],"about":[{"href":"https:\/\/info-n.com\/tn\/wp-json\/wp\/v2\/types\/product"}],"wp:featuredmedia":[{"embeddable":true,"href":"https:\/\/info-n.com\/tn\/wp-json\/wp\/v2\/media\/3011"}],"wp:attachment":[{"href":"https:\/\/info-n.com\/tn\/wp-json\/wp\/v2\/media?parent=3039"}],"wp:term":[{"taxonomy":"product_brand","embeddable":true,"href":"https:\/\/info-n.com\/tn\/wp-json\/wp\/v2\/product_brand?post=3039"},{"taxonomy":"product_cat","embeddable":true,"href":"https:\/\/info-n.com\/tn\/wp-json\/wp\/v2\/product_cat?post=3039"},{"taxonomy":"product_tag","embeddable":true,"href":"https:\/\/info-n.com\/tn\/wp-json\/wp\/v2\/product_tag?post=3039"}],"curies":[{"name":"wp","href":"https:\/\/api.w.org\/{rel}","templated":true}]}}