{"id":3040,"date":"2026-03-27T12:41:42","date_gmt":"2026-03-27T11:41:42","guid":{"rendered":"https:\/\/info-n.com\/?post_type=product&#038;p=3040"},"modified":"2026-04-18T13:21:12","modified_gmt":"2026-04-18T12:21:12","slug":"smartwatch-sk14-plus","status":"publish","type":"product","link":"https:\/\/info-n.com\/tn\/shop\/smartwatch-sk14-plus\/","title":{"rendered":"SmartWatch SK14 PLUS"},"content":{"rendered":"<p>SmartWatch SK14 PLUS &#8211; \u00c9cran : Tactile HD 1,3 pouce &#8211; Batterie : 290 mAh &#8211; Autonomie : 2 \u00e0 5 jours (usage) \/ 7 \u00e0 10 jours (veille) &#8211; \u00c9tanch\u00e9it\u00e9 : IP68 &#8211; Connectivit\u00e9 : Bluetooth 5.1 &#8211; Compatibilit\u00e9 : Android et iOS<\/p>\n","protected":false},"excerpt":{"rendered":"<p>La SmartWatch SK14 Plus est une montre connect\u00e9e polyvalente con\u00e7ue pour le sport et le suivi de la sant\u00e9, compatible avec les syst\u00e8mes Android et iOS. Elle se distingue par son design circulaire \u00e9l\u00e9gant et ses capacit\u00e9s de communication Bluetooth int\u00e9gr\u00e9es.<\/p>\n","protected":false},"featured_media":3041,"template":"","meta":[],"product_brand":[],"product_cat":[297,727],"product_tag":[1837,1840,1846,1834,1836,448,1839,1833,1845,1842,499,557,560,562,565,1843,1909,675,1838,1832,1835,1844,1841],"class_list":{"0":"post-3040","1":"product","2":"type-product","3":"status-publish","4":"has-post-thumbnail","6":"product_cat-promo","7":"product_cat-smartwatch","8":"product_tag-bluetooth-watch","9":"product_tag-fitness-watch","10":"product_tag-health-watch","11":"product_tag-intelligent-watch","12":"product_tag-montre-bluetooth","13":"product_tag-montre-connectee","14":"product_tag-montre-fitness","15":"product_tag-montre-intelligente","16":"product_tag-montre-sante","17":"product_tag-montre-sport","18":"product_tag-promotion","19":"product_tag-sk14-plus","20":"product_tag-smart","21":"product_tag-smart-watch","22":"product_tag-smartwatch","23":"product_tag-sports-watch","24":"product_tag-tunisie","25":"product_tag-watch","26":"product_tag-1838","27":"product_tag-1832","28":"product_tag-1835","29":"product_tag-1844","30":"product_tag-1841","32":"first","33":"instock","34":"sale","35":"featured","36":"taxable","37":"shipping-taxable","38":"purchasable","39":"product-type-simple"},"aioseo_notices":[],"_links":{"self":[{"href":"https:\/\/info-n.com\/tn\/wp-json\/wp\/v2\/product\/3040","targetHints":{"allow":["GET"]}}],"collection":[{"href":"https:\/\/info-n.com\/tn\/wp-json\/wp\/v2\/product"}],"about":[{"href":"https:\/\/info-n.com\/tn\/wp-json\/wp\/v2\/types\/product"}],"wp:featuredmedia":[{"embeddable":true,"href":"https:\/\/info-n.com\/tn\/wp-json\/wp\/v2\/media\/3041"}],"wp:attachment":[{"href":"https:\/\/info-n.com\/tn\/wp-json\/wp\/v2\/media?parent=3040"}],"wp:term":[{"taxonomy":"product_brand","embeddable":true,"href":"https:\/\/info-n.com\/tn\/wp-json\/wp\/v2\/product_brand?post=3040"},{"taxonomy":"product_cat","embeddable":true,"href":"https:\/\/info-n.com\/tn\/wp-json\/wp\/v2\/product_cat?post=3040"},{"taxonomy":"product_tag","embeddable":true,"href":"https:\/\/info-n.com\/tn\/wp-json\/wp\/v2\/product_tag?post=3040"}],"curies":[{"name":"wp","href":"https:\/\/api.w.org\/{rel}","templated":true}]}}