{"id":3042,"date":"2026-03-27T12:43:10","date_gmt":"2026-03-27T11:43:10","guid":{"rendered":"https:\/\/info-n.com\/?post_type=product&#038;p=3042"},"modified":"2026-04-18T13:21:12","modified_gmt":"2026-04-18T12:21:12","slug":"smartwatch-t8000-ultra-3-2-20-bluetooth-orange","status":"publish","type":"product","link":"https:\/\/info-n.com\/tn\/shop\/smartwatch-t8000-ultra-3-2-20-bluetooth-orange\/","title":{"rendered":"SmartWatch T8000 Ultra 3 2.20&Prime; Bluetooth &#8211; Orang\u00e9"},"content":{"rendered":"<p>SmartWatch T8000 Ultra 3 2.20&Prime; Bluetooth &#8211; \u00c9cran : HD 2,2 pouces &#8211; Bo\u00eetier : Alliage d&rsquo;aluminium 49 mm &#8211; Appels : Bluetooth &#8211; Sant\u00e9 : Fr\u00e9quence cardiaque et SpO2 &#8211; Autonomie : 320 mAh (jusqu&rsquo;\u00e0 7 jours) &#8211; Application : Fit Pro \/ Lefun Health<\/p>\n","protected":false},"excerpt":{"rendered":"<p>La SmartWatch T8000 Ultra 3 est une montre connect\u00e9e d&rsquo;entr\u00e9e de gamme inspir\u00e9e par le design de l&rsquo;Apple Watch Ultra.<\/p>\n","protected":false},"featured_media":3001,"template":"","meta":[],"product_brand":[],"product_cat":[297,727],"product_tag":[1837,1840,1846,1834,1836,448,1839,1833,1845,1842,499,560,562,565,1843,621,1909,652,675,1838,1832,1835,1844,1841],"class_list":{"0":"post-3042","1":"product","2":"type-product","3":"status-publish","4":"has-post-thumbnail","6":"product_cat-promo","7":"product_cat-smartwatch","8":"product_tag-bluetooth-watch","9":"product_tag-fitness-watch","10":"product_tag-health-watch","11":"product_tag-intelligent-watch","12":"product_tag-montre-bluetooth","13":"product_tag-montre-connectee","14":"product_tag-montre-fitness","15":"product_tag-montre-intelligente","16":"product_tag-montre-sante","17":"product_tag-montre-sport","18":"product_tag-promotion","19":"product_tag-smart","20":"product_tag-smart-watch","21":"product_tag-smartwatch","22":"product_tag-sports-watch","23":"product_tag-t8000","24":"product_tag-tunisie","25":"product_tag-ultra","26":"product_tag-watch","27":"product_tag-1838","28":"product_tag-1832","29":"product_tag-1835","30":"product_tag-1844","31":"product_tag-1841","33":"first","34":"instock","35":"sale","36":"featured","37":"taxable","38":"shipping-taxable","39":"purchasable","40":"product-type-simple"},"aioseo_notices":[],"_links":{"self":[{"href":"https:\/\/info-n.com\/tn\/wp-json\/wp\/v2\/product\/3042","targetHints":{"allow":["GET"]}}],"collection":[{"href":"https:\/\/info-n.com\/tn\/wp-json\/wp\/v2\/product"}],"about":[{"href":"https:\/\/info-n.com\/tn\/wp-json\/wp\/v2\/types\/product"}],"wp:featuredmedia":[{"embeddable":true,"href":"https:\/\/info-n.com\/tn\/wp-json\/wp\/v2\/media\/3001"}],"wp:attachment":[{"href":"https:\/\/info-n.com\/tn\/wp-json\/wp\/v2\/media?parent=3042"}],"wp:term":[{"taxonomy":"product_brand","embeddable":true,"href":"https:\/\/info-n.com\/tn\/wp-json\/wp\/v2\/product_brand?post=3042"},{"taxonomy":"product_cat","embeddable":true,"href":"https:\/\/info-n.com\/tn\/wp-json\/wp\/v2\/product_cat?post=3042"},{"taxonomy":"product_tag","embeddable":true,"href":"https:\/\/info-n.com\/tn\/wp-json\/wp\/v2\/product_tag?post=3042"}],"curies":[{"name":"wp","href":"https:\/\/api.w.org\/{rel}","templated":true}]}}