{"id":3047,"date":"2026-03-27T12:48:19","date_gmt":"2026-03-27T11:48:19","guid":{"rendered":"https:\/\/info-n.com\/?post_type=product&#038;p=3047"},"modified":"2026-04-15T18:23:09","modified_gmt":"2026-04-15T17:23:09","slug":"sacoche-pour-ordinateur-portable-15-6-noir","status":"publish","type":"product","link":"https:\/\/info-n.com\/tn\/shop\/sacoche-pour-ordinateur-portable-15-6-noir\/","title":{"rendered":"Sacoche Pour Ordinateur Portable 15.6&Prime; &#8211; Noir"},"content":{"rendered":"<p>Format : 15,6&Prime; &#8211; Mat\u00e9riau : Tissu haute qualit\u00e9 &#8211; Protection : Durable &#8211; Rangement : Compartiments multiples et poche ext\u00e9rieure zipp\u00e9e &#8211; Transport : Sangle de bagage int\u00e9gr\u00e9e (fixation valise) &#8211; Design : \u00e9l\u00e9gant, Simple et fonctionnel<\/p>\n<p>&nbsp;<\/p>\n","protected":false},"excerpt":{"rendered":"<p>La sacoche pour ordinateur portable 15,6&Prime; &#8211; allie \u00e9l\u00e9gance et fonctionnalit\u00e9 gr\u00e2ce \u00e0 sa conception en tissu de haute qualit\u00e9, garantissant une protection durable contre les al\u00e9as du quotidien.<\/p>\n","protected":false},"featured_media":2976,"template":"","meta":[],"product_brand":[],"product_cat":[690],"product_tag":[169,536,537,538,539,540,1909],"class_list":{"0":"post-3047","1":"product","2":"type-product","3":"status-publish","4":"has-post-thumbnail","6":"product_cat-idivers","7":"product_tag-cartable","8":"product_tag-sac","9":"product_tag-sac-pc","10":"product_tag-sacoche","11":"product_tag-sacoche-ordinateur-portable","12":"product_tag-sacoche-pc","13":"product_tag-tunisie","15":"first","16":"instock","17":"taxable","18":"shipping-taxable","19":"purchasable","20":"product-type-simple"},"aioseo_notices":[],"_links":{"self":[{"href":"https:\/\/info-n.com\/tn\/wp-json\/wp\/v2\/product\/3047","targetHints":{"allow":["GET"]}}],"collection":[{"href":"https:\/\/info-n.com\/tn\/wp-json\/wp\/v2\/product"}],"about":[{"href":"https:\/\/info-n.com\/tn\/wp-json\/wp\/v2\/types\/product"}],"wp:featuredmedia":[{"embeddable":true,"href":"https:\/\/info-n.com\/tn\/wp-json\/wp\/v2\/media\/2976"}],"wp:attachment":[{"href":"https:\/\/info-n.com\/tn\/wp-json\/wp\/v2\/media?parent=3047"}],"wp:term":[{"taxonomy":"product_brand","embeddable":true,"href":"https:\/\/info-n.com\/tn\/wp-json\/wp\/v2\/product_brand?post=3047"},{"taxonomy":"product_cat","embeddable":true,"href":"https:\/\/info-n.com\/tn\/wp-json\/wp\/v2\/product_cat?post=3047"},{"taxonomy":"product_tag","embeddable":true,"href":"https:\/\/info-n.com\/tn\/wp-json\/wp\/v2\/product_tag?post=3047"}],"curies":[{"name":"wp","href":"https:\/\/api.w.org\/{rel}","templated":true}]}}