{"id":3048,"date":"2026-03-27T12:49:44","date_gmt":"2026-03-27T11:49:44","guid":{"rendered":"https:\/\/info-n.com\/?post_type=product&#038;p=3048"},"modified":"2026-04-14T09:59:49","modified_gmt":"2026-04-14T08:59:49","slug":"anneau-lumineux-rechargeable-pour-selfie-28-led-rose","status":"publish","type":"product","link":"https:\/\/info-n.com\/tn\/shop\/anneau-lumineux-rechargeable-pour-selfie-28-led-rose\/","title":{"rendered":"Anneau Lumineux Rechargeable pour Selfie 28 LED &#8211; Rose"},"content":{"rendered":"<p>Anneau Lumineux Rechargeable pour Selfie 28 LED<br \/>\nLED Puissantes : 28 LED pour une lumi\u00e8re douce et uniforme<br \/>\nBatterie Rechargeable : Jusqu\u2019\u00e0 5 heures d\u2019autonomie pour une utilisation longue dur\u00e9e<br \/>\n\u00c9clairage Ajustable : 3 niveaux (faible, moyen, \u00e9lev\u00e9) pour personnaliser l&rsquo;\u00e9clairage selon l&rsquo;ambiance<br \/>\nClip Universel : Compatible avec la majorit\u00e9 des smartphones et appareils photo<br \/>\nDesign Compact : Forme ronde et compacte pour un transport facile<br \/>\nOptions de Couleur : Disponible en blanc et rose pour correspondre \u00e0 votre style<\/p>\n","protected":false},"excerpt":{"rendered":"<p>Anneau Lumineux Rechargeable Selfie 28 LED, compact et portable, offre \u00e9clairage uniforme pour photos et vid\u00e9os.<\/p>\n","protected":false},"featured_media":2985,"template":"","meta":[],"product_brand":[],"product_cat":[689],"product_tag":[391,441,488,530,1909],"class_list":{"0":"post-3048","1":"product","2":"type-product","3":"status-publish","4":"has-post-thumbnail","6":"product_cat-pdivers","7":"product_tag-light","8":"product_tag-mini","9":"product_tag-portablering","10":"product_tag-ring-light","11":"product_tag-tunisie","13":"first","14":"instock","15":"sale","16":"taxable","17":"shipping-taxable","18":"purchasable","19":"product-type-simple"},"aioseo_notices":[],"_links":{"self":[{"href":"https:\/\/info-n.com\/tn\/wp-json\/wp\/v2\/product\/3048","targetHints":{"allow":["GET"]}}],"collection":[{"href":"https:\/\/info-n.com\/tn\/wp-json\/wp\/v2\/product"}],"about":[{"href":"https:\/\/info-n.com\/tn\/wp-json\/wp\/v2\/types\/product"}],"wp:featuredmedia":[{"embeddable":true,"href":"https:\/\/info-n.com\/tn\/wp-json\/wp\/v2\/media\/2985"}],"wp:attachment":[{"href":"https:\/\/info-n.com\/tn\/wp-json\/wp\/v2\/media?parent=3048"}],"wp:term":[{"taxonomy":"product_brand","embeddable":true,"href":"https:\/\/info-n.com\/tn\/wp-json\/wp\/v2\/product_brand?post=3048"},{"taxonomy":"product_cat","embeddable":true,"href":"https:\/\/info-n.com\/tn\/wp-json\/wp\/v2\/product_cat?post=3048"},{"taxonomy":"product_tag","embeddable":true,"href":"https:\/\/info-n.com\/tn\/wp-json\/wp\/v2\/product_tag?post=3048"}],"curies":[{"name":"wp","href":"https:\/\/api.w.org\/{rel}","templated":true}]}}