{"id":3049,"date":"2026-03-27T12:51:37","date_gmt":"2026-03-27T11:51:37","guid":{"rendered":"https:\/\/info-n.com\/?post_type=product&#038;p=3049"},"modified":"2026-04-15T16:49:39","modified_gmt":"2026-04-15T15:49:39","slug":"lot-de-2-piles-aa-roxon-um-3-r6p-1-5v-long-life-power","status":"publish","type":"product","link":"https:\/\/info-n.com\/tn\/shop\/lot-de-2-piles-aa-roxon-um-3-r6p-1-5v-long-life-power\/","title":{"rendered":"Lot de 2 Piles AA ROXON UM-3 R6P 1.5V Long-life Power"},"content":{"rendered":"<p>Lot de 2 Piles AA ROXON UM-3 R6P 1.5V Long-life Power &#8211; Mod\u00e8le UM-3 R6P &#8211; Format AA &#8211; Tension 1,5V &#8211; Composition Saline (Zinc-Carbone) &#8211; Type Extra Heavy Duty &#8211; Non rechargeable &#8211; Dimensions 50,5&#215;14,5mm<\/p>\n","protected":false},"excerpt":{"rendered":"<p>Les piles ROXON UM-3 R6P 1.5V Long-life Power sont des piles jetables de format AA, principalement destin\u00e9es aux appareils \u00e0 faible consommation d&rsquo;\u00e9nergie.<\/p>\n","protected":false},"featured_media":2996,"template":"","meta":[],"product_brand":[533],"product_cat":[690,720],"product_tag":[475,477,534,1909],"class_list":{"0":"post-3049","1":"product","2":"type-product","3":"status-publish","4":"has-post-thumbnail","6":"product_brand-roxon","7":"product_cat-idivers","8":"product_cat-piles","9":"product_tag-pile","10":"product_tag-pile-aa","11":"product_tag-roxon","12":"product_tag-tunisie","14":"first","15":"instock","16":"sale","17":"taxable","18":"shipping-taxable","19":"purchasable","20":"product-type-simple"},"aioseo_notices":[],"_links":{"self":[{"href":"https:\/\/info-n.com\/tn\/wp-json\/wp\/v2\/product\/3049","targetHints":{"allow":["GET"]}}],"collection":[{"href":"https:\/\/info-n.com\/tn\/wp-json\/wp\/v2\/product"}],"about":[{"href":"https:\/\/info-n.com\/tn\/wp-json\/wp\/v2\/types\/product"}],"wp:featuredmedia":[{"embeddable":true,"href":"https:\/\/info-n.com\/tn\/wp-json\/wp\/v2\/media\/2996"}],"wp:attachment":[{"href":"https:\/\/info-n.com\/tn\/wp-json\/wp\/v2\/media?parent=3049"}],"wp:term":[{"taxonomy":"product_brand","embeddable":true,"href":"https:\/\/info-n.com\/tn\/wp-json\/wp\/v2\/product_brand?post=3049"},{"taxonomy":"product_cat","embeddable":true,"href":"https:\/\/info-n.com\/tn\/wp-json\/wp\/v2\/product_cat?post=3049"},{"taxonomy":"product_tag","embeddable":true,"href":"https:\/\/info-n.com\/tn\/wp-json\/wp\/v2\/product_tag?post=3049"}],"curies":[{"name":"wp","href":"https:\/\/api.w.org\/{rel}","templated":true}]}}