{"id":3050,"date":"2026-03-27T12:52:28","date_gmt":"2026-03-27T11:52:28","guid":{"rendered":"https:\/\/info-n.com\/?post_type=product&#038;p=3050"},"modified":"2026-04-15T16:50:25","modified_gmt":"2026-04-15T15:50:25","slug":"lot-de-2-piles-aaa-roxon-um-4-ro3-1-5v-long-life-power","status":"publish","type":"product","link":"https:\/\/info-n.com\/tn\/shop\/lot-de-2-piles-aaa-roxon-um-4-ro3-1-5v-long-life-power\/","title":{"rendered":"Lot de 2 Piles AAA ROXON UM-4 RO3 1.5V Long-life Power"},"content":{"rendered":"<p>Les piles ROXON UM-4 R03 1,5V Long-life Power &#8211; Mod\u00e8le UM-4 R03 &#8211; Format AAA (Micro) &#8211; Tension 1,5V &#8211; Composition Saline (Zinc-Carbone) &#8211; Type Extra Heavy Duty &#8211; Non rechargeable &#8211; Dimensions 10,5&#215;44,5mm<\/p>\n","protected":false},"excerpt":{"rendered":"<p>Les piles ROXON UM-4 R03 1,5V Long-life Power sont des piles salines (Zinc-Carbone) de format AAA (Micro) con\u00e7ues pour une alimentation stable des appareils \u00e0 faible consommation d&rsquo;\u00e9nergie.<\/p>\n","protected":false},"featured_media":2996,"template":"","meta":[],"product_brand":[],"product_cat":[690,720],"product_tag":[475,478,534,1909],"class_list":{"0":"post-3050","1":"product","2":"type-product","3":"status-publish","4":"has-post-thumbnail","6":"product_cat-idivers","7":"product_cat-piles","8":"product_tag-pile","9":"product_tag-pile-aaa","10":"product_tag-roxon","11":"product_tag-tunisie","13":"first","14":"instock","15":"sale","16":"taxable","17":"shipping-taxable","18":"purchasable","19":"product-type-simple"},"aioseo_notices":[],"_links":{"self":[{"href":"https:\/\/info-n.com\/tn\/wp-json\/wp\/v2\/product\/3050","targetHints":{"allow":["GET"]}}],"collection":[{"href":"https:\/\/info-n.com\/tn\/wp-json\/wp\/v2\/product"}],"about":[{"href":"https:\/\/info-n.com\/tn\/wp-json\/wp\/v2\/types\/product"}],"wp:featuredmedia":[{"embeddable":true,"href":"https:\/\/info-n.com\/tn\/wp-json\/wp\/v2\/media\/2996"}],"wp:attachment":[{"href":"https:\/\/info-n.com\/tn\/wp-json\/wp\/v2\/media?parent=3050"}],"wp:term":[{"taxonomy":"product_brand","embeddable":true,"href":"https:\/\/info-n.com\/tn\/wp-json\/wp\/v2\/product_brand?post=3050"},{"taxonomy":"product_cat","embeddable":true,"href":"https:\/\/info-n.com\/tn\/wp-json\/wp\/v2\/product_cat?post=3050"},{"taxonomy":"product_tag","embeddable":true,"href":"https:\/\/info-n.com\/tn\/wp-json\/wp\/v2\/product_tag?post=3050"}],"curies":[{"name":"wp","href":"https:\/\/api.w.org\/{rel}","templated":true}]}}