{"id":3051,"date":"2026-03-27T12:53:22","date_gmt":"2026-03-27T11:53:22","guid":{"rendered":"https:\/\/info-n.com\/?post_type=product&#038;p=3051"},"modified":"2026-04-15T18:11:34","modified_gmt":"2026-04-15T17:11:34","slug":"pile-rechargeable-li-ion-18650-ultrafire-6800mah","status":"publish","type":"product","link":"https:\/\/info-n.com\/tn\/shop\/pile-rechargeable-li-ion-18650-ultrafire-6800mah\/","title":{"rendered":"Pile Rechargeable Li-ion 18650 ULTRAFIRE 6800mAh"},"content":{"rendered":"<p>Pile Rechargeable Li-ion 18650 ULTRAFIRE 6800mAh &#8211; Type : Li-ion 18650 &#8211; Capacit\u00e9 : 6800 mAh &#8211; Marque : ULTRAFIRE<\/p>\n","protected":false},"excerpt":{"rendered":"<p>La pile UltraFire 18650 est un accumulateur lithium-ion rechargeable de 3,7 V tr\u00e8s r\u00e9pandu pour les lampes torche et petits appareils \u00e9lectroniques.<\/p>\n","protected":false},"featured_media":2977,"template":"","meta":[],"product_brand":[653],"product_cat":[720],"product_tag":[75,475,476,479,520,1909],"class_list":{"0":"post-3051","1":"product","2":"type-product","3":"status-publish","4":"has-post-thumbnail","6":"product_brand-ultrafire","7":"product_cat-piles","8":"product_tag-6800mah","9":"product_tag-pile","10":"product_tag-pile-18650","11":"product_tag-pile-rechargeable","12":"product_tag-rechargeable","13":"product_tag-tunisie","15":"first","16":"instock","17":"sale","18":"taxable","19":"shipping-taxable","20":"purchasable","21":"product-type-simple"},"aioseo_notices":[],"_links":{"self":[{"href":"https:\/\/info-n.com\/tn\/wp-json\/wp\/v2\/product\/3051","targetHints":{"allow":["GET"]}}],"collection":[{"href":"https:\/\/info-n.com\/tn\/wp-json\/wp\/v2\/product"}],"about":[{"href":"https:\/\/info-n.com\/tn\/wp-json\/wp\/v2\/types\/product"}],"wp:featuredmedia":[{"embeddable":true,"href":"https:\/\/info-n.com\/tn\/wp-json\/wp\/v2\/media\/2977"}],"wp:attachment":[{"href":"https:\/\/info-n.com\/tn\/wp-json\/wp\/v2\/media?parent=3051"}],"wp:term":[{"taxonomy":"product_brand","embeddable":true,"href":"https:\/\/info-n.com\/tn\/wp-json\/wp\/v2\/product_brand?post=3051"},{"taxonomy":"product_cat","embeddable":true,"href":"https:\/\/info-n.com\/tn\/wp-json\/wp\/v2\/product_cat?post=3051"},{"taxonomy":"product_tag","embeddable":true,"href":"https:\/\/info-n.com\/tn\/wp-json\/wp\/v2\/product_tag?post=3051"}],"curies":[{"name":"wp","href":"https:\/\/api.w.org\/{rel}","templated":true}]}}