{"id":3052,"date":"2026-03-27T12:55:22","date_gmt":"2026-03-27T11:55:22","guid":{"rendered":"https:\/\/info-n.com\/?post_type=product&#038;p=3052"},"modified":"2026-04-18T13:21:14","modified_gmt":"2026-04-18T12:21:14","slug":"microphone-sans-fil-k8-pour-iphone-smartphone-bluetooth-noir","status":"publish","type":"product","link":"https:\/\/info-n.com\/tn\/shop\/microphone-sans-fil-k8-pour-iphone-smartphone-bluetooth-noir\/","title":{"rendered":"Microphone Sans Fil K8 Pour Iphone &#038; Smartphone Bluetooth &#8211; Noir"},"content":{"rendered":"<p>Microphone Sans Fil K8 Pour Iphone &amp; Smartphone Bluetooth &#8211;\u00a0 Technologie : Sans fil 2,4 GHz &#8211; Port\u00e9e : Jusqu&rsquo;\u00e0 20 m &#8211; Captation : Omnidirectionnelle 360\u00b0 &#8211; R\u00e9duction de bruit : Puce intelligente &#8211; Autonomie : +4 heures &#8211; Compatibilit\u00e9 : USB Type-C et Lightning (Plug &amp; Play)<\/p>\n","protected":false},"excerpt":{"rendered":"<p>Le Microphone Sans Fil K8 est un micro-cravate omnidirectionnel con\u00e7u pour les cr\u00e9ateurs de contenu sur iPhone et smartphones Android. C&rsquo;est un appareil Plug &amp; Play qui ne n\u00e9cessite ni application ni connexion Bluetooth manuelle pour fonctionner.<\/p>\n","protected":false},"featured_media":3002,"template":"","meta":[],"product_brand":[],"product_cat":[297,718],"product_tag":[1701,116,1705,245,1706,362,1704,392,1697,423,426,431,1699,432,1698,1708,1709,436,545,1700,1703,1909,646,1707,1702,1711,1710,1714,1712,1713,1715],"class_list":{"0":"post-3052","1":"product","2":"type-product","3":"status-publish","4":"has-post-thumbnail","6":"product_cat-promo","7":"product_cat-microphone","8":"product_tag-audio-mic","9":"product_tag-bluetooth","10":"product_tag-condenser-microphone","11":"product_tag-cravate","12":"product_tag-dynamic-microphone","13":"product_tag-k8","14":"product_tag-lavalier-microphone","15":"product_tag-lightning","16":"product_tag-mic","17":"product_tag-micro","18":"product_tag-micro-cravate","19":"product_tag-microphone","20":"product_tag-microphone-audio","21":"product_tag-microphone-bluetooth","22":"product_tag-microphone-device","23":"product_tag-microphone-for-recording","24":"product_tag-microphone-for-streaming","25":"product_tag-microphone-sans-fil","26":"product_tag-sans-fil","27":"product_tag-sound-microphone","28":"product_tag-studio-microphone","29":"product_tag-tunisie","30":"product_tag-type-c","31":"product_tag-usb-microphone","32":"product_tag-wireless-microphone","33":"product_tag-1711","34":"product_tag-1710","35":"product_tag-1714","36":"product_tag-1712","37":"product_tag-1713","38":"product_tag-1715","40":"first","41":"instock","42":"sale","43":"taxable","44":"shipping-taxable","45":"purchasable","46":"product-type-simple"},"aioseo_notices":[],"_links":{"self":[{"href":"https:\/\/info-n.com\/tn\/wp-json\/wp\/v2\/product\/3052","targetHints":{"allow":["GET"]}}],"collection":[{"href":"https:\/\/info-n.com\/tn\/wp-json\/wp\/v2\/product"}],"about":[{"href":"https:\/\/info-n.com\/tn\/wp-json\/wp\/v2\/types\/product"}],"wp:featuredmedia":[{"embeddable":true,"href":"https:\/\/info-n.com\/tn\/wp-json\/wp\/v2\/media\/3002"}],"wp:attachment":[{"href":"https:\/\/info-n.com\/tn\/wp-json\/wp\/v2\/media?parent=3052"}],"wp:term":[{"taxonomy":"product_brand","embeddable":true,"href":"https:\/\/info-n.com\/tn\/wp-json\/wp\/v2\/product_brand?post=3052"},{"taxonomy":"product_cat","embeddable":true,"href":"https:\/\/info-n.com\/tn\/wp-json\/wp\/v2\/product_cat?post=3052"},{"taxonomy":"product_tag","embeddable":true,"href":"https:\/\/info-n.com\/tn\/wp-json\/wp\/v2\/product_tag?post=3052"}],"curies":[{"name":"wp","href":"https:\/\/api.w.org\/{rel}","templated":true}]}}