{"id":3054,"date":"2026-03-27T12:58:15","date_gmt":"2026-03-27T11:58:15","guid":{"rendered":"https:\/\/info-n.com\/?post_type=product&#038;p=3054"},"modified":"2026-04-15T17:00:13","modified_gmt":"2026-04-15T16:00:13","slug":"microphone-filaire-mpc-pk-jack-rose-gold","status":"publish","type":"product","link":"https:\/\/info-n.com\/tn\/shop\/microphone-filaire-mpc-pk-jack-rose-gold\/","title":{"rendered":"Microphone Filaire MPC-PK Jack &#8211; Rose Gold"},"content":{"rendered":"<p>Le Microphone Filaire MPC-PK Rose Gold est un mini microphone filaire de karaok\u00e9, g\u00e9n\u00e9ralement utilis\u00e9 pour les t\u00e9l\u00e9phones portables, les tablettes ou les ordinateurs via une prise Jack 3,5 mm. Il se distingue par sa finition or rose (Rose M\u00e9tallis\u00e9)<\/p>\n","protected":false},"excerpt":{"rendered":"<p>Le Microphone Filaire MPC-PK Rose Gold est un mini microphone filaire de karaok\u00e9, g\u00e9n\u00e9ralement utilis\u00e9 pour les t\u00e9l\u00e9phones portables, les tablettes ou les ordinateurs via une prise Jack 3,5 mm. Il se distingue par sa finition or rose (Rose M\u00e9tallis\u00e9)<\/p>\n","protected":false},"featured_media":2983,"template":"","meta":[],"product_brand":[],"product_cat":[718],"product_tag":[1701,1705,1706,290,366,1704,1697,431,1699,1698,433,1708,1709,435,1700,1703,1909,1707,1702,1711,1710,1714,1712,1713,1715],"class_list":{"0":"post-3054","1":"product","2":"type-product","3":"status-publish","4":"has-post-thumbnail","6":"product_cat-microphone","7":"product_tag-audio-mic","8":"product_tag-condenser-microphone","9":"product_tag-dynamic-microphone","10":"product_tag-filaire","11":"product_tag-karaoke","12":"product_tag-lavalier-microphone","13":"product_tag-mic","14":"product_tag-microphone","15":"product_tag-microphone-audio","16":"product_tag-microphone-device","17":"product_tag-microphone-filaire","18":"product_tag-microphone-for-recording","19":"product_tag-microphone-for-streaming","20":"product_tag-microphone-jack","21":"product_tag-sound-microphone","22":"product_tag-studio-microphone","23":"product_tag-tunisie","24":"product_tag-usb-microphone","25":"product_tag-wireless-microphone","26":"product_tag-1711","27":"product_tag-1710","28":"product_tag-1714","29":"product_tag-1712","30":"product_tag-1713","31":"product_tag-1715","33":"first","34":"instock","35":"sale","36":"taxable","37":"shipping-taxable","38":"purchasable","39":"product-type-simple"},"aioseo_notices":[],"_links":{"self":[{"href":"https:\/\/info-n.com\/tn\/wp-json\/wp\/v2\/product\/3054","targetHints":{"allow":["GET"]}}],"collection":[{"href":"https:\/\/info-n.com\/tn\/wp-json\/wp\/v2\/product"}],"about":[{"href":"https:\/\/info-n.com\/tn\/wp-json\/wp\/v2\/types\/product"}],"wp:featuredmedia":[{"embeddable":true,"href":"https:\/\/info-n.com\/tn\/wp-json\/wp\/v2\/media\/2983"}],"wp:attachment":[{"href":"https:\/\/info-n.com\/tn\/wp-json\/wp\/v2\/media?parent=3054"}],"wp:term":[{"taxonomy":"product_brand","embeddable":true,"href":"https:\/\/info-n.com\/tn\/wp-json\/wp\/v2\/product_brand?post=3054"},{"taxonomy":"product_cat","embeddable":true,"href":"https:\/\/info-n.com\/tn\/wp-json\/wp\/v2\/product_cat?post=3054"},{"taxonomy":"product_tag","embeddable":true,"href":"https:\/\/info-n.com\/tn\/wp-json\/wp\/v2\/product_tag?post=3054"}],"curies":[{"name":"wp","href":"https:\/\/api.w.org\/{rel}","templated":true}]}}