{"id":3056,"date":"2026-03-27T13:01:12","date_gmt":"2026-03-27T12:01:12","guid":{"rendered":"https:\/\/info-n.com\/?post_type=product&#038;p=3056"},"modified":"2026-04-15T16:52:16","modified_gmt":"2026-04-15T15:52:16","slug":"manette-de-jeux-filaire-baracuda-gamepad-squid-pour-pc-consoles","status":"publish","type":"product","link":"https:\/\/info-n.com\/tn\/shop\/manette-de-jeux-filaire-baracuda-gamepad-squid-pour-pc-consoles\/","title":{"rendered":"Manette De Jeux Filaire BARACUDA GAMEPAD SQUID pour PC &#038; Consoles"},"content":{"rendered":"<p>Manette De Jeux Filaire BARACUDA GAMEPAD SQUID pour PC &amp; Consoles &#8211; Connexion filaire USB &#8211; Compatible PC, PS3 et PS4 &#8211; 12 boutons de commande &#8211; Syst\u00e8me de vibration int\u00e9gr\u00e9 &#8211; Design ergonomique pour sessions prolong\u00e9es.<\/p>\n","protected":false},"excerpt":{"rendered":"<p>La manette de jeux BARACUDA Gamepad SQUID est un p\u00e9riph\u00e9rique filaire polyvalent con\u00e7u pour offrir une exp\u00e9rience de jeu ergonomique sur plusieurs plateformes.<\/p>\n","protected":false},"featured_media":2990,"template":"","meta":[],"product_brand":[108],"product_cat":[713,407],"product_tag":[1881,299,1878,356,1882,406,1880,408,483,500,1909,1879],"class_list":{"0":"post-3056","1":"product","2":"type-product","3":"status-publish","4":"has-post-thumbnail","6":"product_brand-baracuda","7":"product_cat-gaming","8":"product_cat-manette","9":"product_tag-console-controller","10":"product_tag-game","11":"product_tag-game-controller","12":"product_tag-jeux","13":"product_tag-manet","14":"product_tag-manette","15":"product_tag-manette-console","16":"product_tag-manette-de-jeux","17":"product_tag-playstation","18":"product_tag-ps3","19":"product_tag-tunisie","20":"product_tag-1879","22":"first","23":"instock","24":"sale","25":"taxable","26":"shipping-taxable","27":"purchasable","28":"product-type-simple"},"aioseo_notices":[],"_links":{"self":[{"href":"https:\/\/info-n.com\/tn\/wp-json\/wp\/v2\/product\/3056","targetHints":{"allow":["GET"]}}],"collection":[{"href":"https:\/\/info-n.com\/tn\/wp-json\/wp\/v2\/product"}],"about":[{"href":"https:\/\/info-n.com\/tn\/wp-json\/wp\/v2\/types\/product"}],"wp:featuredmedia":[{"embeddable":true,"href":"https:\/\/info-n.com\/tn\/wp-json\/wp\/v2\/media\/2990"}],"wp:attachment":[{"href":"https:\/\/info-n.com\/tn\/wp-json\/wp\/v2\/media?parent=3056"}],"wp:term":[{"taxonomy":"product_brand","embeddable":true,"href":"https:\/\/info-n.com\/tn\/wp-json\/wp\/v2\/product_brand?post=3056"},{"taxonomy":"product_cat","embeddable":true,"href":"https:\/\/info-n.com\/tn\/wp-json\/wp\/v2\/product_cat?post=3056"},{"taxonomy":"product_tag","embeddable":true,"href":"https:\/\/info-n.com\/tn\/wp-json\/wp\/v2\/product_tag?post=3056"}],"curies":[{"name":"wp","href":"https:\/\/api.w.org\/{rel}","templated":true}]}}