{"id":3057,"date":"2026-03-27T13:03:16","date_gmt":"2026-03-27T12:03:16","guid":{"rendered":"https:\/\/info-n.com\/?post_type=product&#038;p=3057"},"modified":"2026-04-15T16:33:30","modified_gmt":"2026-04-15T15:33:30","slug":"haut-parleur-kisonli-u-2800bt-bluetooth-usb-avec-telecommande","status":"publish","type":"product","link":"https:\/\/info-n.com\/tn\/shop\/haut-parleur-kisonli-u-2800bt-bluetooth-usb-avec-telecommande\/","title":{"rendered":"Haut Parleur KISONLI U-2800BT Bluetooth &#038; USB avec T\u00e9l\u00e9commande"},"content":{"rendered":"<p>Haut Parleur KISONLI U-2800BT &#8211; Syst\u00e8me 2.1 &#8211; Puissance 11W (5W+3Wx2) &#8211; Bluetooth &#8211; USB &#8211; Carte TF\/SD &#8211; AUX (Jack 3.5mm) &#8211; T\u00e9l\u00e9commande incluse &#8211; R\u00e9ponse 20Hz-18kHz &#8211; Imp\u00e9dance 4\u03a9 &#8211; Alimentation USB 5V.<\/p>\n","protected":false},"excerpt":{"rendered":"<p>Le KISONLI U-2800BT est un syst\u00e8me de haut-parleurs multim\u00e9dia 2.1 offrant une puissance totale de 11W (5W + 3W x 2). Ce mod\u00e8le est particuli\u00e8rement appr\u00e9ci\u00e9 pour sa polyvalence gr\u00e2ce \u00e0 sa connectivit\u00e9 sans fil et ses multiples ports de lecture directe.<\/p>\n","protected":false},"featured_media":3028,"template":"","meta":[],"product_brand":[369],"product_cat":[714,716],"product_tag":[116,1664,1673,310,1661,313,314,1666,1669,1672,1677,1675,1680,370,1678,1676,1670,37,1909,655,1681,1667,1662,1682,1674,1668,1663,1679,1671,1651,1665],"class_list":{"0":"post-3057","1":"product","2":"type-product","3":"status-publish","4":"has-post-thumbnail","6":"product_brand-kisonli","7":"product_cat-haut-parleur-filaires","8":"product_cat-haut-parleur","9":"product_tag-bluetooth","10":"product_tag-computer-speakers","11":"product_tag-gaming-pc-speakers","12":"product_tag-haut-parleur","13":"product_tag-haut-parleur-filaires-pc","14":"product_tag-haut-parleur-ordinateur","15":"product_tag-haut-parleur-pc","16":"product_tag-haut-parleur-audio-filaire","17":"product_tag-haut-parleur-bureau","18":"product_tag-haut-parleur-gaming","19":"product_tag-haut-parleur-multimedia","20":"product_tag-haut-parleur-musique","21":"product_tag-haut-parleur-usb","22":"product_tag-kisonli","23":"product_tag-multimedia-speakers","24":"product_tag-music-speakers","25":"product_tag-office-speakers","26":"product_tag-speaker","27":"product_tag-tunisie","28":"product_tag-usb","29":"product_tag-usb-speakers","30":"product_tag-wired-audio-speakers","31":"product_tag-wired-pc-speakers","32":"product_tag--usb","33":"product_tag-1674","34":"product_tag-1668","35":"product_tag-1663","36":"product_tag-1679","37":"product_tag-1671","38":"product_tag-1651","39":"product_tag-1665","41":"first","42":"instock","43":"taxable","44":"shipping-taxable","45":"purchasable","46":"product-type-simple"},"aioseo_notices":[],"_links":{"self":[{"href":"https:\/\/info-n.com\/tn\/wp-json\/wp\/v2\/product\/3057","targetHints":{"allow":["GET"]}}],"collection":[{"href":"https:\/\/info-n.com\/tn\/wp-json\/wp\/v2\/product"}],"about":[{"href":"https:\/\/info-n.com\/tn\/wp-json\/wp\/v2\/types\/product"}],"wp:featuredmedia":[{"embeddable":true,"href":"https:\/\/info-n.com\/tn\/wp-json\/wp\/v2\/media\/3028"}],"wp:attachment":[{"href":"https:\/\/info-n.com\/tn\/wp-json\/wp\/v2\/media?parent=3057"}],"wp:term":[{"taxonomy":"product_brand","embeddable":true,"href":"https:\/\/info-n.com\/tn\/wp-json\/wp\/v2\/product_brand?post=3057"},{"taxonomy":"product_cat","embeddable":true,"href":"https:\/\/info-n.com\/tn\/wp-json\/wp\/v2\/product_cat?post=3057"},{"taxonomy":"product_tag","embeddable":true,"href":"https:\/\/info-n.com\/tn\/wp-json\/wp\/v2\/product_tag?post=3057"}],"curies":[{"name":"wp","href":"https:\/\/api.w.org\/{rel}","templated":true}]}}