{"id":3059,"date":"2026-03-27T13:08:00","date_gmt":"2026-03-27T12:08:00","guid":{"rendered":"https:\/\/info-n.com\/?post_type=product&#038;p=3059"},"modified":"2026-04-15T16:22:43","modified_gmt":"2026-04-15T15:22:43","slug":"ensemble-clavier-souris-sans-fil-logitech-mk220","status":"publish","type":"product","link":"https:\/\/info-n.com\/tn\/shop\/ensemble-clavier-souris-sans-fil-logitech-mk220\/","title":{"rendered":"Ensemble Clavier &#038; Souris Sans Fil LOGITECH MK220"},"content":{"rendered":"<p>Ensemble Clavier &#038; Souris Sans Fil LOGITECH MK220 &#8211; Technologie de connectivit\u00e9 : Sans fil &#8211; Technologie sans fil : 2,4 GHz &#8211; Nombre de boutons de souris : 3 boutons &#8211; Norme clavier : AZERTY &#8211; Design \u00e9conomie d&rsquo;espace &#8211; Clavier durable et fiable &#8211; Couleur : Noir &#8211; Garantie : 1 an<\/p>\n","protected":false},"excerpt":{"rendered":"<p>L&rsquo;ensemble sans fil Logitech MK220 est un pack clavier et souris compact, id\u00e9al pour optimiser l&rsquo;espace de bureau tout en conservant toutes les fonctionnalit\u00e9s standards, y compris un pav\u00e9 num\u00e9rique.<\/p>\n","protected":false},"featured_media":3060,"template":"","meta":[],"product_brand":[395],"product_cat":[468],"product_tag":[116,212,213,240,276,396,467,545,569,1909],"class_list":{"0":"post-3059","1":"product","2":"type-product","3":"status-publish","4":"has-post-thumbnail","6":"product_brand-logitech","7":"product_cat-combo","8":"product_tag-bluetooth","9":"product_tag-clavier","10":"product_tag-clavier-souris","11":"product_tag-combo","12":"product_tag-ensemble","13":"product_tag-logitech","14":"product_tag-pack","15":"product_tag-sans-fil","16":"product_tag-souris","17":"product_tag-tunisie","19":"first","20":"instock","21":"sale","22":"taxable","23":"shipping-taxable","24":"purchasable","25":"product-type-simple"},"aioseo_notices":[],"_links":{"self":[{"href":"https:\/\/info-n.com\/tn\/wp-json\/wp\/v2\/product\/3059","targetHints":{"allow":["GET"]}}],"collection":[{"href":"https:\/\/info-n.com\/tn\/wp-json\/wp\/v2\/product"}],"about":[{"href":"https:\/\/info-n.com\/tn\/wp-json\/wp\/v2\/types\/product"}],"wp:featuredmedia":[{"embeddable":true,"href":"https:\/\/info-n.com\/tn\/wp-json\/wp\/v2\/media\/3060"}],"wp:attachment":[{"href":"https:\/\/info-n.com\/tn\/wp-json\/wp\/v2\/media?parent=3059"}],"wp:term":[{"taxonomy":"product_brand","embeddable":true,"href":"https:\/\/info-n.com\/tn\/wp-json\/wp\/v2\/product_brand?post=3059"},{"taxonomy":"product_cat","embeddable":true,"href":"https:\/\/info-n.com\/tn\/wp-json\/wp\/v2\/product_cat?post=3059"},{"taxonomy":"product_tag","embeddable":true,"href":"https:\/\/info-n.com\/tn\/wp-json\/wp\/v2\/product_tag?post=3059"}],"curies":[{"name":"wp","href":"https:\/\/api.w.org\/{rel}","templated":true}]}}