{"id":3061,"date":"2026-03-27T13:09:57","date_gmt":"2026-03-27T12:09:57","guid":{"rendered":"https:\/\/info-n.com\/?post_type=product&#038;p=3061"},"modified":"2026-04-15T16:27:57","modified_gmt":"2026-04-15T15:27:57","slug":"ensemble-clavier-souris-usb-logitech-mk120","status":"publish","type":"product","link":"https:\/\/info-n.com\/tn\/shop\/ensemble-clavier-souris-usb-logitech-mk120\/","title":{"rendered":"Ensemble Clavier &#038; Souris USB LOGITECH MK120"},"content":{"rendered":"<p>Ensemble Clavier &#038; Souris USB LOGITECH MK120 &#8211; Clavier : 450x155x23,5mm &#8211; 550g &#8211; AZERTY &#8211; Touches silencieuses ultra-plates &#8211; Pav\u00e9 num\u00e9rique &#8211; Anti-\u00e9claboussures (60ml) &#8211; C\u00e2ble 1,5m &#8211; Souris : 113x62x38mm &#8211; 90g &#8211; Optique 1000 DPI &#8211; 3 boutons &#8211; C\u00e2ble 1,8m &#8211; Connexion : USB Filaire &#8211; Plug &#038; Play.<\/p>\n","protected":false},"excerpt":{"rendered":"<p>L&rsquo;ensemble Logitech Desktop MK120 est une solution filaire classique, reconnue pour sa fiabilit\u00e9 et sa simplicit\u00e9 d&rsquo;utilisation pour la bureautique quotidienne.<\/p>\n","protected":false},"featured_media":2980,"template":"","meta":[],"product_brand":[395],"product_cat":[468],"product_tag":[212,213,240,276,396,467,569,1909,655],"class_list":{"0":"post-3061","1":"product","2":"type-product","3":"status-publish","4":"has-post-thumbnail","6":"product_brand-logitech","7":"product_cat-combo","8":"product_tag-clavier","9":"product_tag-clavier-souris","10":"product_tag-combo","11":"product_tag-ensemble","12":"product_tag-logitech","13":"product_tag-pack","14":"product_tag-souris","15":"product_tag-tunisie","16":"product_tag-usb","18":"first","19":"instock","20":"sale","21":"taxable","22":"shipping-taxable","23":"purchasable","24":"product-type-simple"},"aioseo_notices":[],"_links":{"self":[{"href":"https:\/\/info-n.com\/tn\/wp-json\/wp\/v2\/product\/3061","targetHints":{"allow":["GET"]}}],"collection":[{"href":"https:\/\/info-n.com\/tn\/wp-json\/wp\/v2\/product"}],"about":[{"href":"https:\/\/info-n.com\/tn\/wp-json\/wp\/v2\/types\/product"}],"wp:featuredmedia":[{"embeddable":true,"href":"https:\/\/info-n.com\/tn\/wp-json\/wp\/v2\/media\/2980"}],"wp:attachment":[{"href":"https:\/\/info-n.com\/tn\/wp-json\/wp\/v2\/media?parent=3061"}],"wp:term":[{"taxonomy":"product_brand","embeddable":true,"href":"https:\/\/info-n.com\/tn\/wp-json\/wp\/v2\/product_brand?post=3061"},{"taxonomy":"product_cat","embeddable":true,"href":"https:\/\/info-n.com\/tn\/wp-json\/wp\/v2\/product_cat?post=3061"},{"taxonomy":"product_tag","embeddable":true,"href":"https:\/\/info-n.com\/tn\/wp-json\/wp\/v2\/product_tag?post=3061"}],"curies":[{"name":"wp","href":"https:\/\/api.w.org\/{rel}","templated":true}]}}