{"id":3062,"date":"2026-03-27T13:11:14","date_gmt":"2026-03-27T12:11:14","guid":{"rendered":"https:\/\/info-n.com\/?post_type=product&#038;p=3062"},"modified":"2026-04-18T13:15:27","modified_gmt":"2026-04-18T12:15:27","slug":"casque-sans-fil-kids-b09-bluetooth-carte-memoire-orange","status":"publish","type":"product","link":"https:\/\/info-n.com\/tn\/shop\/casque-sans-fil-kids-b09-bluetooth-carte-memoire-orange\/","title":{"rendered":"Casque Sans Fil KIDS B09 Bluetooth &#038; Carte M\u00e9moire &#8211; Orang\u00e9"},"content":{"rendered":"<p>Casque Sans Fil KIDS B09 Bluetooth &#038; Carte M\u00e9moire &#8211; Connectivit\u00e9 : Bluetooth 5.2 (port\u00e9e 10m) &#8211; Batterie : 200 mAh &#8211; Autonomie : Environ 5 heures &#8211; Design : Structure pliable, coussinets adapt\u00e9s aux enfants &#8211; Polyvalence : Slot carte Micro SD + Jack 3.5mm (mode filaire) &#8211; Compatibilit\u00e9 : Smartphones, tablettes, PC &#8211; Usage : Enfants, musique, jeux, voyages, appels<\/p>\n","protected":false},"excerpt":{"rendered":"<p>Le casque sans fil B09 est un mod\u00e8le Bluetooth d&rsquo;entr\u00e9e de gamme con\u00e7u sp\u00e9cifiquement pour les enfants. Il se distingue par ses options de couleurs vives et ses fonctionnalit\u00e9s adapt\u00e9es aux jeunes utilisateurs.<\/p>\n","protected":false},"featured_media":2999,"template":"","meta":[],"product_brand":[],"product_cat":[704,297],"product_tag":[1585,1582,106,175,1505,177,181,1587,184,190,1586,1583,1589,456,1579,499,1580,545,1909,1577,1581,1584,1588,1511,1578,1570,1590],"class_list":{"0":"post-3062","1":"product","2":"type-product","3":"status-publish","4":"has-post-thumbnail","6":"product_cat-casque-sans-fil","7":"product_cat-promo","8":"product_tag-audio-headset","9":"product_tag-autonomie-longue-duree","10":"product_tag-b09","11":"product_tag-casque","12":"product_tag-casque-audio","13":"product_tag-casque-bluetooth","14":"product_tag-casque-enfant","15":"product_tag-casque-gaming-sans-fil","16":"product_tag-casque-kids","17":"product_tag-casque-sans-fil","18":"product_tag-gaming-headset-wireless","19":"product_tag-long-battery-life","20":"product_tag-music-headphones","21":"product_tag-musique","22":"product_tag-noise-cancelling","23":"product_tag-promotion","24":"product_tag-reduction-de-bruit","25":"product_tag-sans-fil","26":"product_tag-tunisie","27":"product_tag-wireless-headphones","28":"product_tag-1581","29":"product_tag-1584","30":"product_tag-1588","31":"product_tag-1511","32":"product_tag-1578","33":"product_tag-1570","34":"product_tag-1590","36":"first","37":"instock","38":"sale","39":"featured","40":"taxable","41":"shipping-taxable","42":"purchasable","43":"product-type-simple"},"aioseo_notices":[],"_links":{"self":[{"href":"https:\/\/info-n.com\/tn\/wp-json\/wp\/v2\/product\/3062","targetHints":{"allow":["GET"]}}],"collection":[{"href":"https:\/\/info-n.com\/tn\/wp-json\/wp\/v2\/product"}],"about":[{"href":"https:\/\/info-n.com\/tn\/wp-json\/wp\/v2\/types\/product"}],"wp:featuredmedia":[{"embeddable":true,"href":"https:\/\/info-n.com\/tn\/wp-json\/wp\/v2\/media\/2999"}],"wp:attachment":[{"href":"https:\/\/info-n.com\/tn\/wp-json\/wp\/v2\/media?parent=3062"}],"wp:term":[{"taxonomy":"product_brand","embeddable":true,"href":"https:\/\/info-n.com\/tn\/wp-json\/wp\/v2\/product_brand?post=3062"},{"taxonomy":"product_cat","embeddable":true,"href":"https:\/\/info-n.com\/tn\/wp-json\/wp\/v2\/product_cat?post=3062"},{"taxonomy":"product_tag","embeddable":true,"href":"https:\/\/info-n.com\/tn\/wp-json\/wp\/v2\/product_tag?post=3062"}],"curies":[{"name":"wp","href":"https:\/\/api.w.org\/{rel}","templated":true}]}}