{"id":3064,"date":"2026-03-27T13:14:09","date_gmt":"2026-03-27T12:14:09","guid":{"rendered":"https:\/\/info-n.com\/?post_type=product&#038;p=3064"},"modified":"2026-04-14T10:17:28","modified_gmt":"2026-04-14T09:17:28","slug":"cable-charge-usb-vers-type-c-otu-dl21-c-24a","status":"publish","type":"product","link":"https:\/\/info-n.com\/tn\/shop\/cable-charge-usb-vers-type-c-otu-dl21-c-24a\/","title":{"rendered":"Cable Charge USB vers Type-C OTU DL21-C 2,4A"},"content":{"rendered":"<p>Le OTU DL21-C est un c\u00e2ble de charge USB vers Type-C d&rsquo;entr\u00e9e de gamme, con\u00e7u pour allier \u00e9conomie et efficacit\u00e9.<br \/>\nMod\u00e8le : OTU DL21-C &#8211; Type : C\u00e2ble de charge et donn\u00e9es (USB vers USB-C) &#8211; Intensit\u00e9 : 2,4A (Charge rapide) &#8211; Mat\u00e9riau : Gaine PVC flexible et durable &#8211; Connectique : Connecteurs haute qualit\u00e9 &#8211; Longueur : 1 m\u00e8tre &#8211; Compatibilit\u00e9 : Smartphones r\u00e9cents, tablettes et appareils avec port Type-C.<\/p>\n","protected":false},"excerpt":{"rendered":"<p>Le OTU DL21-C est un c\u00e2ble de charge USB vers Type-C d&rsquo;entr\u00e9e de gamme, con\u00e7u pour allier \u00e9conomie et efficacit\u00e9.<\/p>\n","protected":false},"featured_media":2994,"template":"","meta":[],"product_brand":[461],"product_cat":[697],"product_tag":[134,135,156,159,163,195,196,1790,462,1793,1909,646,650,655,1792,659,1791,1794],"class_list":{"0":"post-3064","1":"product","2":"type-product","3":"status-publish","4":"has-post-thumbnail","6":"product_brand-otu","7":"product_cat-cable-chargeur","8":"product_tag-cable-charge","9":"product_tag-cable-chargeur","10":"product_tag-cable-smartphone","11":"product_tag-cable-type-c","12":"product_tag-cable-usb","13":"product_tag-charge","14":"product_tag-chargeur","15":"product_tag-charging-cable","16":"product_tag-otu","17":"product_tag-smartphone-charger-cable","18":"product_tag-tunisie","19":"product_tag-type-c","20":"product_tag-type-c-usb","21":"product_tag-usb","22":"product_tag-usb-cable","23":"product_tag-usb-c","24":"product_tag-1791","25":"product_tag-1794","27":"first","28":"instock","29":"sale","30":"taxable","31":"shipping-taxable","32":"purchasable","33":"product-type-simple"},"aioseo_notices":[],"_links":{"self":[{"href":"https:\/\/info-n.com\/tn\/wp-json\/wp\/v2\/product\/3064","targetHints":{"allow":["GET"]}}],"collection":[{"href":"https:\/\/info-n.com\/tn\/wp-json\/wp\/v2\/product"}],"about":[{"href":"https:\/\/info-n.com\/tn\/wp-json\/wp\/v2\/types\/product"}],"wp:featuredmedia":[{"embeddable":true,"href":"https:\/\/info-n.com\/tn\/wp-json\/wp\/v2\/media\/2994"}],"wp:attachment":[{"href":"https:\/\/info-n.com\/tn\/wp-json\/wp\/v2\/media?parent=3064"}],"wp:term":[{"taxonomy":"product_brand","embeddable":true,"href":"https:\/\/info-n.com\/tn\/wp-json\/wp\/v2\/product_brand?post=3064"},{"taxonomy":"product_cat","embeddable":true,"href":"https:\/\/info-n.com\/tn\/wp-json\/wp\/v2\/product_cat?post=3064"},{"taxonomy":"product_tag","embeddable":true,"href":"https:\/\/info-n.com\/tn\/wp-json\/wp\/v2\/product_tag?post=3064"}],"curies":[{"name":"wp","href":"https:\/\/api.w.org\/{rel}","templated":true}]}}