{"id":3070,"date":"2026-03-27T15:25:24","date_gmt":"2026-03-27T14:25:24","guid":{"rendered":"https:\/\/info-n.com\/?post_type=product&#038;p=3070"},"modified":"2026-04-14T10:48:19","modified_gmt":"2026-04-14T09:48:19","slug":"cable-de-charge-rapide-usb-vers-type-c-treqa-ca-8643-6a","status":"publish","type":"product","link":"https:\/\/info-n.com\/tn\/shop\/cable-de-charge-rapide-usb-vers-type-c-treqa-ca-8643-6a\/","title":{"rendered":"Cable de Charge Rapide USB Vers Type-C TREQA CA-8643 6A"},"content":{"rendered":"<p>C\u00e2ble TREQA CA-8643, USB vers Type-C, charge ultra-rapide 6A pour smartphones et tablettes Android..<br \/>\nMod\u00e8le : TREQA CA-8643 &#8211; Connecteur : USB-A vers Type-C &#8211; Intensit\u00e9 : 6A &#8211; Fonction : Charge ultra-rapide et transfert de donn\u00e9es &#8211; Compatibilit\u00e9 : Smartphones Android, tablettes, appareils Type-C &#8211; Longueur : 1 m\u00e8tre &#8211; Mat\u00e9riau : Nylon tress\u00e9 renforc\u00e9<\/p>\n","protected":false},"excerpt":{"rendered":"<p>Le TREQA CA-8643 est un c\u00e2ble de charge rapide con\u00e7u pour offrir une puissance \u00e9lev\u00e9e, principalement optimis\u00e9 pour les appareils n\u00e9cessitant une intensit\u00e9 de courant allant jusqu&rsquo;\u00e0 6A.<\/p>\n","protected":false},"featured_media":3017,"template":"","meta":[],"product_brand":[643],"product_cat":[697],"product_tag":[76,134,135,156,159,163,195,196,1790,516,1793,644,1909,646,650,655,1792,659,1791,1794],"class_list":{"0":"post-3070","1":"product","2":"type-product","3":"status-publish","4":"has-post-thumbnail","6":"product_brand-treqa","7":"product_cat-cable-chargeur","8":"product_tag-6a","9":"product_tag-cable-charge","10":"product_tag-cable-chargeur","11":"product_tag-cable-smartphone","12":"product_tag-cable-type-c","13":"product_tag-cable-usb","14":"product_tag-charge","15":"product_tag-chargeur","16":"product_tag-charging-cable","17":"product_tag-rapide","18":"product_tag-smartphone-charger-cable","19":"product_tag-treqa","20":"product_tag-tunisie","21":"product_tag-type-c","22":"product_tag-type-c-usb","23":"product_tag-usb","24":"product_tag-usb-cable","25":"product_tag-usb-c","26":"product_tag-1791","27":"product_tag-1794","29":"first","30":"instock","31":"sale","32":"taxable","33":"shipping-taxable","34":"purchasable","35":"product-type-simple"},"aioseo_notices":[],"_links":{"self":[{"href":"https:\/\/info-n.com\/tn\/wp-json\/wp\/v2\/product\/3070","targetHints":{"allow":["GET"]}}],"collection":[{"href":"https:\/\/info-n.com\/tn\/wp-json\/wp\/v2\/product"}],"about":[{"href":"https:\/\/info-n.com\/tn\/wp-json\/wp\/v2\/types\/product"}],"wp:featuredmedia":[{"embeddable":true,"href":"https:\/\/info-n.com\/tn\/wp-json\/wp\/v2\/media\/3017"}],"wp:attachment":[{"href":"https:\/\/info-n.com\/tn\/wp-json\/wp\/v2\/media?parent=3070"}],"wp:term":[{"taxonomy":"product_brand","embeddable":true,"href":"https:\/\/info-n.com\/tn\/wp-json\/wp\/v2\/product_brand?post=3070"},{"taxonomy":"product_cat","embeddable":true,"href":"https:\/\/info-n.com\/tn\/wp-json\/wp\/v2\/product_cat?post=3070"},{"taxonomy":"product_tag","embeddable":true,"href":"https:\/\/info-n.com\/tn\/wp-json\/wp\/v2\/product_tag?post=3070"}],"curies":[{"name":"wp","href":"https:\/\/api.w.org\/{rel}","templated":true}]}}