{"id":3072,"date":"2026-03-27T15:28:56","date_gmt":"2026-03-27T14:28:56","guid":{"rendered":"https:\/\/info-n.com\/?post_type=product&#038;p=3072"},"modified":"2026-04-14T10:39:29","modified_gmt":"2026-04-14T09:39:29","slug":"cable-de-charge-rapide-usb-vers-type-c-elektrum-tb-007-5a","status":"publish","type":"product","link":"https:\/\/info-n.com\/tn\/shop\/cable-de-charge-rapide-usb-vers-type-c-elektrum-tb-007-5a\/","title":{"rendered":"Cable de Charge Rapide USB Vers Type-C ELEKTRUM TB-007 5A"},"content":{"rendered":"<p>C\u00e2ble ELEKTRUM TB-007, USB vers Type-C, charge rapide 5A pour smartphones et tablettes compatibles..<br \/>\nMod\u00e8le : ELEKTRUM TB-007 &#8211; Connecteur : USB-A vers Type-C &#8211; Intensit\u00e9 : 5A &#8211; Fonction : Charge rapide et transfert de donn\u00e9es &#8211; Compatibilit\u00e9 : Smartphones Android, tablettes, appareils Type-C &#8211; Longueur : 1 m\u00e8tre &#8211; Mat\u00e9riau : Nylon tress\u00e9 renforc\u00e9<\/p>\n","protected":false},"excerpt":{"rendered":"<p>Le c\u00e2ble de charge rapide ELEKTRUM TB-A007 est un accessoire con\u00e7u pour offrir une charge stable et un transfert de donn\u00e9es efficace pour les appareils \u00e9quip\u00e9s d&rsquo;un port USB Type-C. La puissance de charge est supporte un courant allant jusqu&rsquo;\u00e0 5A, id\u00e9al pour la charge ultra-rapide des smartphones et tablettes compatibles.<\/p>\n","protected":false},"featured_media":2970,"template":"","meta":[],"product_brand":[269],"product_cat":[697],"product_tag":[71,134,135,156,159,163,195,196,1790,270,516,1793,1909,646,650,655,1792,659,1791,1794],"class_list":{"0":"post-3072","1":"product","2":"type-product","3":"status-publish","4":"has-post-thumbnail","6":"product_brand-elektrum","7":"product_cat-cable-chargeur","8":"product_tag-5a","9":"product_tag-cable-charge","10":"product_tag-cable-chargeur","11":"product_tag-cable-smartphone","12":"product_tag-cable-type-c","13":"product_tag-cable-usb","14":"product_tag-charge","15":"product_tag-chargeur","16":"product_tag-charging-cable","17":"product_tag-elektrum","18":"product_tag-rapide","19":"product_tag-smartphone-charger-cable","20":"product_tag-tunisie","21":"product_tag-type-c","22":"product_tag-type-c-usb","23":"product_tag-usb","24":"product_tag-usb-cable","25":"product_tag-usb-c","26":"product_tag-1791","27":"product_tag-1794","29":"first","30":"instock","31":"sale","32":"taxable","33":"shipping-taxable","34":"purchasable","35":"product-type-simple"},"aioseo_notices":[],"_links":{"self":[{"href":"https:\/\/info-n.com\/tn\/wp-json\/wp\/v2\/product\/3072","targetHints":{"allow":["GET"]}}],"collection":[{"href":"https:\/\/info-n.com\/tn\/wp-json\/wp\/v2\/product"}],"about":[{"href":"https:\/\/info-n.com\/tn\/wp-json\/wp\/v2\/types\/product"}],"wp:featuredmedia":[{"embeddable":true,"href":"https:\/\/info-n.com\/tn\/wp-json\/wp\/v2\/media\/2970"}],"wp:attachment":[{"href":"https:\/\/info-n.com\/tn\/wp-json\/wp\/v2\/media?parent=3072"}],"wp:term":[{"taxonomy":"product_brand","embeddable":true,"href":"https:\/\/info-n.com\/tn\/wp-json\/wp\/v2\/product_brand?post=3072"},{"taxonomy":"product_cat","embeddable":true,"href":"https:\/\/info-n.com\/tn\/wp-json\/wp\/v2\/product_cat?post=3072"},{"taxonomy":"product_tag","embeddable":true,"href":"https:\/\/info-n.com\/tn\/wp-json\/wp\/v2\/product_tag?post=3072"}],"curies":[{"name":"wp","href":"https:\/\/api.w.org\/{rel}","templated":true}]}}