{"id":3073,"date":"2026-03-27T15:30:37","date_gmt":"2026-03-27T14:30:37","guid":{"rendered":"https:\/\/info-n.com\/?post_type=product&#038;p=3073"},"modified":"2026-04-14T10:43:59","modified_gmt":"2026-04-14T09:43:59","slug":"cable-de-charge-usb-vers-type-c-kakusiga-ksc-805-24a","status":"publish","type":"product","link":"https:\/\/info-n.com\/tn\/shop\/cable-de-charge-usb-vers-type-c-kakusiga-ksc-805-24a\/","title":{"rendered":"Cable de Charge USB Vers Type-C KAKUSIGA KSC-805 2,4A"},"content":{"rendered":"<p>C\u00e2ble KAKUSIGA KSC-805, USB vers Type-C, charge stable 2,4A pour smartphones et tablettes Android..<br \/>\nMod\u00e8le : KAKUSIGA KSC-805 &#8211; Connecteur : USB-A vers Type-C &#8211; Intensit\u00e9 : 2,4A &#8211; Fonction : Charge rapide et transfert de donn\u00e9es &#8211; Compatibilit\u00e9 : Smartphones Android, tablettes, appareils Type-C &#8211; Longueur : 1 m\u00e8tre &#8211; Mat\u00e9riau : Nylon tress\u00e9 durable<\/p>\n","protected":false},"excerpt":{"rendered":"<p>Le c\u00e2ble de charge KAKUSIGA KSC-805 (USB vers Type-C) est un accessoire de connectivit\u00e9 standard con\u00e7u pour la recharge et la synchronisation de donn\u00e9es.<\/p>\n","protected":false},"featured_media":2987,"template":"","meta":[],"product_brand":[364],"product_cat":[697],"product_tag":[57,69,134,135,156,159,163,195,196,1790,363,365,1793,1909,646,650,655,1792,659,1791,1794],"class_list":{"0":"post-3073","1":"product","2":"type-product","3":"status-publish","4":"has-post-thumbnail","6":"product_brand-kakusiga","7":"product_cat-cable-chargeur","8":"product_tag-57","9":"product_tag-4a","10":"product_tag-cable-charge","11":"product_tag-cable-chargeur","12":"product_tag-cable-smartphone","13":"product_tag-cable-type-c","14":"product_tag-cable-usb","15":"product_tag-charge","16":"product_tag-chargeur","17":"product_tag-charging-cable","18":"product_tag-kaku","19":"product_tag-kakusiga","20":"product_tag-smartphone-charger-cable","21":"product_tag-tunisie","22":"product_tag-type-c","23":"product_tag-type-c-usb","24":"product_tag-usb","25":"product_tag-usb-cable","26":"product_tag-usb-c","27":"product_tag-1791","28":"product_tag-1794","30":"first","31":"instock","32":"sale","33":"taxable","34":"shipping-taxable","35":"purchasable","36":"product-type-simple"},"aioseo_notices":[],"_links":{"self":[{"href":"https:\/\/info-n.com\/tn\/wp-json\/wp\/v2\/product\/3073","targetHints":{"allow":["GET"]}}],"collection":[{"href":"https:\/\/info-n.com\/tn\/wp-json\/wp\/v2\/product"}],"about":[{"href":"https:\/\/info-n.com\/tn\/wp-json\/wp\/v2\/types\/product"}],"wp:featuredmedia":[{"embeddable":true,"href":"https:\/\/info-n.com\/tn\/wp-json\/wp\/v2\/media\/2987"}],"wp:attachment":[{"href":"https:\/\/info-n.com\/tn\/wp-json\/wp\/v2\/media?parent=3073"}],"wp:term":[{"taxonomy":"product_brand","embeddable":true,"href":"https:\/\/info-n.com\/tn\/wp-json\/wp\/v2\/product_brand?post=3073"},{"taxonomy":"product_cat","embeddable":true,"href":"https:\/\/info-n.com\/tn\/wp-json\/wp\/v2\/product_cat?post=3073"},{"taxonomy":"product_tag","embeddable":true,"href":"https:\/\/info-n.com\/tn\/wp-json\/wp\/v2\/product_tag?post=3073"}],"curies":[{"name":"wp","href":"https:\/\/api.w.org\/{rel}","templated":true}]}}