{"id":3074,"date":"2026-03-27T15:33:03","date_gmt":"2026-03-27T14:33:03","guid":{"rendered":"https:\/\/info-n.com\/?post_type=product&#038;p=3074"},"modified":"2026-04-14T10:12:24","modified_gmt":"2026-04-14T09:12:24","slug":"cable-audio-jack-male-vers-2x-rca-male","status":"publish","type":"product","link":"https:\/\/info-n.com\/tn\/shop\/cable-audio-jack-male-vers-2x-rca-male\/","title":{"rendered":"C\u00e2ble Audio Jack vers 2x RCA"},"content":{"rendered":"<p>Type : C\u00e2ble Audio (Jack 3,5 mm m\u00e2le vers 2x RCA m\u00e2les) &#8211; Connectique : St\u00e9r\u00e9o &#8211; Longueur : 1,5M &#8211; Mat\u00e9riau : Gaine PVC flexible &#8211; Transmission : Qualit\u00e9 sonore Hi-Fi &#8211; Compatibilit\u00e9 : PC, smartphones, tablettes vers amplificateurs et enceintes.<\/p>\n","protected":false},"excerpt":{"rendered":"<p>Le c\u00e2ble Jack m\u00e2le vers double RCA m\u00e2le est un adaptateur analogique standard utilis\u00e9 pour transmettre un signal audio st\u00e9r\u00e9o entre deux appareils dot\u00e9s de connectiques diff\u00e9rentes.<\/p>\n","protected":false},"featured_media":2967,"template":"","meta":[],"product_brand":[],"product_cat":[694,696],"product_tag":[78,126,129,139,153,242,243,352,353,517,1909,1813],"class_list":{"0":"post-3074","1":"product","2":"type-product","3":"status-publish","4":"has-post-thumbnail","6":"product_cat-adaptateur-convertisseur","7":"product_cat-cable-audio-video","8":"product_tag-adaptateur","9":"product_tag-cable","10":"product_tag-cable-aux","11":"product_tag-cable-jack","12":"product_tag-cable-rca","13":"product_tag-converter","14":"product_tag-convertisseur","15":"product_tag-jack","16":"product_tag-jack-rca","17":"product_tag-rca","18":"product_tag-tunisie","19":"product_tag-1813","21":"first","22":"instock","23":"sale","24":"taxable","25":"shipping-taxable","26":"purchasable","27":"product-type-simple"},"aioseo_notices":[],"_links":{"self":[{"href":"https:\/\/info-n.com\/tn\/wp-json\/wp\/v2\/product\/3074","targetHints":{"allow":["GET"]}}],"collection":[{"href":"https:\/\/info-n.com\/tn\/wp-json\/wp\/v2\/product"}],"about":[{"href":"https:\/\/info-n.com\/tn\/wp-json\/wp\/v2\/types\/product"}],"wp:featuredmedia":[{"embeddable":true,"href":"https:\/\/info-n.com\/tn\/wp-json\/wp\/v2\/media\/2967"}],"wp:attachment":[{"href":"https:\/\/info-n.com\/tn\/wp-json\/wp\/v2\/media?parent=3074"}],"wp:term":[{"taxonomy":"product_brand","embeddable":true,"href":"https:\/\/info-n.com\/tn\/wp-json\/wp\/v2\/product_brand?post=3074"},{"taxonomy":"product_cat","embeddable":true,"href":"https:\/\/info-n.com\/tn\/wp-json\/wp\/v2\/product_cat?post=3074"},{"taxonomy":"product_tag","embeddable":true,"href":"https:\/\/info-n.com\/tn\/wp-json\/wp\/v2\/product_tag?post=3074"}],"curies":[{"name":"wp","href":"https:\/\/api.w.org\/{rel}","templated":true}]}}