{"id":3075,"date":"2026-03-27T15:34:30","date_gmt":"2026-03-27T14:34:30","guid":{"rendered":"https:\/\/info-n.com\/?post_type=product&#038;p=3075"},"modified":"2026-04-18T13:15:24","modified_gmt":"2026-04-18T12:15:24","slug":"cable-audio-lightning-male-vers-jack-male-jh-023","status":"publish","type":"product","link":"https:\/\/info-n.com\/tn\/shop\/cable-audio-lightning-male-vers-jack-male-jh-023\/","title":{"rendered":"Cable Audio Lightning vers Jack JH-023"},"content":{"rendered":"<p>Mod\u00e8le : JH-023 &#8211; Type : Adaptateur Audio (Lightning vers Jack 3,5 mm femelle) &#8211; Connectique : Connecteur Lightning haute performance &#8211; Mat\u00e9riau : Gaine flexible et connecteurs renforc\u00e9s &#8211; Transmission : Son Hi-Fi haute fid\u00e9lit\u00e9 &#8211; Compatibilit\u00e9 : iPhones et iPads avec port Lightning &#8211; Installation : Plug &#038; Play automatique.<\/p>\n","protected":false},"excerpt":{"rendered":"<p>Le c\u00e2ble Audio Lightning M\u00e2le vers Jack M\u00e2le est un adaptateur de conversion audio sp\u00e9cifique permettant de relier un appareil Apple (iPhone, iPad, iPod) dot\u00e9 d&rsquo;un port Lightning directement \u00e0 une entr\u00e9e Jack 3.5 mm m\u00e2le (comme celle d&rsquo;un autoradio, d&rsquo;une enceinte ou d&rsquo;un casque).<\/p>\n","protected":false},"featured_media":2993,"template":"","meta":[],"product_brand":[],"product_cat":[694,696,297,719],"product_tag":[78,82,126,127,129,242,243,352,357,499,1909,1813],"class_list":{"0":"post-3075","1":"product","2":"type-product","3":"status-publish","4":"has-post-thumbnail","6":"product_cat-adaptateur-convertisseur","7":"product_cat-cable-audio-video","8":"product_cat-promo","9":"product_cat-otg-adaptateur","10":"product_tag-adaptateur","11":"product_tag-adapter","12":"product_tag-cable","13":"product_tag-cable-audio","14":"product_tag-cable-aux","15":"product_tag-converter","16":"product_tag-convertisseur","17":"product_tag-jack","18":"product_tag-jh-023","19":"product_tag-promotion","20":"product_tag-tunisie","21":"product_tag-1813","23":"first","24":"instock","25":"sale","26":"featured","27":"taxable","28":"shipping-taxable","29":"purchasable","30":"product-type-simple"},"aioseo_notices":[],"_links":{"self":[{"href":"https:\/\/info-n.com\/tn\/wp-json\/wp\/v2\/product\/3075","targetHints":{"allow":["GET"]}}],"collection":[{"href":"https:\/\/info-n.com\/tn\/wp-json\/wp\/v2\/product"}],"about":[{"href":"https:\/\/info-n.com\/tn\/wp-json\/wp\/v2\/types\/product"}],"wp:featuredmedia":[{"embeddable":true,"href":"https:\/\/info-n.com\/tn\/wp-json\/wp\/v2\/media\/2993"}],"wp:attachment":[{"href":"https:\/\/info-n.com\/tn\/wp-json\/wp\/v2\/media?parent=3075"}],"wp:term":[{"taxonomy":"product_brand","embeddable":true,"href":"https:\/\/info-n.com\/tn\/wp-json\/wp\/v2\/product_brand?post=3075"},{"taxonomy":"product_cat","embeddable":true,"href":"https:\/\/info-n.com\/tn\/wp-json\/wp\/v2\/product_cat?post=3075"},{"taxonomy":"product_tag","embeddable":true,"href":"https:\/\/info-n.com\/tn\/wp-json\/wp\/v2\/product_tag?post=3075"}],"curies":[{"name":"wp","href":"https:\/\/api.w.org\/{rel}","templated":true}]}}