{"id":3080,"date":"2026-03-27T15:55:11","date_gmt":"2026-03-27T14:55:11","guid":{"rendered":"https:\/\/info-n.com\/?post_type=product&#038;p=3080"},"modified":"2026-04-18T13:15:24","modified_gmt":"2026-04-18T12:15:24","slug":"adaptateur-otg-lightning-male-vers-micro-usb-femelle-jokade-jc002","status":"publish","type":"product","link":"https:\/\/info-n.com\/tn\/shop\/adaptateur-otg-lightning-male-vers-micro-usb-femelle-jokade-jc002\/","title":{"rendered":"Adaptateur OTG Lightning vers Micro-USB JOKADE JC002"},"content":{"rendered":"<p>Adaptateur OTG Lightning vers Micro USB JOKADE JC002 est un accessoire compact permettant de connecter facilement vos appareils Lightning (Apple) \u00e0 des p\u00e9riph\u00e9riques Micro USB, assurant transfert de donn\u00e9es et compatibilit\u00e9 pratique.<\/p>\n","protected":false},"excerpt":{"rendered":"<p>L&rsquo;adaptateur JOKADE JC002 est un convertisseur compact con\u00e7u pour transformer un connecteur Lightning (femelle) en une sortie Micro USB (m\u00e2le). Contrairement aux adaptateurs OTG classiques qui permettent de brancher une cl\u00e9 USB sur un t\u00e9l\u00e9phone, ce mod\u00e8le sp\u00e9cifique sert principalement \u00e0 r\u00e9utiliser vos accessoires Apple avec des appareils Android ou d&rsquo;autres p\u00e9riph\u00e9riques \u00e9quip\u00e9s d&rsquo;un port Micro USB.<\/p>\n","protected":false},"featured_media":3022,"template":"","meta":[],"product_brand":[360],"product_cat":[297,719],"product_tag":[78,82,242,243,392,393,423,427,459,499,1909,655,1813],"class_list":{"0":"post-3080","1":"product","2":"type-product","3":"status-publish","4":"has-post-thumbnail","6":"product_brand-jokade","7":"product_cat-promo","8":"product_cat-otg-adaptateur","9":"product_tag-adaptateur","10":"product_tag-adapter","11":"product_tag-converter","12":"product_tag-convertisseur","13":"product_tag-lightning","14":"product_tag-lightning-micro-usb","15":"product_tag-micro","16":"product_tag-micro-usb","17":"product_tag-otg","18":"product_tag-promotion","19":"product_tag-tunisie","20":"product_tag-usb","21":"product_tag-1813","23":"first","24":"instock","25":"sale","26":"featured","27":"taxable","28":"shipping-taxable","29":"purchasable","30":"product-type-simple"},"aioseo_notices":[],"_links":{"self":[{"href":"https:\/\/info-n.com\/tn\/wp-json\/wp\/v2\/product\/3080","targetHints":{"allow":["GET"]}}],"collection":[{"href":"https:\/\/info-n.com\/tn\/wp-json\/wp\/v2\/product"}],"about":[{"href":"https:\/\/info-n.com\/tn\/wp-json\/wp\/v2\/types\/product"}],"wp:featuredmedia":[{"embeddable":true,"href":"https:\/\/info-n.com\/tn\/wp-json\/wp\/v2\/media\/3022"}],"wp:attachment":[{"href":"https:\/\/info-n.com\/tn\/wp-json\/wp\/v2\/media?parent=3080"}],"wp:term":[{"taxonomy":"product_brand","embeddable":true,"href":"https:\/\/info-n.com\/tn\/wp-json\/wp\/v2\/product_brand?post=3080"},{"taxonomy":"product_cat","embeddable":true,"href":"https:\/\/info-n.com\/tn\/wp-json\/wp\/v2\/product_cat?post=3080"},{"taxonomy":"product_tag","embeddable":true,"href":"https:\/\/info-n.com\/tn\/wp-json\/wp\/v2\/product_tag?post=3080"}],"curies":[{"name":"wp","href":"https:\/\/api.w.org\/{rel}","templated":true}]}}