{"id":3082,"date":"2026-03-27T15:56:55","date_gmt":"2026-03-27T14:56:55","guid":{"rendered":"https:\/\/info-n.com\/?post_type=product&#038;p=3082"},"modified":"2026-04-14T09:52:05","modified_gmt":"2026-04-14T08:52:05","slug":"adaptateur-otg-usb-male-vers-type-c-femelle","status":"publish","type":"product","link":"https:\/\/info-n.com\/tn\/shop\/adaptateur-otg-usb-male-vers-type-c-femelle\/","title":{"rendered":"Adaptateur OTG USB Vers Type-C"},"content":{"rendered":"<p>Adaptateur OTG USB-A M\u00e2le vers USB-C Femelle<br \/>\nTransfert de donn\u00e9es (OTG) : Permet de connecter des p\u00e9riph\u00e9riques USB-C (cl\u00e9s USB, disques durs, lecteurs de cartes) \u00e0 un ordinateur ou une tablette pour \u00e9changer des fichiers &#8211; Vitesse de transfert : jusqu&rsquo;\u00e0 5 Gbps &#8211; Puissance de charge : Souvent limit\u00e9e \u00e0 15W (5V\/3A) &#8211; Plug &#038; Play : Fonctionne instantan\u00e9ment sans installation de pilote<\/p>\n","protected":false},"excerpt":{"rendered":"<p>L&rsquo;adaptateur OTG USB M\u00e2le (USB-A) vers Type C Femelle est un petit convertisseur con\u00e7u pour moderniser vos ports USB classiques. Il permet principalement d&rsquo;utiliser des c\u00e2bles ou p\u00e9riph\u00e9riques r\u00e9cents (\u00e9quip\u00e9s d&rsquo;une fiche USB-C) sur des appareils plus anciens ne poss\u00e9dant que des ports USB-A standards (ordinateurs, chargeurs muraux, autoradios).<\/p>\n","protected":false},"featured_media":2995,"template":"","meta":[],"product_brand":[],"product_cat":[719],"product_tag":[78,82,242,243,459,1909,646,650,655,1813],"class_list":{"0":"post-3082","1":"product","2":"type-product","3":"status-publish","4":"has-post-thumbnail","6":"product_cat-otg-adaptateur","7":"product_tag-adaptateur","8":"product_tag-adapter","9":"product_tag-converter","10":"product_tag-convertisseur","11":"product_tag-otg","12":"product_tag-tunisie","13":"product_tag-type-c","14":"product_tag-type-c-usb","15":"product_tag-usb","16":"product_tag-1813","18":"first","19":"instock","20":"sale","21":"taxable","22":"shipping-taxable","23":"purchasable","24":"product-type-simple"},"aioseo_notices":[],"_links":{"self":[{"href":"https:\/\/info-n.com\/tn\/wp-json\/wp\/v2\/product\/3082","targetHints":{"allow":["GET"]}}],"collection":[{"href":"https:\/\/info-n.com\/tn\/wp-json\/wp\/v2\/product"}],"about":[{"href":"https:\/\/info-n.com\/tn\/wp-json\/wp\/v2\/types\/product"}],"wp:featuredmedia":[{"embeddable":true,"href":"https:\/\/info-n.com\/tn\/wp-json\/wp\/v2\/media\/2995"}],"wp:attachment":[{"href":"https:\/\/info-n.com\/tn\/wp-json\/wp\/v2\/media?parent=3082"}],"wp:term":[{"taxonomy":"product_brand","embeddable":true,"href":"https:\/\/info-n.com\/tn\/wp-json\/wp\/v2\/product_brand?post=3082"},{"taxonomy":"product_cat","embeddable":true,"href":"https:\/\/info-n.com\/tn\/wp-json\/wp\/v2\/product_cat?post=3082"},{"taxonomy":"product_tag","embeddable":true,"href":"https:\/\/info-n.com\/tn\/wp-json\/wp\/v2\/product_tag?post=3082"}],"curies":[{"name":"wp","href":"https:\/\/api.w.org\/{rel}","templated":true}]}}