{"id":3083,"date":"2026-03-27T15:58:16","date_gmt":"2026-03-27T14:58:16","guid":{"rendered":"https:\/\/info-n.com\/?post_type=product&#038;p=3083"},"modified":"2026-04-14T09:47:21","modified_gmt":"2026-04-14T08:47:21","slug":"adaptateur-otg-usb-type-c-male-vers-usb-femelle-rt-ot06-usb-3-0","status":"publish","type":"product","link":"https:\/\/info-n.com\/tn\/shop\/adaptateur-otg-usb-type-c-male-vers-usb-femelle-rt-ot06-usb-3-0\/","title":{"rendered":"Adaptateur OTG USB Type C Vers USB RT-OT06 &#8211; USB 3.0"},"content":{"rendered":"<p>Adaptateur OTG USB Type C Vers USB RT-OT06 &#8211; USB 3.0<br \/>\nInterface : USB Type-C (m\u00e2le) vers USB 3.0 (femelle) &#8211; Vitesse de transfert : Jusqu&rsquo;\u00e0 5 Gbps &#8211; Courant de sortie : Supporte jusqu&rsquo;\u00e0 3A<\/p>\n","protected":false},"excerpt":{"rendered":"<p>L&rsquo;Adaptateur OTG Remax RT-OT06 est un convertisseur compact permettant de transformer un port USB Type-C m\u00e2le en un port USB 3.0 femelle. Ce mod\u00e8le est particuli\u00e8rement appr\u00e9ci\u00e9 pour sa robustesse et sa rapidit\u00e9 de transfert de donn\u00e9es.<\/p>\n","protected":false},"featured_media":3010,"template":"","meta":[],"product_brand":[],"product_cat":[719],"product_tag":[78,82,242,243,459,1909,646,650,655,1813],"class_list":{"0":"post-3083","1":"product","2":"type-product","3":"status-publish","4":"has-post-thumbnail","6":"product_cat-otg-adaptateur","7":"product_tag-adaptateur","8":"product_tag-adapter","9":"product_tag-converter","10":"product_tag-convertisseur","11":"product_tag-otg","12":"product_tag-tunisie","13":"product_tag-type-c","14":"product_tag-type-c-usb","15":"product_tag-usb","16":"product_tag-1813","18":"first","19":"instock","20":"sale","21":"taxable","22":"shipping-taxable","23":"purchasable","24":"product-type-simple"},"aioseo_notices":[],"_links":{"self":[{"href":"https:\/\/info-n.com\/tn\/wp-json\/wp\/v2\/product\/3083","targetHints":{"allow":["GET"]}}],"collection":[{"href":"https:\/\/info-n.com\/tn\/wp-json\/wp\/v2\/product"}],"about":[{"href":"https:\/\/info-n.com\/tn\/wp-json\/wp\/v2\/types\/product"}],"wp:featuredmedia":[{"embeddable":true,"href":"https:\/\/info-n.com\/tn\/wp-json\/wp\/v2\/media\/3010"}],"wp:attachment":[{"href":"https:\/\/info-n.com\/tn\/wp-json\/wp\/v2\/media?parent=3083"}],"wp:term":[{"taxonomy":"product_brand","embeddable":true,"href":"https:\/\/info-n.com\/tn\/wp-json\/wp\/v2\/product_brand?post=3083"},{"taxonomy":"product_cat","embeddable":true,"href":"https:\/\/info-n.com\/tn\/wp-json\/wp\/v2\/product_cat?post=3083"},{"taxonomy":"product_tag","embeddable":true,"href":"https:\/\/info-n.com\/tn\/wp-json\/wp\/v2\/product_tag?post=3083"}],"curies":[{"name":"wp","href":"https:\/\/api.w.org\/{rel}","templated":true}]}}