{"id":3084,"date":"2026-03-27T16:04:36","date_gmt":"2026-03-27T15:04:36","guid":{"rendered":"https:\/\/info-n.com\/?post_type=product&#038;p=3084"},"modified":"2026-04-13T16:55:23","modified_gmt":"2026-04-13T15:55:23","slug":"adaptateur-hdmi-male-vers-vga-femelle-avec-cable-audio","status":"publish","type":"product","link":"https:\/\/info-n.com\/tn\/shop\/adaptateur-hdmi-male-vers-vga-femelle-avec-cable-audio\/","title":{"rendered":"Adaptateur HDMI M\u00e2le Vers VGA Femelle avec Cable Audio"},"content":{"rendered":"<p>Adaptateur HDMI M\u00e2le Vers VGA Femelle avec Cable Audio<br \/>\nR\u00e9solution : Full HD 1080p &#8211; Longueur : 0.25M &#8211; Couleur : Noir<\/p>\n","protected":false},"excerpt":{"rendered":"<p>L&rsquo;adaptateur HDMI vers VGA avec audio permet de connecter un appareil moderne (ordinateur, console, bo\u00eetier TV) \u00e0 un ancien \u00e9cran ou projecteur VGA tout en extrayant le signal sonore via une prise jack 3,5 mm.<\/p>\n","protected":false},"featured_media":3025,"template":"","meta":[],"product_brand":[],"product_cat":[694],"product_tag":[78,127,137,166,242,243,323,1909,666,1813],"class_list":{"0":"post-3084","1":"product","2":"type-product","3":"status-publish","4":"has-post-thumbnail","6":"product_cat-adaptateur-convertisseur","7":"product_tag-adaptateur","8":"product_tag-cable-audio","9":"product_tag-cable-hdmi","10":"product_tag-cable-vga","11":"product_tag-converter","12":"product_tag-convertisseur","13":"product_tag-hdmi","14":"product_tag-tunisie","15":"product_tag-vga","16":"product_tag-1813","18":"first","19":"instock","20":"sale","21":"taxable","22":"shipping-taxable","23":"purchasable","24":"product-type-simple"},"aioseo_notices":[],"_links":{"self":[{"href":"https:\/\/info-n.com\/tn\/wp-json\/wp\/v2\/product\/3084","targetHints":{"allow":["GET"]}}],"collection":[{"href":"https:\/\/info-n.com\/tn\/wp-json\/wp\/v2\/product"}],"about":[{"href":"https:\/\/info-n.com\/tn\/wp-json\/wp\/v2\/types\/product"}],"wp:featuredmedia":[{"embeddable":true,"href":"https:\/\/info-n.com\/tn\/wp-json\/wp\/v2\/media\/3025"}],"wp:attachment":[{"href":"https:\/\/info-n.com\/tn\/wp-json\/wp\/v2\/media?parent=3084"}],"wp:term":[{"taxonomy":"product_brand","embeddable":true,"href":"https:\/\/info-n.com\/tn\/wp-json\/wp\/v2\/product_brand?post=3084"},{"taxonomy":"product_cat","embeddable":true,"href":"https:\/\/info-n.com\/tn\/wp-json\/wp\/v2\/product_cat?post=3084"},{"taxonomy":"product_tag","embeddable":true,"href":"https:\/\/info-n.com\/tn\/wp-json\/wp\/v2\/product_tag?post=3084"}],"curies":[{"name":"wp","href":"https:\/\/api.w.org\/{rel}","templated":true}]}}