{"id":3095,"date":"2026-03-27T16:25:25","date_gmt":"2026-03-27T15:25:25","guid":{"rendered":"https:\/\/info-n.com\/?post_type=product&#038;p=3095"},"modified":"2026-04-18T13:21:13","modified_gmt":"2026-04-18T12:21:13","slug":"tablette-decriture-numerique-lcd-12-pour-enfants-rose","status":"publish","type":"product","link":"https:\/\/info-n.com\/tn\/shop\/tablette-decriture-numerique-lcd-12-pour-enfants-rose\/","title":{"rendered":"Tablette d&rsquo;\u00e9criture num\u00e9rique LCD 12&Prime; pour enfants &#8211; Rose"},"content":{"rendered":"<p>Tablette d&rsquo;\u00e9criture num\u00e9rique LCD 12&Prime; pour enfants &#8211; Type : Tablette d&rsquo;\u00e9criture LCD &#8211; Taille : 12 pouces (282 x 185 x 5 mm) &#8211; Technologie : Panneau LCD RGB (multicolore) &#8211; Fonctions : Bouton d&rsquo;effacement rapide &#8211; \u00c9cran : R\u00e9sistant aux rayures &#8211; Public : Enfants (3+) et professionnels &#8211; Design : Ultra-fin et l\u00e9ger<\/p>\n","protected":false},"excerpt":{"rendered":"<p>La tablette d&rsquo;\u00e9criture LCD 12 pouces est un accessoire pratique pour prendre des notes, dessiner ou laisser des messages sans gaspiller de papier.<\/p>\n","protected":false},"featured_media":2966,"template":"","meta":[],"product_brand":[],"product_cat":[297,626],"product_tag":[50,100,101,1762,1773,267,1770,275,1779,1765,368,1782,382,383,457,1785,1776,499,1788,622,624,1784,625,1761,1772,1778,1769,1781,1764,1767,1775,1787,1909,679,1771,1783,1777,1789,1786,1774,1766,1780,1768,1763],"class_list":{"0":"post-3095","1":"product","2":"type-product","3":"status-publish","4":"has-post-thumbnail","6":"product_cat-promo","7":"product_cat-tablette-graphique","8":"product_tag-12-pouces","9":"product_tag-ardoise","10":"product_tag-ardoise-magique","11":"product_tag-digital-writing-tablet","12":"product_tag-drawing-tablet","13":"product_tag-ecriture","14":"product_tag-electronic-writing-pad","15":"product_tag-enfants","16":"product_tag-erasable-tablet","17":"product_tag-graphic-tablet","18":"product_tag-kids","19":"product_tag-kids-writing-tablet","20":"product_tag-lcd","21":"product_tag-lcd-writing-tablet","22":"product_tag-numerique","23":"product_tag-office-writing-tablet","24":"product_tag-portable-writing-tablet","25":"product_tag-promotion","26":"product_tag-school-writing-tablet","27":"product_tag-tablet","28":"product_tag-tablette","29":"product_tag-tablette-bureau","30":"product_tag-tablette-decriture","31":"product_tag-tablette-decriture-numerique","32":"product_tag-tablette-de-dessin","33":"product_tag-tablette-effacable","34":"product_tag-tablette-electronique","35":"product_tag-tablette-enfant","36":"product_tag-tablette-graphique","37":"product_tag-tablette-lcd","38":"product_tag-tablette-portable","39":"product_tag-tablette-scolaire","40":"product_tag-tunisie","41":"product_tag-writing","42":"product_tag-1771","43":"product_tag-1783","44":"product_tag-1777","45":"product_tag-1789","46":"product_tag-1786","47":"product_tag-1774","48":"product_tag-1766","49":"product_tag-1780","50":"product_tag---lcd","51":"product_tag-1763","53":"first","54":"instock","55":"sale","56":"featured","57":"taxable","58":"shipping-taxable","59":"purchasable","60":"product-type-simple"},"aioseo_notices":[],"_links":{"self":[{"href":"https:\/\/info-n.com\/tn\/wp-json\/wp\/v2\/product\/3095","targetHints":{"allow":["GET"]}}],"collection":[{"href":"https:\/\/info-n.com\/tn\/wp-json\/wp\/v2\/product"}],"about":[{"href":"https:\/\/info-n.com\/tn\/wp-json\/wp\/v2\/types\/product"}],"wp:featuredmedia":[{"embeddable":true,"href":"https:\/\/info-n.com\/tn\/wp-json\/wp\/v2\/media\/2966"}],"wp:attachment":[{"href":"https:\/\/info-n.com\/tn\/wp-json\/wp\/v2\/media?parent=3095"}],"wp:term":[{"taxonomy":"product_brand","embeddable":true,"href":"https:\/\/info-n.com\/tn\/wp-json\/wp\/v2\/product_brand?post=3095"},{"taxonomy":"product_cat","embeddable":true,"href":"https:\/\/info-n.com\/tn\/wp-json\/wp\/v2\/product_cat?post=3095"},{"taxonomy":"product_tag","embeddable":true,"href":"https:\/\/info-n.com\/tn\/wp-json\/wp\/v2\/product_tag?post=3095"}],"curies":[{"name":"wp","href":"https:\/\/api.w.org\/{rel}","templated":true}]}}