{"id":3096,"date":"2026-03-27T16:38:17","date_gmt":"2026-03-27T15:38:17","guid":{"rendered":"https:\/\/info-n.com\/?post_type=product&#038;p=3096"},"modified":"2026-04-18T13:15:24","modified_gmt":"2026-04-18T12:15:24","slug":"manchons-de-doigt-gaming-pour-jeux-smartphone","status":"publish","type":"product","link":"https:\/\/info-n.com\/tn\/shop\/manchons-de-doigt-gaming-pour-jeux-smartphone\/","title":{"rendered":"Manchons de Doigt Gaming pour Jeux Smartphone"},"content":{"rendered":"<p>Manchons de Doigt Gaming pour Jeux Smartphone &#8211; Manchons de doigt (finger sleeves) &#8211; Usage Gaming mobile &amp; tablette (PUBG, Free Fire, CoD) &#8211; Mat\u00e9riau Coton &#8211; Anti-friction &amp; Anti-transpiration &#8211; Taille universelle &#8211; Couleur Noir.<\/p>\n","protected":false},"excerpt":{"rendered":"<p>Les Wasp Feelers sont des manchons de doigt (finger sleeves) con\u00e7us pour le gaming mobile intense, visant \u00e0 \u00e9liminer la friction et les probl\u00e8mes de transpiration sur l&rsquo;\u00e9cran. Ils sont particuli\u00e8rement populaires pour les jeux de tir comme PUBG Mobile, Free Fire ou Call of Duty Mobile.<\/p>\n","protected":false},"featured_media":3000,"template":"","meta":[],"product_brand":[],"product_cat":[689,297],"product_tag":[96,250,251,291,24,301,302,356,403,404,405,499,563,1909],"class_list":{"0":"post-3096","1":"product","2":"type-product","3":"status-publish","4":"has-post-thumbnail","6":"product_cat-pdivers","7":"product_cat-promo","8":"product_tag-anti-transpiration","9":"product_tag-doigt","10":"product_tag-doigt-manchon","11":"product_tag-finger-sleeves","12":"product_tag-gaming","13":"product_tag-gants","14":"product_tag-gants-de-jeu","15":"product_tag-jeux","16":"product_tag-manchettes","17":"product_tag-manchon","18":"product_tag-manchon-de-doigt","19":"product_tag-promotion","20":"product_tag-smartphone","21":"product_tag-tunisie","23":"first","24":"instock","25":"sale","26":"featured","27":"taxable","28":"shipping-taxable","29":"purchasable","30":"product-type-simple"},"aioseo_notices":[],"_links":{"self":[{"href":"https:\/\/info-n.com\/tn\/wp-json\/wp\/v2\/product\/3096","targetHints":{"allow":["GET"]}}],"collection":[{"href":"https:\/\/info-n.com\/tn\/wp-json\/wp\/v2\/product"}],"about":[{"href":"https:\/\/info-n.com\/tn\/wp-json\/wp\/v2\/types\/product"}],"wp:featuredmedia":[{"embeddable":true,"href":"https:\/\/info-n.com\/tn\/wp-json\/wp\/v2\/media\/3000"}],"wp:attachment":[{"href":"https:\/\/info-n.com\/tn\/wp-json\/wp\/v2\/media?parent=3096"}],"wp:term":[{"taxonomy":"product_brand","embeddable":true,"href":"https:\/\/info-n.com\/tn\/wp-json\/wp\/v2\/product_brand?post=3096"},{"taxonomy":"product_cat","embeddable":true,"href":"https:\/\/info-n.com\/tn\/wp-json\/wp\/v2\/product_cat?post=3096"},{"taxonomy":"product_tag","embeddable":true,"href":"https:\/\/info-n.com\/tn\/wp-json\/wp\/v2\/product_tag?post=3096"}],"curies":[{"name":"wp","href":"https:\/\/api.w.org\/{rel}","templated":true}]}}