{"id":3097,"date":"2026-03-27T16:40:53","date_gmt":"2026-03-27T15:40:53","guid":{"rendered":"https:\/\/info-n.com\/?post_type=product&#038;p=3097"},"modified":"2026-04-18T13:21:12","modified_gmt":"2026-04-18T12:21:12","slug":"chargeur-rapide-scoot-20w-type-c-avec-cable-type-c-vers-lightning","status":"publish","type":"product","link":"https:\/\/info-n.com\/tn\/shop\/chargeur-rapide-scoot-20w-type-c-avec-cable-type-c-vers-lightning\/","title":{"rendered":"Chargeur Rapide SCOOT 20W Type-C Avec Cable Type-C vers Lightning"},"content":{"rendered":"<p>Chargeur Rapide SCOOT 20W Type-C avec C\u00e2ble Type-C vers Lightning &#8211; Puissance : 20W PD (Power Delivery) charge rapide &#8211; Port : USB-C haute puissance &#8211; C\u00e2ble inclus : Type-C vers Lightning &#8211; S\u00e9curit\u00e9 : Protection surcharge, surtension, court-circuit &#8211; Compatibilit\u00e9 : iPhone, iPad, iPod avec connecteur Lightning<\/p>\n","protected":false},"excerpt":{"rendered":"<p>Le Chargeur Rapide SCOOT 20W USB-C accompagn\u00e9 de son C\u00e2ble USB-C vers Lightning est une solution de recharge optimis\u00e9e pour les utilisateurs d&rsquo;iPhone et d&rsquo;iPad.<\/p>\n","protected":false},"featured_media":3020,"template":"","meta":[],"product_brand":[549],"product_cat":[705,297],"product_tag":[143,159,162,196,206,207,209,347,392,1795,499,550,1909,646,1797,1454,1796],"class_list":{"0":"post-3097","1":"product","2":"type-product","3":"status-publish","4":"has-post-thumbnail","6":"product_brand-scoot","7":"product_cat-chargeur-telephone","8":"product_cat-promo","9":"product_tag-cable-lightning","10":"product_tag-cable-type-c","11":"product_tag-cable-type-c-vers-lightning","12":"product_tag-chargeur","13":"product_tag-chargeur-iphone","14":"product_tag-chargeur-lightning","15":"product_tag-chargeur-type-c","16":"product_tag-iphone","17":"product_tag-lightning","18":"product_tag-phone-charger","19":"product_tag-promotion","20":"product_tag-scoot","21":"product_tag-tunisie","22":"product_tag-type-c","23":"product_tag-1797","24":"product_tag-1454","25":"product_tag-1796","27":"first","28":"instock","29":"sale","30":"featured","31":"taxable","32":"shipping-taxable","33":"purchasable","34":"product-type-simple"},"aioseo_notices":[],"_links":{"self":[{"href":"https:\/\/info-n.com\/tn\/wp-json\/wp\/v2\/product\/3097","targetHints":{"allow":["GET"]}}],"collection":[{"href":"https:\/\/info-n.com\/tn\/wp-json\/wp\/v2\/product"}],"about":[{"href":"https:\/\/info-n.com\/tn\/wp-json\/wp\/v2\/types\/product"}],"wp:featuredmedia":[{"embeddable":true,"href":"https:\/\/info-n.com\/tn\/wp-json\/wp\/v2\/media\/3020"}],"wp:attachment":[{"href":"https:\/\/info-n.com\/tn\/wp-json\/wp\/v2\/media?parent=3097"}],"wp:term":[{"taxonomy":"product_brand","embeddable":true,"href":"https:\/\/info-n.com\/tn\/wp-json\/wp\/v2\/product_brand?post=3097"},{"taxonomy":"product_cat","embeddable":true,"href":"https:\/\/info-n.com\/tn\/wp-json\/wp\/v2\/product_cat?post=3097"},{"taxonomy":"product_tag","embeddable":true,"href":"https:\/\/info-n.com\/tn\/wp-json\/wp\/v2\/product_tag?post=3097"}],"curies":[{"name":"wp","href":"https:\/\/api.w.org\/{rel}","templated":true}]}}