{"id":3099,"date":"2026-03-27T16:43:58","date_gmt":"2026-03-27T15:43:58","guid":{"rendered":"https:\/\/info-n.com\/?post_type=product&#038;p=3099"},"modified":"2026-04-18T13:15:23","modified_gmt":"2026-04-18T12:15:23","slug":"dongle-tv-chromecast-4k-hdmi-wifi","status":"publish","type":"product","link":"https:\/\/info-n.com\/tn\/shop\/dongle-tv-chromecast-4k-hdmi-wifi\/","title":{"rendered":"Dongle TV CHROMECAST 4K &#8211; HDMI WIFI"},"content":{"rendered":"<p>Dongle TV CHROMECAST 4K &#8211; HDMI WIFI &#8211; Mod\u00e8le : Google Chromecast avec Google TV (4K) &#8211; R\u00e9solution : 4K Ultra HD (60 FPS) &#8211; OS : Google TV &#8211; HDR : Dolby Vision, HDR10+, HDR10 &#8211; Audio : Dolby Atmos &#8211; Connectivit\u00e9 : Wi-Fi 802.11ac &#8211; Compatibilit\u00e9 : Android, iOS, Windows, Mac<\/p>\n","protected":false},"excerpt":{"rendered":"<p>Le Google Chromecast avec Google TV (4K) est une passerelle multim\u00e9dia performante qui transforme n&rsquo;importe quel t\u00e9l\u00e9viseur \u00e9quip\u00e9 d&rsquo;un port HDMI en Smart TV 4K. Bien qu&rsquo;une version \u00ab\u00a0FULL HD\u00a0\u00bb limit\u00e9e au 1080p existe, le mod\u00e8le 4K offre une qualit\u00e9 d&rsquo;image sup\u00e9rieure et des fonctionnalit\u00e9s plus avanc\u00e9es.<\/p>\n","protected":false},"featured_media":3023,"template":"","meta":[],"product_brand":[],"product_cat":[710,297],"product_tag":[70,1593,1611,1605,97,1596,211,252,1599,1602,253,1614,323,1598,1608,1607,1610,499,1613,1601,1595,1909,1591,677,1604,1615,1597,1592,1603,1606,1600,1594,1612,1609],"class_list":{"0":"post-3099","1":"product","2":"type-product","3":"status-publish","4":"has-post-thumbnail","6":"product_cat-android-tv","7":"product_cat-promo","8":"product_tag-4k","9":"product_tag-adaptateur-tv","10":"product_tag-adaptateur-tv-portable","11":"product_tag-affichage-sans-fil","12":"product_tag-anycast","13":"product_tag-appareil-de-streaming","14":"product_tag-chromecast","15":"product_tag-dongle","16":"product_tag-dongle-hdmi","17":"product_tag-dongle-smart-tv","18":"product_tag-dongle-tv","19":"product_tag-duplication-decran","20":"product_tag-hdmi","21":"product_tag-hdmi-dongle","22":"product_tag-lecteur-multimedia","23":"product_tag-media-player","24":"product_tag-portable-tv-adapter","25":"product_tag-promotion","26":"product_tag-screen-mirroring","27":"product_tag-smart-tv-dongle","28":"product_tag-streaming-device","29":"product_tag-tunisie","30":"product_tag-tv-dongle","31":"product_tag-wifi","32":"product_tag-wireless-display","33":"product_tag-1615","34":"product_tag-1597","35":"product_tag-1592","36":"product_tag-1603","37":"product_tag-1606","38":"product_tag--hdmi","39":"product_tag-1594","40":"product_tag-1612","41":"product_tag-1609","43":"first","44":"instock","45":"sale","46":"featured","47":"taxable","48":"shipping-taxable","49":"purchasable","50":"product-type-simple"},"aioseo_notices":[],"_links":{"self":[{"href":"https:\/\/info-n.com\/tn\/wp-json\/wp\/v2\/product\/3099","targetHints":{"allow":["GET"]}}],"collection":[{"href":"https:\/\/info-n.com\/tn\/wp-json\/wp\/v2\/product"}],"about":[{"href":"https:\/\/info-n.com\/tn\/wp-json\/wp\/v2\/types\/product"}],"wp:featuredmedia":[{"embeddable":true,"href":"https:\/\/info-n.com\/tn\/wp-json\/wp\/v2\/media\/3023"}],"wp:attachment":[{"href":"https:\/\/info-n.com\/tn\/wp-json\/wp\/v2\/media?parent=3099"}],"wp:term":[{"taxonomy":"product_brand","embeddable":true,"href":"https:\/\/info-n.com\/tn\/wp-json\/wp\/v2\/product_brand?post=3099"},{"taxonomy":"product_cat","embeddable":true,"href":"https:\/\/info-n.com\/tn\/wp-json\/wp\/v2\/product_cat?post=3099"},{"taxonomy":"product_tag","embeddable":true,"href":"https:\/\/info-n.com\/tn\/wp-json\/wp\/v2\/product_tag?post=3099"}],"curies":[{"name":"wp","href":"https:\/\/api.w.org\/{rel}","templated":true}]}}