{"id":3100,"date":"2026-03-27T16:47:55","date_gmt":"2026-03-27T15:47:55","guid":{"rendered":"https:\/\/info-n.com\/?post_type=product&#038;p=3100"},"modified":"2026-04-18T13:15:27","modified_gmt":"2026-04-18T12:15:27","slug":"radio-mini-numerique-portable-joc-h2303-s-5w-rouge-bluetooth-cle-usb-micro-sd","status":"publish","type":"product","link":"https:\/\/info-n.com\/tn\/shop\/radio-mini-numerique-portable-joc-h2303-s-5w-rouge-bluetooth-cle-usb-micro-sd\/","title":{"rendered":"Radio Mini Num\u00e9rique Portable JOC H2303-S 5W &#8211; Rouge"},"content":{"rendered":"<p>Radio Mini Num\u00e9rique Portable JOC H2303-S 5W &#8211; Rouge<\/p>\n<p>Radio FM num\u00e9rique avec m\u00e9morisation automatique &#8211; Lecteur MP3 via USB et Carte Micro-SD &#8211; Connectivit\u00e9 Bluetooth sans fil &#8211; Technologie TWS (couplage st\u00e9r\u00e9o avec une deuxi\u00e8me radio) &#8211; Triple alimentation (Panneau solaire int\u00e9gr\u00e9, Batterie 18650 rempla\u00e7able et Secteur AC 110V\/220V) &#8211; Affichage digital pr\u00e9cis &#8211; Design r\u00e9tro compact color\u00e9<\/p>\n","protected":false},"excerpt":{"rendered":"<p>La Radio Mini Num\u00e9rique Portable JOC H2303-S Rouge est une version compacte et color\u00e9e qui regroupe l&rsquo;essentiel des fonctionnalit\u00e9s multim\u00e9dias modernes dans un bo\u00eetier au style r\u00e9tro.<\/p>\n","protected":false},"featured_media":2992,"template":"","meta":[],"product_brand":[358],"product_cat":[297,715,722],"product_tag":[1726,1684,1582,1313,116,1718,1540,171,271,272,1314,1302,1687,310,311,316,317,320,1683,1669,1672,1677,1675,1695,1680,359,1583,443,452,1721,1690,1729,1686,1694,1688,1720,1542,499,504,1725,505,1731,510,1728,762,511,512,513,1716,545,566,37,581,1732,1315,582,1909,1692,1723,1541,1584,1722,1719,1733,1727,1717,1724,1549,1730,1693,1574,1511,1509,1691,1514,1689,1590,1685,1696],"class_list":{"0":"post-3100","1":"product","2":"type-product","3":"status-publish","4":"has-post-thumbnail","6":"product_brand-joc","7":"product_cat-promo","8":"product_cat-haut-parleur-sans-fil","9":"product_cat-radio","10":"product_tag-audio-radio","11":"product_tag-audio-speaker","12":"product_tag-autonomie-longue-duree","13":"product_tag-baffle","14":"product_tag-bluetooth","15":"product_tag-bluetooth-radio","16":"product_tag-bluetooth-speaker","17":"product_tag-carte-memoire","18":"product_tag-enceinte","19":"product_tag-enceinte-bluetooth","20":"product_tag-enceinte-rechargeable","21":"product_tag-enceinte-sans-fil","22":"product_tag-gaming-speaker","23":"product_tag-haut-parleur","24":"product_tag-haut-parleur-bluetooth","25":"product_tag-haut-parleur-portable","26":"product_tag-haut-parleur-rechargeable","27":"product_tag-haut-parleur-sans-fil","28":"product_tag-haut-parleur-audio","29":"product_tag-haut-parleur-bureau","30":"product_tag-haut-parleur-gaming","31":"product_tag-haut-parleur-multimedia","32":"product_tag-haut-parleur-musique","33":"product_tag-haut-parleur-reduction-de-bruit","34":"product_tag-haut-parleur-usb","35":"product_tag-joc","36":"product_tag-long-battery-life","37":"product_tag-mini-radio","38":"product_tag-mp3","39":"product_tag-mp3-radio","40":"product_tag-multimedia-speaker","41":"product_tag-music-radio","42":"product_tag-music-speaker","43":"product_tag-noise-cancelling-speaker","44":"product_tag-office-speaker","45":"product_tag-portable-radio","46":"product_tag-portable-speaker","47":"product_tag-promotion","48":"product_tag-radio","49":"product_tag-radio-audio","50":"product_tag-radio-bluetooth","51":"product_tag-radio-haut-parleur","52":"product_tag-radio-mp3","53":"product_tag-radio-musique","54":"product_tag-radio-portable","55":"product_tag-radio-rechargeable","56":"product_tag-radio-rechargeable-via-solaire","57":"product_tag-radio-sans-fil","58":"product_tag-rechargeable-radio","59":"product_tag-sans-fil","60":"product_tag-solaire","61":"product_tag-speaker","62":"product_tag-speaker-bluetooth","63":"product_tag-speaker-radio","64":"product_tag-speaker-rechargeable","65":"product_tag-speaker-sans-fil","66":"product_tag-tunisie","67":"product_tag-usb-speaker","68":"product_tag-wireless-radio","69":"product_tag-wireless-speaker","70":"product_tag-1584","71":"product_tag-1722","72":"product_tag-1719","73":"product_tag-1733","74":"product_tag-1727","75":"product_tag-1717","76":"product_tag-1724","77":"product_tag-1549","78":"product_tag-1730","79":"product_tag--usb","80":"product_tag-1574","81":"product_tag-1511","82":"product_tag-1509","83":"product_tag-1691","84":"product_tag-1514","85":"product_tag-1689","86":"product_tag-1590","87":"product_tag-1685","88":"product_tag-1696","90":"first","91":"instock","92":"sale","93":"featured","94":"taxable","95":"shipping-taxable","96":"purchasable","97":"product-type-simple"},"aioseo_notices":[],"_links":{"self":[{"href":"https:\/\/info-n.com\/tn\/wp-json\/wp\/v2\/product\/3100","targetHints":{"allow":["GET"]}}],"collection":[{"href":"https:\/\/info-n.com\/tn\/wp-json\/wp\/v2\/product"}],"about":[{"href":"https:\/\/info-n.com\/tn\/wp-json\/wp\/v2\/types\/product"}],"wp:featuredmedia":[{"embeddable":true,"href":"https:\/\/info-n.com\/tn\/wp-json\/wp\/v2\/media\/2992"}],"wp:attachment":[{"href":"https:\/\/info-n.com\/tn\/wp-json\/wp\/v2\/media?parent=3100"}],"wp:term":[{"taxonomy":"product_brand","embeddable":true,"href":"https:\/\/info-n.com\/tn\/wp-json\/wp\/v2\/product_brand?post=3100"},{"taxonomy":"product_cat","embeddable":true,"href":"https:\/\/info-n.com\/tn\/wp-json\/wp\/v2\/product_cat?post=3100"},{"taxonomy":"product_tag","embeddable":true,"href":"https:\/\/info-n.com\/tn\/wp-json\/wp\/v2\/product_tag?post=3100"}],"curies":[{"name":"wp","href":"https:\/\/api.w.org\/{rel}","templated":true}]}}