{"id":3101,"date":"2026-03-27T16:52:30","date_gmt":"2026-03-27T15:52:30","guid":{"rendered":"https:\/\/info-n.com\/?post_type=product&#038;p=3101"},"modified":"2026-04-18T13:15:23","modified_gmt":"2026-04-18T12:15:23","slug":"casque-sans-fil-blackwave-bh02-bluetooth-carte-memoire-noir","status":"publish","type":"product","link":"https:\/\/info-n.com\/tn\/shop\/casque-sans-fil-blackwave-bh02-bluetooth-carte-memoire-noir\/","title":{"rendered":"Casque Sans Fil BLACKWAVE BH02 Bluetooth &#038; Carte M\u00e9moire &#8211; Noir"},"content":{"rendered":"<p>Casque Sans Fil BLACKWAVE BH02 Bluetooth &#038; Carte M\u00e9moire<br \/>\nBatterie : 200 mAh &#8211; Autonomie : Jusqu&rsquo;\u00e0 6 heures &#8211; Haut-parleur : 40 mm &#8211; R\u00e9ponse en fr\u00e9quence : 20 Hz &#8211; 20 KHz &#8211; Connecteur : Jack 3.5 mm &#8211; Sensibilit\u00e9 : 114 dB\/mW &#8211; Fonctions : Contr\u00f4le du volume, pause\/lecture, microphone int\u00e9gr\u00e9 &#8211; Compatibilit\u00e9 : Smartphones, tablettes, PC, consoles, \u00e9quipements de communication &#8211; Usage : Appels t\u00e9l\u00e9phoniques, musique, gaming, visioconf\u00e9rence<\/p>\n","protected":false},"excerpt":{"rendered":"<p>Le BlackWave BH-02 est un casque sans fil (Bluetooth) r\u00e9put\u00e9 pour son rapport qualit\u00e9-prix, offrant une connectivit\u00e9 moderne, son clair, r\u00e9duction de bruit intelligente et design pliable l\u00e9ger..<\/p>\n","protected":false},"featured_media":2988,"template":"","meta":[],"product_brand":[112],"product_cat":[704,297],"product_tag":[1585,1582,113,175,1505,177,1587,190,1586,1583,1589,456,1579,499,1580,545,1909,1577,1581,1584,1588,1511,1578,1570,1590],"class_list":{"0":"post-3101","1":"product","2":"type-product","3":"status-publish","4":"has-post-thumbnail","6":"product_brand-blackwave","7":"product_cat-casque-sans-fil","8":"product_cat-promo","9":"product_tag-audio-headset","10":"product_tag-autonomie-longue-duree","11":"product_tag-blackwave","12":"product_tag-casque","13":"product_tag-casque-audio","14":"product_tag-casque-bluetooth","15":"product_tag-casque-gaming-sans-fil","16":"product_tag-casque-sans-fil","17":"product_tag-gaming-headset-wireless","18":"product_tag-long-battery-life","19":"product_tag-music-headphones","20":"product_tag-musique","21":"product_tag-noise-cancelling","22":"product_tag-promotion","23":"product_tag-reduction-de-bruit","24":"product_tag-sans-fil","25":"product_tag-tunisie","26":"product_tag-wireless-headphones","27":"product_tag-1581","28":"product_tag-1584","29":"product_tag-1588","30":"product_tag-1511","31":"product_tag-1578","32":"product_tag-1570","33":"product_tag-1590","35":"first","36":"instock","37":"sale","38":"featured","39":"taxable","40":"shipping-taxable","41":"purchasable","42":"product-type-simple"},"aioseo_notices":[],"_links":{"self":[{"href":"https:\/\/info-n.com\/tn\/wp-json\/wp\/v2\/product\/3101","targetHints":{"allow":["GET"]}}],"collection":[{"href":"https:\/\/info-n.com\/tn\/wp-json\/wp\/v2\/product"}],"about":[{"href":"https:\/\/info-n.com\/tn\/wp-json\/wp\/v2\/types\/product"}],"wp:featuredmedia":[{"embeddable":true,"href":"https:\/\/info-n.com\/tn\/wp-json\/wp\/v2\/media\/2988"}],"wp:attachment":[{"href":"https:\/\/info-n.com\/tn\/wp-json\/wp\/v2\/media?parent=3101"}],"wp:term":[{"taxonomy":"product_brand","embeddable":true,"href":"https:\/\/info-n.com\/tn\/wp-json\/wp\/v2\/product_brand?post=3101"},{"taxonomy":"product_cat","embeddable":true,"href":"https:\/\/info-n.com\/tn\/wp-json\/wp\/v2\/product_cat?post=3101"},{"taxonomy":"product_tag","embeddable":true,"href":"https:\/\/info-n.com\/tn\/wp-json\/wp\/v2\/product_tag?post=3101"}],"curies":[{"name":"wp","href":"https:\/\/api.w.org\/{rel}","templated":true}]}}