{"id":3104,"date":"2026-03-27T16:59:07","date_gmt":"2026-03-27T15:59:07","guid":{"rendered":"https:\/\/info-n.com\/?post_type=product&#038;p=3104"},"modified":"2026-04-18T13:15:24","modified_gmt":"2026-04-18T12:15:24","slug":"mini-haut-parleur-de-telephone-portable-bluetooth-kisonli-c100-avec-aimant-bluetooth-mp3","status":"publish","type":"product","link":"https:\/\/info-n.com\/tn\/shop\/mini-haut-parleur-de-telephone-portable-bluetooth-kisonli-c100-avec-aimant-bluetooth-mp3\/","title":{"rendered":"Mini Haut Parleur Sans Fil Rechargeable KISONLI C100 avec aimant"},"content":{"rendered":"<p>Mini Haut Parleur Sans Fil Rechargeable KISONLI C100<\/p>\n<p>Puissance de sortie 5W &#8211; \u00c9clairage LED RGB dynamique &#8211; Bluetooth 5.3 (port\u00e9e 10m) &#8211; Fonction TWS (couplage st\u00e9r\u00e9o) &#8211; Port USB &#8211; Batterie rechargeable 400 mAh &#8211; Autonomie 3 \u00e0 5 heures &#8211; Recharge via port Type-C (1-2h) &#8211; Mat\u00e9riaux en ABS et grille m\u00e9tallique &#8211; Fixation magn\u00e9tique innovante &#8211; Design ultra-compact (58&#215;47 mm)<\/p>\n","protected":false},"excerpt":{"rendered":"<p>Le Haut-parleur de t\u00e9l\u00e9phone portable miniature Kisonli C100 est un mini haut-parleur Bluetooth ultra-portable con\u00e7u sp\u00e9cifiquement pour une utilisation mobile gr\u00e2ce \u00e0 son format \u00ab\u00a0pocket\u00a0\u00bb et son syst\u00e8me de fixation magn\u00e9tique innovant.<\/p>\n","protected":false},"featured_media":3006,"template":"","meta":[],"product_brand":[369],"product_cat":[689,297,715],"product_tag":[1684,1582,1313,116,1540,271,272,1314,1302,1687,310,311,316,317,320,1683,1669,1672,1677,1675,1695,1680,370,1583,442,444,1690,1686,1694,1688,1542,499,545,37,581,1315,582,1909,1692,1541,1584,1693,1574,1511,1509,1691,1514,1689,1590,1685,1696],"class_list":{"0":"post-3104","1":"product","2":"type-product","3":"status-publish","4":"has-post-thumbnail","6":"product_brand-kisonli","7":"product_cat-pdivers","8":"product_cat-promo","9":"product_cat-haut-parleur-sans-fil","10":"product_tag-audio-speaker","11":"product_tag-autonomie-longue-duree","12":"product_tag-baffle","13":"product_tag-bluetooth","14":"product_tag-bluetooth-speaker","15":"product_tag-enceinte","16":"product_tag-enceinte-bluetooth","17":"product_tag-enceinte-rechargeable","18":"product_tag-enceinte-sans-fil","19":"product_tag-gaming-speaker","20":"product_tag-haut-parleur","21":"product_tag-haut-parleur-bluetooth","22":"product_tag-haut-parleur-portable","23":"product_tag-haut-parleur-rechargeable","24":"product_tag-haut-parleur-sans-fil","25":"product_tag-haut-parleur-audio","26":"product_tag-haut-parleur-bureau","27":"product_tag-haut-parleur-gaming","28":"product_tag-haut-parleur-multimedia","29":"product_tag-haut-parleur-musique","30":"product_tag-haut-parleur-reduction-de-bruit","31":"product_tag-haut-parleur-usb","32":"product_tag-kisonli","33":"product_tag-long-battery-life","34":"product_tag-mini-haut-parleur","35":"product_tag-mini-speaker","36":"product_tag-multimedia-speaker","37":"product_tag-music-speaker","38":"product_tag-noise-cancelling-speaker","39":"product_tag-office-speaker","40":"product_tag-portable-speaker","41":"product_tag-promotion","42":"product_tag-sans-fil","43":"product_tag-speaker","44":"product_tag-speaker-bluetooth","45":"product_tag-speaker-rechargeable","46":"product_tag-speaker-sans-fil","47":"product_tag-tunisie","48":"product_tag-usb-speaker","49":"product_tag-wireless-speaker","50":"product_tag-1584","51":"product_tag--usb","52":"product_tag-1574","53":"product_tag-1511","54":"product_tag-1509","55":"product_tag-1691","56":"product_tag-1514","57":"product_tag-1689","58":"product_tag-1590","59":"product_tag-1685","60":"product_tag-1696","62":"first","63":"instock","64":"sale","65":"featured","66":"taxable","67":"shipping-taxable","68":"purchasable","69":"product-type-simple"},"aioseo_notices":[],"_links":{"self":[{"href":"https:\/\/info-n.com\/tn\/wp-json\/wp\/v2\/product\/3104","targetHints":{"allow":["GET"]}}],"collection":[{"href":"https:\/\/info-n.com\/tn\/wp-json\/wp\/v2\/product"}],"about":[{"href":"https:\/\/info-n.com\/tn\/wp-json\/wp\/v2\/types\/product"}],"wp:featuredmedia":[{"embeddable":true,"href":"https:\/\/info-n.com\/tn\/wp-json\/wp\/v2\/media\/3006"}],"wp:attachment":[{"href":"https:\/\/info-n.com\/tn\/wp-json\/wp\/v2\/media?parent=3104"}],"wp:term":[{"taxonomy":"product_brand","embeddable":true,"href":"https:\/\/info-n.com\/tn\/wp-json\/wp\/v2\/product_brand?post=3104"},{"taxonomy":"product_cat","embeddable":true,"href":"https:\/\/info-n.com\/tn\/wp-json\/wp\/v2\/product_cat?post=3104"},{"taxonomy":"product_tag","embeddable":true,"href":"https:\/\/info-n.com\/tn\/wp-json\/wp\/v2\/product_tag?post=3104"}],"curies":[{"name":"wp","href":"https:\/\/api.w.org\/{rel}","templated":true}]}}