{"id":3105,"date":"2026-03-27T17:00:53","date_gmt":"2026-03-27T16:00:53","guid":{"rendered":"https:\/\/info-n.com\/?post_type=product&#038;p=3105"},"modified":"2026-04-18T13:15:22","modified_gmt":"2026-04-18T12:15:22","slug":"radio-et-haut-parleur-sans-fil-yuegan-yg-227bt-8w-rouge-bois-bluetooth-cle-usb-micro-sd","status":"publish","type":"product","link":"https:\/\/info-n.com\/tn\/shop\/radio-et-haut-parleur-sans-fil-yuegan-yg-227bt-8w-rouge-bois-bluetooth-cle-usb-micro-sd\/","title":{"rendered":"Radio et Haut-parleur Sans fil YUEGAN YG-227BT &#8211; Rouge Bois"},"content":{"rendered":"<p>Radio et Haut-parleur Sans fil YUEGAN YG-227BT<\/p>\n<div class=\"Y3BBE\" data-sfc-cp=\"\" data-sfc-root=\"c\" data-sfc-cb=\"\" data-hveid=\"CAEIARAA\" data-processed=\"true\" data-complete=\"true\"><span data-subtree=\"aimfl\" data-processed=\"true\">Radio 3 bandes FM\/AM\/SW &#8211; Puissance de sortie 8W &#8211; Connectivit\u00e9 sans fil Bluetooth &#8211; Lecteur MP3 via port USB et carte TF &#8211; Entr\u00e9e auxiliaire AUX &#8211; Design r\u00e9tro vintage en bois rouge &#8211; Antenne t\u00e9lescopique haute sensibilit\u00e9 &#8211; Dimensions 200 x 100 x 145 mm.<\/span><\/div>\n","protected":false},"excerpt":{"rendered":"<p>Le radio-haut-parleur Bluetooth Yuegan YG-227BT est un appareil portable polyvalent qui combine radio traditionnelle et enceinte sans fil moderne. Id\u00e9al pour une utilisation \u00e0 la maison, en ext\u00e9rieur ou en d\u00e9placement, il offre une excellente qualit\u00e9 sonore et plusieurs options de lecture.<\/p>\n","protected":false},"featured_media":3014,"template":"","meta":[],"product_brand":[686],"product_cat":[297,715,722],"product_tag":[1726,1684,1582,1313,116,1718,1540,171,271,272,1314,1302,1687,310,311,316,317,320,1683,1669,1672,1677,1675,1695,1680,1583,452,1721,1690,1729,1686,1694,1688,1720,1542,499,504,1725,505,1731,510,1728,762,511,513,1716,545,37,581,1732,1315,582,1909,1692,1723,1541,687,1584,1722,1719,1733,1727,1717,1724,1549,1730,1693,1574,1511,1509,1691,1514,1689,1590,1685,1696],"class_list":{"0":"post-3105","1":"product","2":"type-product","3":"status-publish","4":"has-post-thumbnail","6":"product_brand-yuegan","7":"product_cat-promo","8":"product_cat-haut-parleur-sans-fil","9":"product_cat-radio","10":"product_tag-audio-radio","11":"product_tag-audio-speaker","12":"product_tag-autonomie-longue-duree","13":"product_tag-baffle","14":"product_tag-bluetooth","15":"product_tag-bluetooth-radio","16":"product_tag-bluetooth-speaker","17":"product_tag-carte-memoire","18":"product_tag-enceinte","19":"product_tag-enceinte-bluetooth","20":"product_tag-enceinte-rechargeable","21":"product_tag-enceinte-sans-fil","22":"product_tag-gaming-speaker","23":"product_tag-haut-parleur","24":"product_tag-haut-parleur-bluetooth","25":"product_tag-haut-parleur-portable","26":"product_tag-haut-parleur-rechargeable","27":"product_tag-haut-parleur-sans-fil","28":"product_tag-haut-parleur-audio","29":"product_tag-haut-parleur-bureau","30":"product_tag-haut-parleur-gaming","31":"product_tag-haut-parleur-multimedia","32":"product_tag-haut-parleur-musique","33":"product_tag-haut-parleur-reduction-de-bruit","34":"product_tag-haut-parleur-usb","35":"product_tag-long-battery-life","36":"product_tag-mp3","37":"product_tag-mp3-radio","38":"product_tag-multimedia-speaker","39":"product_tag-music-radio","40":"product_tag-music-speaker","41":"product_tag-noise-cancelling-speaker","42":"product_tag-office-speaker","43":"product_tag-portable-radio","44":"product_tag-portable-speaker","45":"product_tag-promotion","46":"product_tag-radio","47":"product_tag-radio-audio","48":"product_tag-radio-bluetooth","49":"product_tag-radio-haut-parleur","50":"product_tag-radio-mp3","51":"product_tag-radio-musique","52":"product_tag-radio-portable","53":"product_tag-radio-rechargeable","54":"product_tag-radio-sans-fil","55":"product_tag-rechargeable-radio","56":"product_tag-sans-fil","57":"product_tag-speaker","58":"product_tag-speaker-bluetooth","59":"product_tag-speaker-radio","60":"product_tag-speaker-rechargeable","61":"product_tag-speaker-sans-fil","62":"product_tag-tunisie","63":"product_tag-usb-speaker","64":"product_tag-wireless-radio","65":"product_tag-wireless-speaker","66":"product_tag-yuegan","67":"product_tag-1584","68":"product_tag-1722","69":"product_tag-1719","70":"product_tag-1733","71":"product_tag-1727","72":"product_tag-1717","73":"product_tag-1724","74":"product_tag-1549","75":"product_tag-1730","76":"product_tag--usb","77":"product_tag-1574","78":"product_tag-1511","79":"product_tag-1509","80":"product_tag-1691","81":"product_tag-1514","82":"product_tag-1689","83":"product_tag-1590","84":"product_tag-1685","85":"product_tag-1696","87":"first","88":"instock","89":"sale","90":"featured","91":"taxable","92":"shipping-taxable","93":"purchasable","94":"product-type-simple"},"aioseo_notices":[],"_links":{"self":[{"href":"https:\/\/info-n.com\/tn\/wp-json\/wp\/v2\/product\/3105","targetHints":{"allow":["GET"]}}],"collection":[{"href":"https:\/\/info-n.com\/tn\/wp-json\/wp\/v2\/product"}],"about":[{"href":"https:\/\/info-n.com\/tn\/wp-json\/wp\/v2\/types\/product"}],"wp:featuredmedia":[{"embeddable":true,"href":"https:\/\/info-n.com\/tn\/wp-json\/wp\/v2\/media\/3014"}],"wp:attachment":[{"href":"https:\/\/info-n.com\/tn\/wp-json\/wp\/v2\/media?parent=3105"}],"wp:term":[{"taxonomy":"product_brand","embeddable":true,"href":"https:\/\/info-n.com\/tn\/wp-json\/wp\/v2\/product_brand?post=3105"},{"taxonomy":"product_cat","embeddable":true,"href":"https:\/\/info-n.com\/tn\/wp-json\/wp\/v2\/product_cat?post=3105"},{"taxonomy":"product_tag","embeddable":true,"href":"https:\/\/info-n.com\/tn\/wp-json\/wp\/v2\/product_tag?post=3105"}],"curies":[{"name":"wp","href":"https:\/\/api.w.org\/{rel}","templated":true}]}}