{"id":3362,"date":"2026-04-02T10:20:41","date_gmt":"2026-04-02T09:20:41","guid":{"rendered":"https:\/\/info-n.com\/tn\/?post_type=product&#038;p=3362"},"modified":"2026-04-18T13:15:23","modified_gmt":"2026-04-18T12:15:23","slug":"haut-parleur-bluetooth-okop-kp-835-noir","status":"publish","type":"product","link":"https:\/\/info-n.com\/tn\/shop\/haut-parleur-bluetooth-okop-kp-835-noir\/","title":{"rendered":"Haut Parleur Sans Fil Rechargeable OKOP KP-835 &#8211; Noir"},"content":{"rendered":"<p>Haut Parleur Sans Fil Rechargeable OKOP KP-835<\/p>\n<p>Puissance de sortie 12W (syst\u00e8me st\u00e9r\u00e9o) &#8211; Bluetooth 5.4 haute stabilit\u00e9 &#8211; Batterie rechargeable 1200 mAh &#8211; Bandeau LED RGB vertical dynamique &#8211; Lecteur carte TF (Micro SD) et Port USB &#8211; Radio FM int\u00e9gr\u00e9e &#8211; Entr\u00e9e AUX filaire &#8211; Mat\u00e9riaux ABS haute qualit\u00e9 &#8211; Dimensions compactes 85 x 85 x 173 mm &#8211; Dragonne de transport int\u00e9gr\u00e9e.<\/p>\n","protected":false},"excerpt":{"rendered":"<p>L&rsquo;OKOP KP-835 est une enceinte nomade de nouvelle g\u00e9n\u00e9ration alliant performance sonore et esth\u00e9tique lumineuse. Elle d\u00e9livre une puissance de 12W pour une exp\u00e9rience audio riche en basses.<\/p>\n","protected":false},"featured_media":3370,"template":"","meta":[],"product_brand":[728],"product_cat":[297,715],"product_tag":[1684,1582,1313,116,1540,271,272,1314,1302,1687,310,731,311,316,317,320,1683,1669,1672,1677,1675,1695,1680,730,1583,1690,1686,1694,1688,729,487,1542,545,37,581,1315,582,1909,1692,1541,1584,1693,1574,1511,1509,1691,1514,1689,1590,1685,1696],"class_list":{"0":"post-3362","1":"product","2":"type-product","3":"status-publish","4":"has-post-thumbnail","6":"product_brand-okop","7":"product_cat-promo","8":"product_cat-haut-parleur-sans-fil","9":"product_tag-audio-speaker","10":"product_tag-autonomie-longue-duree","11":"product_tag-baffle","12":"product_tag-bluetooth","13":"product_tag-bluetooth-speaker","14":"product_tag-enceinte","15":"product_tag-enceinte-bluetooth","16":"product_tag-enceinte-rechargeable","17":"product_tag-enceinte-sans-fil","18":"product_tag-gaming-speaker","19":"product_tag-haut-parleur","20":"product_tag-haut-parleur-12w","21":"product_tag-haut-parleur-bluetooth","22":"product_tag-haut-parleur-portable","23":"product_tag-haut-parleur-rechargeable","24":"product_tag-haut-parleur-sans-fil","25":"product_tag-haut-parleur-audio","26":"product_tag-haut-parleur-bureau","27":"product_tag-haut-parleur-gaming","28":"product_tag-haut-parleur-multimedia","29":"product_tag-haut-parleur-musique","30":"product_tag-haut-parleur-reduction-de-bruit","31":"product_tag-haut-parleur-usb","32":"product_tag-kp-835","33":"product_tag-long-battery-life","34":"product_tag-multimedia-speaker","35":"product_tag-music-speaker","36":"product_tag-noise-cancelling-speaker","37":"product_tag-office-speaker","38":"product_tag-okop","39":"product_tag-portable","40":"product_tag-portable-speaker","41":"product_tag-sans-fil","42":"product_tag-speaker","43":"product_tag-speaker-bluetooth","44":"product_tag-speaker-rechargeable","45":"product_tag-speaker-sans-fil","46":"product_tag-tunisie","47":"product_tag-usb-speaker","48":"product_tag-wireless-speaker","49":"product_tag-1584","50":"product_tag--usb","51":"product_tag-1574","52":"product_tag-1511","53":"product_tag-1509","54":"product_tag-1691","55":"product_tag-1514","56":"product_tag-1689","57":"product_tag-1590","58":"product_tag-1685","59":"product_tag-1696","61":"first","62":"instock","63":"sale","64":"featured","65":"taxable","66":"shipping-taxable","67":"purchasable","68":"product-type-simple"},"aioseo_notices":[],"_links":{"self":[{"href":"https:\/\/info-n.com\/tn\/wp-json\/wp\/v2\/product\/3362","targetHints":{"allow":["GET"]}}],"collection":[{"href":"https:\/\/info-n.com\/tn\/wp-json\/wp\/v2\/product"}],"about":[{"href":"https:\/\/info-n.com\/tn\/wp-json\/wp\/v2\/types\/product"}],"wp:featuredmedia":[{"embeddable":true,"href":"https:\/\/info-n.com\/tn\/wp-json\/wp\/v2\/media\/3370"}],"wp:attachment":[{"href":"https:\/\/info-n.com\/tn\/wp-json\/wp\/v2\/media?parent=3362"}],"wp:term":[{"taxonomy":"product_brand","embeddable":true,"href":"https:\/\/info-n.com\/tn\/wp-json\/wp\/v2\/product_brand?post=3362"},{"taxonomy":"product_cat","embeddable":true,"href":"https:\/\/info-n.com\/tn\/wp-json\/wp\/v2\/product_cat?post=3362"},{"taxonomy":"product_tag","embeddable":true,"href":"https:\/\/info-n.com\/tn\/wp-json\/wp\/v2\/product_tag?post=3362"}],"curies":[{"name":"wp","href":"https:\/\/api.w.org\/{rel}","templated":true}]}}