{"id":3375,"date":"2026-04-02T10:43:08","date_gmt":"2026-04-02T09:43:08","guid":{"rendered":"https:\/\/info-n.com\/tn\/?post_type=product&#038;p=3375"},"modified":"2026-04-18T13:21:11","modified_gmt":"2026-04-18T12:21:11","slug":"adaptateur-pour-prise-universelle-electrique-avec-interrupteur","status":"publish","type":"product","link":"https:\/\/info-n.com\/tn\/shop\/adaptateur-pour-prise-universelle-electrique-avec-interrupteur\/","title":{"rendered":"Adaptateur pour prise universelle \u00e9lectrique avec Interrupteur"},"content":{"rendered":"<p>Adaptateur pour prise universelle \u00e9lectrique avec Interrupteur<br \/>\nCompatibilit\u00e9 universelle : Accepte les standards internationaux pour appareils import\u00e9s &#8211; Interrupteur ON\/OFF : Coupure de l&rsquo;alimentation sans d\u00e9branchement pour \u00e9conomie d&rsquo;\u00e9nergie &#8211; Indicateur lumineux : T\u00e9moin LED de mise sous tension &#8211; Prises multiples : Emplacements additionnels selon le mod\u00e8le &#8211; Tension de fonctionnement : 250V &#8211; Usage : Appareils domestiques standards (smartphones, ordinateurs, petit \u00e9lectrom\u00e9nager<\/p>\n","protected":false},"excerpt":{"rendered":"<p>Fiche multiprise 3 prises avec adaptateur de prise universel est un accessoire de voyage ou domestique con\u00e7u pour connecter des appareils dot\u00e9s de diff\u00e9rents types de fiches (UK, US, UE, CA, JP, MX, AR, CU,IN, FR, BE, RU,MY, CN, SG, ZA, AE, SA) sur des prises murales de type europ\u00e9en.<\/p>\n","protected":false},"featured_media":3374,"template":"","meta":[],"product_brand":[],"product_cat":[690,698,297],"product_tag":[78,740,737,738,742,741,739,743,735,736,82,776,771,773,769,242,243,778,268,779,768,772,775,733,777,774,757,758,734,491,746,749,756,747,752,750,753,748,745,755,754,744,751,760,759,770,780,1909,732,1813],"class_list":{"0":"post-3375","1":"product","2":"type-product","3":"status-publish","4":"has-post-thumbnail","6":"product_cat-idivers","7":"product_cat-cables-dalimentation","8":"product_cat-promo","9":"product_tag-adaptateur","10":"product_tag-adaptateur-ae","11":"product_tag-adaptateur-aus","12":"product_tag-adaptateur-cn","13":"product_tag-adaptateur-de-voyage","14":"product_tag-adaptateur-international","15":"product_tag-adaptateur-sa","16":"product_tag-adaptateur-ue","17":"product_tag-adaptateur-uk","18":"product_tag-adaptateur-us","19":"product_tag-adapter","20":"product_tag-afrique-du-sud","21":"product_tag-australie","22":"product_tag-belgique","23":"product_tag-canada","24":"product_tag-converter","25":"product_tag-convertisseur","26":"product_tag-cuba","27":"product_tag-electrique","28":"product_tag-emirats-arabes-unis","29":"product_tag-etats-unis","30":"product_tag-france","31":"product_tag-inde","32":"product_tag-interrupteur","33":"product_tag-japon","34":"product_tag-mexique","35":"product_tag-multi-fiche","36":"product_tag-multifiche","37":"product_tag-multiprise","38":"product_tag-prise","39":"product_tag-prise-afrique-du-sud","40":"product_tag-prise-allemagne","41":"product_tag-prise-american","42":"product_tag-prise-australie","43":"product_tag-prise-canada","44":"product_tag-prise-coree-du-sud","45":"product_tag-prise-etats-unis","46":"product_tag-prise-france","47":"product_tag-prise-inde","48":"product_tag-prise-japon","49":"product_tag-prise-mexique","50":"product_tag-prise-royaume-uni","51":"product_tag-prise-russie","52":"product_tag-prise-saudi","53":"product_tag-prise-usa","54":"product_tag-royaume-uni","55":"product_tag-saudi-arabia","56":"product_tag-tunisie","57":"product_tag-universelle","58":"product_tag-1813","60":"first","61":"instock","62":"sale","63":"featured","64":"taxable","65":"shipping-taxable","66":"purchasable","67":"product-type-simple"},"aioseo_notices":[],"_links":{"self":[{"href":"https:\/\/info-n.com\/tn\/wp-json\/wp\/v2\/product\/3375","targetHints":{"allow":["GET"]}}],"collection":[{"href":"https:\/\/info-n.com\/tn\/wp-json\/wp\/v2\/product"}],"about":[{"href":"https:\/\/info-n.com\/tn\/wp-json\/wp\/v2\/types\/product"}],"wp:featuredmedia":[{"embeddable":true,"href":"https:\/\/info-n.com\/tn\/wp-json\/wp\/v2\/media\/3374"}],"wp:attachment":[{"href":"https:\/\/info-n.com\/tn\/wp-json\/wp\/v2\/media?parent=3375"}],"wp:term":[{"taxonomy":"product_brand","embeddable":true,"href":"https:\/\/info-n.com\/tn\/wp-json\/wp\/v2\/product_brand?post=3375"},{"taxonomy":"product_cat","embeddable":true,"href":"https:\/\/info-n.com\/tn\/wp-json\/wp\/v2\/product_cat?post=3375"},{"taxonomy":"product_tag","embeddable":true,"href":"https:\/\/info-n.com\/tn\/wp-json\/wp\/v2\/product_tag?post=3375"}],"curies":[{"name":"wp","href":"https:\/\/api.w.org\/{rel}","templated":true}]}}