{"id":3416,"date":"2026-04-02T16:10:17","date_gmt":"2026-04-02T15:10:17","guid":{"rendered":"https:\/\/info-n.com\/tn\/?post_type=product&#038;p=3416"},"modified":"2026-04-14T10:04:08","modified_gmt":"2026-04-14T09:04:08","slug":"box-android-tv-x88-pro-android-14-4-64go-avec-telecommande-vocale","status":"publish","type":"product","link":"https:\/\/info-n.com\/tn\/shop\/box-android-tv-x88-pro-android-14-4-64go-avec-telecommande-vocale\/","title":{"rendered":"Box Android TV X88 PRO ANDROID 14 4\/64Go avec T\u00e9l\u00e9commande vocale"},"content":{"rendered":"<p>Le X88 PRO ANDROID 14 est une box TV Android de nouvelle g\u00e9n\u00e9ration con\u00e7ue pour transformer n&rsquo;importe quel t\u00e9l\u00e9viseur en Smart TV performante.<br \/>\nCaract\u00e9ristiques :<br \/>\nSyst\u00e8me d&rsquo;exploitation : Fonctionne sous Android 14.0, offrant une interface fluide et l&rsquo;acc\u00e8s aux derni\u00e8res applications du Play Store.<br \/>\nM\u00e9moire &amp; Stockage : \u00c9quip\u00e9e de 4 Go de RAM pour le multit\u00e2che et de 64 Go de stockage interne (ROM) pour vos applications et fichiers.<br \/>\nPerformances : Propuls\u00e9e par un processeur Rockchip RK3528 Quad-Core, capable de supporter la r\u00e9solution 4K UHD et le d\u00e9codage vid\u00e9o jusqu&rsquo;\u00e0 8K.<br \/>\nConnectivit\u00e9 : Supporte le Wi-Fi 6 double bande (2.4G\/5G) pour un streaming sans latence et le Bluetooth 5.0 pour connecter des p\u00e9riph\u00e9riques.<br \/>\nT\u00e9l\u00e9commande Vocale : Inclut une t\u00e9l\u00e9commande avec fonction de recherche vocale et raccourcis pour une navigation simplifi\u00e9e.<\/p>\n","protected":false},"excerpt":{"rendered":"<p>Le X88 PRO ANDROID 14 est une box TV Android de nouvelle g\u00e9n\u00e9ration con\u00e7ue pour transformer n&rsquo;importe quel t\u00e9l\u00e9viseur en Smart TV performante.<\/p>\n","protected":false},"featured_media":3368,"template":"","meta":[],"product_brand":[],"product_cat":[710],"product_tag":[1524,1532,1627,1525,1533,1611,1605,95,1523,1628,1616,1596,1626,1623,122,123,1341,1292,1529,1614,1625,1622,1608,1618,1526,1607,1610,1287,1613,560,1528,1620,1595,1527,1289,1288,1909,1290,1604,1291,1522,1531,1629,1615,1536,1617,1621,1537,1624,1597,1534,1538,1530,1606,1600,1612,1535,1609,1619],"class_list":{"0":"post-3416","1":"product","2":"type-product","3":"status-publish","4":"has-post-thumbnail","6":"product_cat-android-tv","7":"product_tag-4-go-ram","8":"product_tag-4--","9":"product_tag-4k-android-tv","10":"product_tag-64-go-stockage","11":"product_tag-64--","12":"product_tag-adaptateur-tv-portable","13":"product_tag-affichage-sans-fil","14":"product_tag-android","15":"product_tag-android-14","16":"product_tag-android-tv-4k","17":"product_tag-android-tv-box","18":"product_tag-appareil-de-streaming","19":"product_tag-boitier-hdmi","20":"product_tag-boitier-iptv","21":"product_tag-box","22":"product_tag-box-android","23":"product_tag-box-android-tv","24":"product_tag-box-tv","25":"product_tag-decodeur-android","26":"product_tag-duplication-decran","27":"product_tag-hdmi-box","28":"product_tag-iptv-box","29":"product_tag-lecteur-multimedia","30":"product_tag-lecteur-multimedia-android","31":"product_tag-media-center","32":"product_tag-media-player","33":"product_tag-portable-tv-adapter","34":"product_tag-recepeteur-smart","35":"product_tag-screen-mirroring","36":"product_tag-smart","37":"product_tag-smart-tv","38":"product_tag-smart-tv-box","39":"product_tag-streaming-device","40":"product_tag-streaming-tv","41":"product_tag-telecommande","42":"product_tag-telecommande-vocale","43":"product_tag-tunisie","44":"product_tag-vocale","45":"product_tag-wireless-display","46":"product_tag-x88","47":"product_tag-x88-pro","48":"product_tag-1531","49":"product_tag----4k","50":"product_tag-1615","51":"product_tag-1536","52":"product_tag-1617","53":"product_tag-1621","54":"product_tag-1537","55":"product_tag--iptv","56":"product_tag-1597","57":"product_tag-1534","58":"product_tag-1538","59":"product_tag-1530","60":"product_tag-1606","61":"product_tag--hdmi","62":"product_tag-1612","63":"product_tag-1535","64":"product_tag-1609","65":"product_tag-1619","67":"first","68":"onbackorder","69":"sale","70":"sold-individually","71":"taxable","72":"shipping-taxable","73":"purchasable","74":"product-type-simple"},"aioseo_notices":[],"_links":{"self":[{"href":"https:\/\/info-n.com\/tn\/wp-json\/wp\/v2\/product\/3416","targetHints":{"allow":["GET"]}}],"collection":[{"href":"https:\/\/info-n.com\/tn\/wp-json\/wp\/v2\/product"}],"about":[{"href":"https:\/\/info-n.com\/tn\/wp-json\/wp\/v2\/types\/product"}],"wp:featuredmedia":[{"embeddable":true,"href":"https:\/\/info-n.com\/tn\/wp-json\/wp\/v2\/media\/3368"}],"wp:attachment":[{"href":"https:\/\/info-n.com\/tn\/wp-json\/wp\/v2\/media?parent=3416"}],"wp:term":[{"taxonomy":"product_brand","embeddable":true,"href":"https:\/\/info-n.com\/tn\/wp-json\/wp\/v2\/product_brand?post=3416"},{"taxonomy":"product_cat","embeddable":true,"href":"https:\/\/info-n.com\/tn\/wp-json\/wp\/v2\/product_cat?post=3416"},{"taxonomy":"product_tag","embeddable":true,"href":"https:\/\/info-n.com\/tn\/wp-json\/wp\/v2\/product_tag?post=3416"}],"curies":[{"name":"wp","href":"https:\/\/api.w.org\/{rel}","templated":true}]}}