{"id":3421,"date":"2026-04-02T16:18:34","date_gmt":"2026-04-02T15:18:34","guid":{"rendered":"https:\/\/info-n.com\/tn\/?post_type=product&#038;p=3421"},"modified":"2026-04-18T13:15:23","modified_gmt":"2026-04-18T12:15:23","slug":"chargeur-revo-ra01-max-revolt-12w","status":"publish","type":"product","link":"https:\/\/info-n.com\/tn\/shop\/chargeur-revo-ra01-max-revolt-12w\/","title":{"rendered":"Chargeur REVO RA01 MAX REVOLT 12W"},"content":{"rendered":"<p>Chargeur REVO RA01 Max Revolt 12W USB-A &#8211; Puissance : 12W charge optimis\u00e9e &#8211; Design : Ultra-compact, polycarbonate haute r\u00e9sistance, 60g ultra-l\u00e9ger &#8211; S\u00e9curit\u00e9 : Tension universelle 110-240V, certifications CE\/RoHS\/FCC<\/p>\n","protected":false},"excerpt":{"rendered":"<p>Le REVO RA01 Max Revolt est un adaptateur secteur tunisien compact con\u00e7u pour la recharge quotidienne de vos appareils mobiles.<\/p>\n","protected":false},"featured_media":3366,"template":"","meta":[],"product_brand":[763],"product_cat":[705,297],"product_tag":[52,1449,1448,195,196,199,1450,1451,1447,767,1445,208,766,418,1795,1446,764,765,1909,1797,1453,1452,1455,1454,1458,1459,1796,1456,1457],"class_list":{"0":"post-3421","1":"product","2":"type-product","3":"status-publish","4":"has-post-thumbnail","6":"product_brand-revo","7":"product_cat-chargeur-telephone","8":"product_cat-promo","9":"product_tag-12w","10":"product_tag-accessoire-mobile","11":"product_tag-alimentation-electrique","12":"product_tag-charge","13":"product_tag-chargeur","14":"product_tag-chargeur-12w","15":"product_tag-chargeur-compact","16":"product_tag-chargeur-portable","17":"product_tag-chargeur-rapide","18":"product_tag-chargeur-rapide-secteur","19":"product_tag-chargeur-revo","20":"product_tag-chargeur-secteur","21":"product_tag-chargeur-usb","22":"product_tag-max","23":"product_tag-phone-charger","24":"product_tag-ra01-max","25":"product_tag-revo","26":"product_tag-revolt","27":"product_tag-tunisie","28":"product_tag-1797","29":"product_tag--12-","30":"product_tag--revo","31":"product_tag--usb","32":"product_tag-1454","33":"product_tag-1458","34":"product_tag-1459","35":"product_tag-1796","36":"product_tag-1456","37":"product_tag-1457","39":"first","40":"instock","41":"sale","42":"featured","43":"taxable","44":"shipping-taxable","45":"purchasable","46":"product-type-simple"},"aioseo_notices":[],"_links":{"self":[{"href":"https:\/\/info-n.com\/tn\/wp-json\/wp\/v2\/product\/3421","targetHints":{"allow":["GET"]}}],"collection":[{"href":"https:\/\/info-n.com\/tn\/wp-json\/wp\/v2\/product"}],"about":[{"href":"https:\/\/info-n.com\/tn\/wp-json\/wp\/v2\/types\/product"}],"wp:featuredmedia":[{"embeddable":true,"href":"https:\/\/info-n.com\/tn\/wp-json\/wp\/v2\/media\/3366"}],"wp:attachment":[{"href":"https:\/\/info-n.com\/tn\/wp-json\/wp\/v2\/media?parent=3421"}],"wp:term":[{"taxonomy":"product_brand","embeddable":true,"href":"https:\/\/info-n.com\/tn\/wp-json\/wp\/v2\/product_brand?post=3421"},{"taxonomy":"product_cat","embeddable":true,"href":"https:\/\/info-n.com\/tn\/wp-json\/wp\/v2\/product_cat?post=3421"},{"taxonomy":"product_tag","embeddable":true,"href":"https:\/\/info-n.com\/tn\/wp-json\/wp\/v2\/product_tag?post=3421"}],"curies":[{"name":"wp","href":"https:\/\/api.w.org\/{rel}","templated":true}]}}