{"id":3422,"date":"2026-04-02T16:19:30","date_gmt":"2026-04-02T15:19:30","guid":{"rendered":"https:\/\/info-n.com\/tn\/?post_type=product&#038;p=3422"},"modified":"2026-04-18T13:15:25","modified_gmt":"2026-04-18T12:15:25","slug":"haut-parleur-bluetooth-okop-kp-833","status":"publish","type":"product","link":"https:\/\/info-n.com\/tn\/shop\/haut-parleur-bluetooth-okop-kp-833\/","title":{"rendered":"Haut Parleur Sans Fil Rechargeable OKOP KP-833 &#8211; Bleu"},"content":{"rendered":"<p>Haut Parleur Sans Fil Rechargeable OKOP KP-833<\/p>\n<p>Puissance de sortie 12W &#8211; Batterie rechargeable 1800 mAh &#8211; Bluetooth 5.4 &#8211; Lecteur carte TF (Micro SD), Port USB et Entr\u00e9e AUX (Jack 3.5mm) &#8211; Radio FM int\u00e9gr\u00e9e &#8211; Syst\u00e8me de lumi\u00e8res LED RGB &#8211; Mat\u00e9riau ABS haute qualit\u00e9 &#8211; Dimensions 110 x 110 x 206 mm &#8211; Sangle de transport<\/p>\n","protected":false},"excerpt":{"rendered":"<p>L&rsquo;OKOP KP-833 est une enceinte nomade de nouvelle g\u00e9n\u00e9ration alliant performance sonore et esth\u00e9tique lumineuse. Elle d\u00e9livre une puissance de 12W pour une exp\u00e9rience audio riche en basses.<\/p>\n","protected":false},"featured_media":3369,"template":"","meta":[],"product_brand":[728],"product_cat":[297,715],"product_tag":[1434,1430,1684,1582,1313,116,1540,1433,271,272,1435,1314,1302,1687,310,311,316,1299,317,320,1683,1669,1672,1677,1675,1695,1680,1429,1583,1690,1686,1694,1688,729,487,1542,520,545,1432,37,581,1315,582,1431,1909,1692,1541,1437,1442,1584,1440,1443,1693,1574,1511,1509,1691,1514,1689,1590,1441,1439,1685,1696,1436,1444,1438],"class_list":{"0":"post-3422","1":"product","2":"type-product","3":"status-publish","4":"has-post-thumbnail","6":"product_brand-okop","7":"product_cat-promo","8":"product_cat-haut-parleur-sans-fil","9":"product_tag-appareil-audio","10":"product_tag-audio-portable","11":"product_tag-audio-speaker","12":"product_tag-autonomie-longue-duree","13":"product_tag-baffle","14":"product_tag-bluetooth","15":"product_tag-bluetooth-speaker","16":"product_tag-connectivite-sans-fil","17":"product_tag-enceinte","18":"product_tag-enceinte-bluetooth","19":"product_tag-enceinte-bluetooth-portable","20":"product_tag-enceinte-rechargeable","21":"product_tag-enceinte-sans-fil","22":"product_tag-gaming-speaker","23":"product_tag-haut-parleur","24":"product_tag-haut-parleur-bluetooth","25":"product_tag-haut-parleur-portable","26":"product_tag-haut-parleur-rechargable","27":"product_tag-haut-parleur-rechargeable","28":"product_tag-haut-parleur-sans-fil","29":"product_tag-haut-parleur-audio","30":"product_tag-haut-parleur-bureau","31":"product_tag-haut-parleur-gaming","32":"product_tag-haut-parleur-multimedia","33":"product_tag-haut-parleur-musique","34":"product_tag-haut-parleur-reduction-de-bruit","35":"product_tag-haut-parleur-usb","36":"product_tag-kp-833","37":"product_tag-long-battery-life","38":"product_tag-multimedia-speaker","39":"product_tag-music-speaker","40":"product_tag-noise-cancelling-speaker","41":"product_tag-office-speaker","42":"product_tag-okop","43":"product_tag-portable","44":"product_tag-portable-speaker","45":"product_tag-rechargeable","46":"product_tag-sans-fil","47":"product_tag-son-nomade","48":"product_tag-speaker","49":"product_tag-speaker-bluetooth","50":"product_tag-speaker-rechargeable","51":"product_tag-speaker-sans-fil","52":"product_tag-technologie-bluetooth","53":"product_tag-tunisie","54":"product_tag-usb-speaker","55":"product_tag-wireless-speaker","56":"product_tag-1437","57":"product_tag-1442","58":"product_tag-1584","59":"product_tag-1440","60":"product_tag-1443","61":"product_tag--usb","62":"product_tag-1574","63":"product_tag-1511","64":"product_tag-1509","65":"product_tag-1691","66":"product_tag-1514","67":"product_tag-1689","68":"product_tag-1590","69":"product_tag-1441","70":"product_tag-1439","71":"product_tag-1685","72":"product_tag-1696","73":"product_tag-1436","74":"product_tag-1444","75":"product_tag-1438","77":"first","78":"instock","79":"sale","80":"featured","81":"taxable","82":"shipping-taxable","83":"purchasable","84":"product-type-simple"},"aioseo_notices":[],"_links":{"self":[{"href":"https:\/\/info-n.com\/tn\/wp-json\/wp\/v2\/product\/3422","targetHints":{"allow":["GET"]}}],"collection":[{"href":"https:\/\/info-n.com\/tn\/wp-json\/wp\/v2\/product"}],"about":[{"href":"https:\/\/info-n.com\/tn\/wp-json\/wp\/v2\/types\/product"}],"wp:featuredmedia":[{"embeddable":true,"href":"https:\/\/info-n.com\/tn\/wp-json\/wp\/v2\/media\/3369"}],"wp:attachment":[{"href":"https:\/\/info-n.com\/tn\/wp-json\/wp\/v2\/media?parent=3422"}],"wp:term":[{"taxonomy":"product_brand","embeddable":true,"href":"https:\/\/info-n.com\/tn\/wp-json\/wp\/v2\/product_brand?post=3422"},{"taxonomy":"product_cat","embeddable":true,"href":"https:\/\/info-n.com\/tn\/wp-json\/wp\/v2\/product_cat?post=3422"},{"taxonomy":"product_tag","embeddable":true,"href":"https:\/\/info-n.com\/tn\/wp-json\/wp\/v2\/product_tag?post=3422"}],"curies":[{"name":"wp","href":"https:\/\/api.w.org\/{rel}","templated":true}]}}