{"id":3477,"date":"2026-04-02T16:04:03","date_gmt":"2026-04-02T15:04:03","guid":{"rendered":"https:\/\/info-n.com\/tn\/?post_type=product&#038;p=3477"},"modified":"2026-04-12T17:58:49","modified_gmt":"2026-04-12T16:58:49","slug":"haut-parleur-bluetooth-ms-3630bt","status":"publish","type":"product","link":"https:\/\/info-n.com\/tn\/shop\/haut-parleur-bluetooth-ms-3630bt\/","title":{"rendered":"Haut Parleur Sans Fil Rechargeable  MS-3630BT"},"content":{"rendered":"<p>Haut Parleur Sans Fil Rechargeable MS-3630BT<\/p>\n<div class=\"Y3BBE\" data-sfc-cp=\"\" data-sfc-root=\"c\" data-sfc-cb=\"\" data-hveid=\"CAEIARAA\" data-processed=\"true\" data-complete=\"true\"><span data-subtree=\"aimfl\" data-processed=\"true\">Puissance 10W (2 x 5W) &#8211; Double haut-parleur de 4 pouces &#8211; Bluetooth \/ Port USB \/ Radio FM &#8211; R\u00e9tro\u00e9clairage RVB int\u00e9gr\u00e9 &#8211; Batterie rechargeable 1200 mAh &#8211; Fonction TWS (couplage st\u00e9r\u00e9o) &#8211; C\u00e2ble de charge Micro-USB inclus &#8211; Dimensions 385 x 164 x 160 mm &#8211; Poids 1,2 kg.<\/span><\/div>\n","protected":false},"excerpt":{"rendered":"<p>Haut-Parleur Sans Fil Rechargeable MS-3630BT est une enceinte portable compacte avec connexion Bluetooth, lecture MP3 via USB\/SD, batterie rechargeable int\u00e9gr\u00e9e et design pratique pour une \u00e9coute sans fil partout.<\/p>\n","protected":false},"featured_media":3478,"template":"","meta":[],"product_brand":[],"product_cat":[715],"product_tag":[49,1684,1582,1313,116,1540,271,272,1314,1302,1687,310,311,316,317,320,1517,1683,1300,1669,1672,1677,1675,1695,1680,1583,452,1317,1301,1690,1686,1694,1688,1542,545,37,581,1315,582,1909,1692,1541,1584,1510,1521,1693,1574,1511,1509,1691,1514,1689,1590,1520,1441,1518,1685,1696,1436,1438,1519],"class_list":{"0":"post-3477","1":"product","2":"type-product","3":"status-publish","4":"has-post-thumbnail","6":"product_cat-haut-parleur-sans-fil","7":"product_tag-10w","8":"product_tag-audio-speaker","9":"product_tag-autonomie-longue-duree","10":"product_tag-baffle","11":"product_tag-bluetooth","12":"product_tag-bluetooth-speaker","13":"product_tag-enceinte","14":"product_tag-enceinte-bluetooth","15":"product_tag-enceinte-rechargeable","16":"product_tag-enceinte-sans-fil","17":"product_tag-gaming-speaker","18":"product_tag-haut-parleur","19":"product_tag-haut-parleur-bluetooth","20":"product_tag-haut-parleur-portable","21":"product_tag-haut-parleur-rechargeable","22":"product_tag-haut-parleur-sans-fil","23":"product_tag-haut-parleur-sans-fil-rechargeable-ms-3630bt-bluetooth-mp3","24":"product_tag-haut-parleur-audio","25":"product_tag-haut-parleur-bluetooth-ms-3630bt","26":"product_tag-haut-parleur-bureau","27":"product_tag-haut-parleur-gaming","28":"product_tag-haut-parleur-multimedia","29":"product_tag-haut-parleur-musique","30":"product_tag-haut-parleur-reduction-de-bruit","31":"product_tag-haut-parleur-usb","32":"product_tag-long-battery-life","33":"product_tag-mp3","34":"product_tag-ms-3630","35":"product_tag-ms-3630bt","36":"product_tag-multimedia-speaker","37":"product_tag-music-speaker","38":"product_tag-noise-cancelling-speaker","39":"product_tag-office-speaker","40":"product_tag-portable-speaker","41":"product_tag-sans-fil","42":"product_tag-speaker","43":"product_tag-speaker-bluetooth","44":"product_tag-speaker-rechargeable","45":"product_tag-speaker-sans-fil","46":"product_tag-tunisie","47":"product_tag-usb-speaker","48":"product_tag-wireless-speaker","49":"product_tag-1584","50":"product_tag-1510","51":"product_tag-1521","52":"product_tag--usb","53":"product_tag-1574","54":"product_tag-1511","55":"product_tag-1509","56":"product_tag-1691","57":"product_tag-1514","58":"product_tag-1689","59":"product_tag-1590","60":"product_tag-1520","61":"product_tag-1441","62":"product_tag-1518","63":"product_tag-1685","64":"product_tag-1696","65":"product_tag-1436","66":"product_tag-1438","67":"product_tag-1519","69":"first","70":"onbackorder","71":"sale","72":"sold-individually","73":"taxable","74":"shipping-taxable","75":"purchasable","76":"product-type-simple"},"aioseo_notices":[],"_links":{"self":[{"href":"https:\/\/info-n.com\/tn\/wp-json\/wp\/v2\/product\/3477","targetHints":{"allow":["GET"]}}],"collection":[{"href":"https:\/\/info-n.com\/tn\/wp-json\/wp\/v2\/product"}],"about":[{"href":"https:\/\/info-n.com\/tn\/wp-json\/wp\/v2\/types\/product"}],"wp:featuredmedia":[{"embeddable":true,"href":"https:\/\/info-n.com\/tn\/wp-json\/wp\/v2\/media\/3478"}],"wp:attachment":[{"href":"https:\/\/info-n.com\/tn\/wp-json\/wp\/v2\/media?parent=3477"}],"wp:term":[{"taxonomy":"product_brand","embeddable":true,"href":"https:\/\/info-n.com\/tn\/wp-json\/wp\/v2\/product_brand?post=3477"},{"taxonomy":"product_cat","embeddable":true,"href":"https:\/\/info-n.com\/tn\/wp-json\/wp\/v2\/product_cat?post=3477"},{"taxonomy":"product_tag","embeddable":true,"href":"https:\/\/info-n.com\/tn\/wp-json\/wp\/v2\/product_tag?post=3477"}],"curies":[{"name":"wp","href":"https:\/\/api.w.org\/{rel}","templated":true}]}}