{"id":3496,"date":"2026-04-02T11:32:28","date_gmt":"2026-04-02T10:32:28","guid":{"rendered":"https:\/\/info-n.com\/tn\/?post_type=product&#038;p=3496"},"modified":"2026-04-12T17:58:50","modified_gmt":"2026-04-12T16:58:50","slug":"haut-parleur-sans-fil-rechargeable-sing-e-zqs-12109-bluetooth-mp3","status":"publish","type":"product","link":"https:\/\/info-n.com\/tn\/shop\/haut-parleur-sans-fil-rechargeable-sing-e-zqs-12109-bluetooth-mp3\/","title":{"rendered":"Haut Parleur Sans Fil Rechargeable SING-E ZQS-12109"},"content":{"rendered":"<p>Haut Parleur Sans Fil Rechargeable SING-E ZQS-12109<\/p>\n<p>Puissance de sortie 30 Watts RMS &#8211; Woofer de 12 pouces &#8211; Batterie int\u00e9gr\u00e9e 4500 mAh (autonomie 3-4h) &#8211; Bluetooth 5.0 (port\u00e9e 10m) &#8211; Micro filaire inclus avec entr\u00e9e d\u00e9di\u00e9e &#8211; Lecteur USB et Carte Micro SD (TF) &#8211; \u00c9clairage LED RGB circulaire &#8211; Design Trolley avec poign\u00e9e de transport &#8211; Fonction TWS (couplage st\u00e9r\u00e9o) &#8211; Entr\u00e9e AUX Jack 3.5mm &#8211; T\u00e9l\u00e9commande incluse &#8211; Garantie 6 mois.<\/p>\n","protected":false},"excerpt":{"rendered":"<p>Enceinte Bluetooth nomade et rechargeable, le SING-E ZQS-12109 lit vos fichiers MP3 et la radio. Un appareil compact et autonome, id\u00e9al pour diffuser de la musique partout avec style.<\/p>\n","protected":false},"featured_media":3511,"template":"","meta":[],"product_brand":[555],"product_cat":[715],"product_tag":[1684,1582,1313,116,1540,271,272,1314,1302,1687,310,311,316,317,320,1683,1669,1672,1677,1675,1695,1680,1583,1690,1686,1694,1688,1542,545,556,37,581,1315,582,1909,1692,1541,688,1316,1584,1693,1574,1511,1509,1691,1514,1689,1590,1685,1696],"class_list":{"0":"post-3496","1":"product","2":"type-product","3":"status-publish","4":"has-post-thumbnail","6":"product_brand-sing-e","7":"product_cat-haut-parleur-sans-fil","8":"product_tag-audio-speaker","9":"product_tag-autonomie-longue-duree","10":"product_tag-baffle","11":"product_tag-bluetooth","12":"product_tag-bluetooth-speaker","13":"product_tag-enceinte","14":"product_tag-enceinte-bluetooth","15":"product_tag-enceinte-rechargeable","16":"product_tag-enceinte-sans-fil","17":"product_tag-gaming-speaker","18":"product_tag-haut-parleur","19":"product_tag-haut-parleur-bluetooth","20":"product_tag-haut-parleur-portable","21":"product_tag-haut-parleur-rechargeable","22":"product_tag-haut-parleur-sans-fil","23":"product_tag-haut-parleur-audio","24":"product_tag-haut-parleur-bureau","25":"product_tag-haut-parleur-gaming","26":"product_tag-haut-parleur-multimedia","27":"product_tag-haut-parleur-musique","28":"product_tag-haut-parleur-reduction-de-bruit","29":"product_tag-haut-parleur-usb","30":"product_tag-long-battery-life","31":"product_tag-multimedia-speaker","32":"product_tag-music-speaker","33":"product_tag-noise-cancelling-speaker","34":"product_tag-office-speaker","35":"product_tag-portable-speaker","36":"product_tag-sans-fil","37":"product_tag-sing-e","38":"product_tag-speaker","39":"product_tag-speaker-bluetooth","40":"product_tag-speaker-rechargeable","41":"product_tag-speaker-sans-fil","42":"product_tag-tunisie","43":"product_tag-usb-speaker","44":"product_tag-wireless-speaker","45":"product_tag-zqs","46":"product_tag-zqs-12109","47":"product_tag-1584","48":"product_tag--usb","49":"product_tag-1574","50":"product_tag-1511","51":"product_tag-1509","52":"product_tag-1691","53":"product_tag-1514","54":"product_tag-1689","55":"product_tag-1590","56":"product_tag-1685","57":"product_tag-1696","59":"first","60":"onbackorder","61":"sale","62":"sold-individually","63":"taxable","64":"shipping-taxable","65":"purchasable","66":"product-type-simple"},"aioseo_notices":[],"_links":{"self":[{"href":"https:\/\/info-n.com\/tn\/wp-json\/wp\/v2\/product\/3496","targetHints":{"allow":["GET"]}}],"collection":[{"href":"https:\/\/info-n.com\/tn\/wp-json\/wp\/v2\/product"}],"about":[{"href":"https:\/\/info-n.com\/tn\/wp-json\/wp\/v2\/types\/product"}],"wp:featuredmedia":[{"embeddable":true,"href":"https:\/\/info-n.com\/tn\/wp-json\/wp\/v2\/media\/3511"}],"wp:attachment":[{"href":"https:\/\/info-n.com\/tn\/wp-json\/wp\/v2\/media?parent=3496"}],"wp:term":[{"taxonomy":"product_brand","embeddable":true,"href":"https:\/\/info-n.com\/tn\/wp-json\/wp\/v2\/product_brand?post=3496"},{"taxonomy":"product_cat","embeddable":true,"href":"https:\/\/info-n.com\/tn\/wp-json\/wp\/v2\/product_cat?post=3496"},{"taxonomy":"product_tag","embeddable":true,"href":"https:\/\/info-n.com\/tn\/wp-json\/wp\/v2\/product_tag?post=3496"}],"curies":[{"name":"wp","href":"https:\/\/api.w.org\/{rel}","templated":true}]}}