{"id":3517,"date":"2026-04-02T11:36:42","date_gmt":"2026-04-02T10:36:42","guid":{"rendered":"https:\/\/info-n.com\/tn\/?post_type=product&#038;p=3517"},"modified":"2026-04-12T17:58:50","modified_gmt":"2026-04-12T16:58:50","slug":"haut-parleur-sans-fil-rechargeable-sing-e-zqs-8166w-bluetooth-mp3","status":"publish","type":"product","link":"https:\/\/info-n.com\/tn\/shop\/haut-parleur-sans-fil-rechargeable-sing-e-zqs-8166w-bluetooth-mp3\/","title":{"rendered":"Haut Parleur Sans Fil Rechargeable SING-E ZQS-8166W"},"content":{"rendered":"<p>Haut Parleur Sans Fil Rechargeable SING-E ZQS-8166W<\/p>\n<p>Puissance de sortie 20W &#8211; Woofer de 8 pouces optimis\u00e9 pour les basses &#8211; Batterie rechargeable 3000 mAh &#8211; Bluetooth 5.0 &#8211; Microphone inclus (Mode Karaok\u00e9) &#8211; Effets de lumi\u00e8re RGB synchronis\u00e9s &#8211; Lecteur USB et Carte Micro SD (TF) &#8211; Radio FM int\u00e9gr\u00e9e &#8211; Entr\u00e9e Auxiliaire Jack 3.5mm &#8211; Fonction TWS (couplage st\u00e9r\u00e9o) &#8211; Recharge via port Type-C &#8211; T\u00e9l\u00e9commande incluse.<\/p>\n","protected":false},"excerpt":{"rendered":"<p>Le Haut-Parleur Sans Fil Rechargeable SING-E ZQS-8166W \u2013 Bluetooth MP3 est une enceinte portable \u00e9quip\u00e9e de la technologie Bluetooth, d\u2019une batterie rechargeable int\u00e9gr\u00e9e et de la lecture MP3 via USB\/SD.<\/p>\n","protected":false},"featured_media":3508,"template":"","meta":[],"product_brand":[555],"product_cat":[715],"product_tag":[1684,1582,1313,116,1540,271,272,1314,1302,1687,310,311,316,317,320,1683,1669,1672,1677,1675,1695,1680,1583,1690,1686,1694,1688,1542,545,37,581,1315,582,1909,1692,1541,1584,1693,1574,1511,1509,1691,1514,1689,1590,1685,1696],"class_list":{"0":"post-3517","1":"product","2":"type-product","3":"status-publish","4":"has-post-thumbnail","6":"product_brand-sing-e","7":"product_cat-haut-parleur-sans-fil","8":"product_tag-audio-speaker","9":"product_tag-autonomie-longue-duree","10":"product_tag-baffle","11":"product_tag-bluetooth","12":"product_tag-bluetooth-speaker","13":"product_tag-enceinte","14":"product_tag-enceinte-bluetooth","15":"product_tag-enceinte-rechargeable","16":"product_tag-enceinte-sans-fil","17":"product_tag-gaming-speaker","18":"product_tag-haut-parleur","19":"product_tag-haut-parleur-bluetooth","20":"product_tag-haut-parleur-portable","21":"product_tag-haut-parleur-rechargeable","22":"product_tag-haut-parleur-sans-fil","23":"product_tag-haut-parleur-audio","24":"product_tag-haut-parleur-bureau","25":"product_tag-haut-parleur-gaming","26":"product_tag-haut-parleur-multimedia","27":"product_tag-haut-parleur-musique","28":"product_tag-haut-parleur-reduction-de-bruit","29":"product_tag-haut-parleur-usb","30":"product_tag-long-battery-life","31":"product_tag-multimedia-speaker","32":"product_tag-music-speaker","33":"product_tag-noise-cancelling-speaker","34":"product_tag-office-speaker","35":"product_tag-portable-speaker","36":"product_tag-sans-fil","37":"product_tag-speaker","38":"product_tag-speaker-bluetooth","39":"product_tag-speaker-rechargeable","40":"product_tag-speaker-sans-fil","41":"product_tag-tunisie","42":"product_tag-usb-speaker","43":"product_tag-wireless-speaker","44":"product_tag-1584","45":"product_tag--usb","46":"product_tag-1574","47":"product_tag-1511","48":"product_tag-1509","49":"product_tag-1691","50":"product_tag-1514","51":"product_tag-1689","52":"product_tag-1590","53":"product_tag-1685","54":"product_tag-1696","56":"first","57":"onbackorder","58":"sale","59":"sold-individually","60":"taxable","61":"shipping-taxable","62":"purchasable","63":"product-type-simple"},"aioseo_notices":[],"_links":{"self":[{"href":"https:\/\/info-n.com\/tn\/wp-json\/wp\/v2\/product\/3517","targetHints":{"allow":["GET"]}}],"collection":[{"href":"https:\/\/info-n.com\/tn\/wp-json\/wp\/v2\/product"}],"about":[{"href":"https:\/\/info-n.com\/tn\/wp-json\/wp\/v2\/types\/product"}],"wp:featuredmedia":[{"embeddable":true,"href":"https:\/\/info-n.com\/tn\/wp-json\/wp\/v2\/media\/3508"}],"wp:attachment":[{"href":"https:\/\/info-n.com\/tn\/wp-json\/wp\/v2\/media?parent=3517"}],"wp:term":[{"taxonomy":"product_brand","embeddable":true,"href":"https:\/\/info-n.com\/tn\/wp-json\/wp\/v2\/product_brand?post=3517"},{"taxonomy":"product_cat","embeddable":true,"href":"https:\/\/info-n.com\/tn\/wp-json\/wp\/v2\/product_cat?post=3517"},{"taxonomy":"product_tag","embeddable":true,"href":"https:\/\/info-n.com\/tn\/wp-json\/wp\/v2\/product_tag?post=3517"}],"curies":[{"name":"wp","href":"https:\/\/api.w.org\/{rel}","templated":true}]}}