{"id":3522,"date":"2026-04-01T12:20:55","date_gmt":"2026-04-01T11:20:55","guid":{"rendered":"https:\/\/info-n.com\/tn\/?post_type=product&#038;p=3522"},"modified":"2026-04-15T18:15:12","modified_gmt":"2026-04-15T17:15:12","slug":"recepteur-samsat-hd-50-50-mini-new-avec-abonnement-iptv-24-mois-sharing-12-mois","status":"publish","type":"product","link":"https:\/\/info-n.com\/tn\/shop\/recepteur-samsat-hd-50-50-mini-new-avec-abonnement-iptv-24-mois-sharing-12-mois\/","title":{"rendered":"R\u00e9cepteur SAMSAT HD 50-50 MINI NEW avec abonnement IPTV 24 Mois &#038; Sharing 12 Mois"},"content":{"rendered":"<p>R\u00e9cepteur SAMSAT HD 50-50 MINI NEW avec abonnement IPTV 24 Mois &amp; Sharing 12 Mois<br \/>\n&#8211; R\u00e9solution : Full HD 1080p<br \/>\n&#8211; Connecteurs : HDMI, USB<br \/>\n&#8211; Garantie : 1 an<br \/>\n&#8211; Abonnoments<br \/>\nIPTV : 12 Mois Prince + 12 Mois Zodiac<br \/>\nSharing : 12 Mois Funcam<\/p>\n","protected":false},"excerpt":{"rendered":"<p>Le r\u00e9cepteur SAMSAT 5050 HD Mini New est un r\u00e9cepteur satellite ultra-compact offre une qualit\u00e9 d&rsquo;image exceptionnelle et des fonctionnalit\u00e9s avanc\u00e9es..<\/p>\n","protected":false},"featured_media":3497,"template":"","meta":[],"product_brand":[1326],"product_cat":[1327],"product_tag":[1737,1743,1750,1337,1336,1745,1747,441,1756,1330,1753,1759,519,1749,1335,1333,1755,1332,1752,1758,1329,1734,1334,1740,1328,1331,1738,1735,1909,1741,1751,1748,1742,1744,1754,1746,1736,1760,1757,1739],"class_list":{"0":"post-3522","1":"product","2":"type-product","3":"status-publish","4":"has-post-thumbnail","6":"product_brand-samsat","7":"product_cat-recepteur","8":"product_tag-decodeur-satellite","9":"product_tag-digital-receiver","10":"product_tag-dvb-receiver","11":"product_tag-full-hd","12":"product_tag-hd","13":"product_tag-hd-receiver","14":"product_tag-iptv-receiver","15":"product_tag-mini","16":"product_tag-multimedia-receiver","17":"product_tag-new","18":"product_tag-parabola-receiver","19":"product_tag-portable-receiver","20":"product_tag-recepteur","21":"product_tag-recepteur-dvb","22":"product_tag-recepteur-hd","23":"product_tag-recepteur-iptv","24":"product_tag-recepteur-multimedia","25":"product_tag-recepteur-numerique","26":"product_tag-recepteur-parabole","27":"product_tag-recepteur-portable","28":"product_tag-recepteur-samsat","29":"product_tag-recepteur-satellite","30":"product_tag-recepteur-sharing","31":"product_tag-recepteur-tv","32":"product_tag-samsat","33":"product_tag-samsat-hd-50-50-mini-new","34":"product_tag-satellite-decoder","35":"product_tag-satellite-receiver","36":"product_tag-tunisie","37":"product_tag-tv-receiver","38":"product_tag---dvb","39":"product_tag---iptv","40":"product_tag-1742","41":"product_tag-1744","42":"product_tag-1754","43":"product_tag-1746","44":"product_tag-1736","45":"product_tag-1760","46":"product_tag-1757","47":"product_tag-1739","49":"first","50":"onbackorder","51":"sale","52":"sold-individually","53":"taxable","54":"shipping-taxable","55":"purchasable","56":"product-type-simple"},"aioseo_notices":[],"_links":{"self":[{"href":"https:\/\/info-n.com\/tn\/wp-json\/wp\/v2\/product\/3522","targetHints":{"allow":["GET"]}}],"collection":[{"href":"https:\/\/info-n.com\/tn\/wp-json\/wp\/v2\/product"}],"about":[{"href":"https:\/\/info-n.com\/tn\/wp-json\/wp\/v2\/types\/product"}],"wp:featuredmedia":[{"embeddable":true,"href":"https:\/\/info-n.com\/tn\/wp-json\/wp\/v2\/media\/3497"}],"wp:attachment":[{"href":"https:\/\/info-n.com\/tn\/wp-json\/wp\/v2\/media?parent=3522"}],"wp:term":[{"taxonomy":"product_brand","embeddable":true,"href":"https:\/\/info-n.com\/tn\/wp-json\/wp\/v2\/product_brand?post=3522"},{"taxonomy":"product_cat","embeddable":true,"href":"https:\/\/info-n.com\/tn\/wp-json\/wp\/v2\/product_cat?post=3522"},{"taxonomy":"product_tag","embeddable":true,"href":"https:\/\/info-n.com\/tn\/wp-json\/wp\/v2\/product_tag?post=3522"}],"curies":[{"name":"wp","href":"https:\/\/api.w.org\/{rel}","templated":true}]}}