{"id":3524,"date":"2026-04-02T12:32:31","date_gmt":"2026-04-02T11:32:31","guid":{"rendered":"https:\/\/info-n.com\/tn\/?post_type=product&#038;p=3524"},"modified":"2026-04-14T10:03:09","modified_gmt":"2026-04-14T09:03:09","slug":"box-android-tv-nova-8k-4go-32go-avec-abonnement-iptv-12-mois","status":"publish","type":"product","link":"https:\/\/info-n.com\/tn\/shop\/box-android-tv-nova-8k-4go-32go-avec-abonnement-iptv-12-mois\/","title":{"rendered":"Box Android TV Nova 8K 4Go\/32Go avec abonnement IPTV 12 mois"},"content":{"rendered":"<p>Box Android TV Nova 8K 4Go\/32Go avec abonnement IPTV 12 mois<br \/>\nSyst\u00e9me d&rsquo;exploitation: Android &#8211; R\u00e9solution: 8K Ultra HD &#8211; M\u00e9moire RAM: 4Go &#8211; M\u00e9moire Flash: 32 Go  &#8211; Chromecast, Google Assistant &#8211; 2 Commandes: Smart &#038; Standard &#8211; Connectivit\u00e9: Wi-Fi 6, Bluetooth 5.0 &#8211; Connecteurs: 2x USB, 1x HD, 1x AV, 1x LAN, 1x TF &#8211; Couleur: Noir &#8211; Garantie: 1 an<br \/>\nAbonnements IPTV<br \/>\n+ 12 Mois Alpha<br \/>\n+ 12 Mois Taalimiya<br \/>\n+ 12 Mois Diwen Sports<br \/>\n+ 12 Mois Shahed<br \/>\n+ 12 Mois Al Jazeera 360<\/p>\n","protected":false},"excerpt":{"rendered":"<p>Box Android TV Nova 8K 4Go\/32Go avec abonnement IPTV 12 mois<\/p>\n","protected":false},"featured_media":3498,"template":"","meta":[],"product_brand":[1338],"product_cat":[710],"product_tag":[1627,1611,1605,95,1628,1616,1596,1626,1623,122,123,1342,1341,1614,1625,349,1622,1608,1618,1607,1339,1610,1613,560,1343,1620,1595,1909,1340,1604,1629,1615,1617,1621,1624,1597,1606,1600,1612,1609,1619],"class_list":{"0":"post-3524","1":"product","2":"type-product","3":"status-publish","4":"has-post-thumbnail","6":"product_brand-nova","7":"product_cat-android-tv","8":"product_tag-4k-android-tv","9":"product_tag-adaptateur-tv-portable","10":"product_tag-affichage-sans-fil","11":"product_tag-android","12":"product_tag-android-tv-4k","13":"product_tag-android-tv-box","14":"product_tag-appareil-de-streaming","15":"product_tag-boitier-hdmi","16":"product_tag-boitier-iptv","17":"product_tag-box","18":"product_tag-box-android","19":"product_tag-box-android-iptv","20":"product_tag-box-android-tv","21":"product_tag-duplication-decran","22":"product_tag-hdmi-box","23":"product_tag-iptv","24":"product_tag-iptv-box","25":"product_tag-lecteur-multimedia","26":"product_tag-lecteur-multimedia-android","27":"product_tag-media-player","28":"product_tag-nova","29":"product_tag-portable-tv-adapter","30":"product_tag-screen-mirroring","31":"product_tag-smart","32":"product_tag-smart-box","33":"product_tag-smart-tv-box","34":"product_tag-streaming-device","35":"product_tag-tunisie","36":"product_tag-vega","37":"product_tag-wireless-display","38":"product_tag----4k","39":"product_tag-1615","40":"product_tag-1617","41":"product_tag-1621","42":"product_tag--iptv","43":"product_tag-1597","44":"product_tag-1606","45":"product_tag--hdmi","46":"product_tag-1612","47":"product_tag-1609","48":"product_tag-1619","50":"first","51":"onbackorder","52":"sale","53":"sold-individually","54":"taxable","55":"shipping-taxable","56":"purchasable","57":"product-type-simple"},"aioseo_notices":[],"_links":{"self":[{"href":"https:\/\/info-n.com\/tn\/wp-json\/wp\/v2\/product\/3524","targetHints":{"allow":["GET"]}}],"collection":[{"href":"https:\/\/info-n.com\/tn\/wp-json\/wp\/v2\/product"}],"about":[{"href":"https:\/\/info-n.com\/tn\/wp-json\/wp\/v2\/types\/product"}],"wp:featuredmedia":[{"embeddable":true,"href":"https:\/\/info-n.com\/tn\/wp-json\/wp\/v2\/media\/3498"}],"wp:attachment":[{"href":"https:\/\/info-n.com\/tn\/wp-json\/wp\/v2\/media?parent=3524"}],"wp:term":[{"taxonomy":"product_brand","embeddable":true,"href":"https:\/\/info-n.com\/tn\/wp-json\/wp\/v2\/product_brand?post=3524"},{"taxonomy":"product_cat","embeddable":true,"href":"https:\/\/info-n.com\/tn\/wp-json\/wp\/v2\/product_cat?post=3524"},{"taxonomy":"product_tag","embeddable":true,"href":"https:\/\/info-n.com\/tn\/wp-json\/wp\/v2\/product_tag?post=3524"}],"curies":[{"name":"wp","href":"https:\/\/api.w.org\/{rel}","templated":true}]}}