{"id":3525,"date":"2026-04-02T12:42:32","date_gmt":"2026-04-02T11:42:32","guid":{"rendered":"https:\/\/info-n.com\/tn\/?post_type=product&#038;p=3525"},"modified":"2026-04-15T18:13:51","modified_gmt":"2026-04-15T17:13:51","slug":"radio-meier-m-1939bt-rechargeable-bluetooth-mp3","status":"publish","type":"product","link":"https:\/\/info-n.com\/tn\/shop\/radio-meier-m-1939bt-rechargeable-bluetooth-mp3\/","title":{"rendered":"Radio MEIER M-1939BT Rechargeable &#8211; Bluetooth MP3"},"content":{"rendered":"<p>Radio MEIER M-1939BT Rechargeable &#8211; Bluetooth MP3 &#8211; Design : R\u00e9tro imitation bois &#8211; Bandes : FM\/AM\/SW &#8211; Connectivit\u00e9 : Bluetooth &#8211; Lecteur : USB et Carte TF\/SD (MP3) &#8211; Mat\u00e9riaux : Alliage de zinc et ABS &#8211; Transport : Poign\u00e9e int\u00e9gr\u00e9e &#8211; Dimensions : 170 x 105 x 90 mm<\/p>\n","protected":false},"excerpt":{"rendered":"<p>La radio MEIER M-1939BT est un appareil portable au design r\u00e9tro\/vintage combinant des fonctions classiques et modernes. Elle est particuli\u00e8rement appr\u00e9ci\u00e9e pour son esth\u00e9tique \u00ab\u00a0imitation bois\u00a0\u00bb avec des accents dor\u00e9s.<\/p>\n","protected":false},"featured_media":3509,"template":"","meta":[],"product_brand":[419],"product_cat":[722],"product_tag":[1726,1582,1718,1583,1346,1345,420,1344,1721,1729,1720,504,1725,505,507,1731,510,1728,762,511,513,514,520,1716,1732,1909,1723,1584,1722,1719,1733,1727,1717,1724,1549,1730],"class_list":{"0":"post-3525","1":"product","2":"type-product","3":"status-publish","4":"has-post-thumbnail","6":"product_brand-meier","7":"product_cat-radio","8":"product_tag-audio-radio","9":"product_tag-autonomie-longue-duree","10":"product_tag-bluetooth-radio","11":"product_tag-long-battery-life","12":"product_tag-m-1939","13":"product_tag-m-1939bt","14":"product_tag-meier","15":"product_tag-meier-m-1939bt","16":"product_tag-mp3-radio","17":"product_tag-music-radio","18":"product_tag-portable-radio","19":"product_tag-radio","20":"product_tag-radio-audio","21":"product_tag-radio-bluetooth","22":"product_tag-radio-carte-memoire","23":"product_tag-radio-haut-parleur","24":"product_tag-radio-mp3","25":"product_tag-radio-musique","26":"product_tag-radio-portable","27":"product_tag-radio-rechargeable","28":"product_tag-radio-sans-fil","29":"product_tag-radio-usb","30":"product_tag-rechargeable","31":"product_tag-rechargeable-radio","32":"product_tag-speaker-radio","33":"product_tag-tunisie","34":"product_tag-wireless-radio","35":"product_tag-1584","36":"product_tag-1722","37":"product_tag-1719","38":"product_tag-1733","39":"product_tag-1727","40":"product_tag-1717","41":"product_tag-1724","42":"product_tag-1549","43":"product_tag-1730","45":"first","46":"onbackorder","47":"sold-individually","48":"taxable","49":"shipping-taxable","50":"purchasable","51":"product-type-simple"},"aioseo_notices":[],"_links":{"self":[{"href":"https:\/\/info-n.com\/tn\/wp-json\/wp\/v2\/product\/3525","targetHints":{"allow":["GET"]}}],"collection":[{"href":"https:\/\/info-n.com\/tn\/wp-json\/wp\/v2\/product"}],"about":[{"href":"https:\/\/info-n.com\/tn\/wp-json\/wp\/v2\/types\/product"}],"wp:featuredmedia":[{"embeddable":true,"href":"https:\/\/info-n.com\/tn\/wp-json\/wp\/v2\/media\/3509"}],"wp:attachment":[{"href":"https:\/\/info-n.com\/tn\/wp-json\/wp\/v2\/media?parent=3525"}],"wp:term":[{"taxonomy":"product_brand","embeddable":true,"href":"https:\/\/info-n.com\/tn\/wp-json\/wp\/v2\/product_brand?post=3525"},{"taxonomy":"product_cat","embeddable":true,"href":"https:\/\/info-n.com\/tn\/wp-json\/wp\/v2\/product_cat?post=3525"},{"taxonomy":"product_tag","embeddable":true,"href":"https:\/\/info-n.com\/tn\/wp-json\/wp\/v2\/product_tag?post=3525"}],"curies":[{"name":"wp","href":"https:\/\/api.w.org\/{rel}","templated":true}]}}